{"id":713190,"date":"2025-08-27T17:04:57","date_gmt":"2025-08-27T14:04:57","guid":{"rendered":"https:\/\/roveyayinevi.com.tr\/index.php\/urun\/vatanini-seven-tiklasin-sanal-cemaatte-ulusun-tahayyulu\/"},"modified":"2026-04-16T02:21:44","modified_gmt":"2026-04-15T23:21:44","slug":"vatanini-seven-tiklasin-sanal-cemaatte-ulusun-tahayyulu","status":"publish","type":"product","link":"https:\/\/roveyayinevi.com.tr\/index.php\/urun\/vatanini-seven-tiklasin-sanal-cemaatte-ulusun-tahayyulu\/","title":{"rendered":"Vatan\u0131n\u0131 Seven T\u0131klas\u0131n &#8211; Sanal Cemaatte Ulusun Tahayy\u00fcl\u00fc"},"content":{"rendered":"<p>Ulus devletin hem kanun koyuculuk, hem ekonomik s\u00fcre\u00e7ler hem de k\u00fclt\u00fcrel in\u015faat sahas\u0131nda ya\u015fad\u0131\u011f\u0131 sars\u0131nt\u0131 ulus kimli\u011fini de etkilemektedir. K\u00fcreselli\u011fin ve yerelli\u011fin ayn\u0131 anda ya\u015fand\u0131\u011f\u0131, toplumun giderek cemaat\u00e7i kimliklere sar\u0131ld\u0131\u011f\u0131 ulus devlet krizinde ulus kimli\u011fin de cemaat\u00e7i bir yap\u0131ya d\u00f6n\u00fc\u015ferek kendisini var etmeye \u00e7al\u0131\u015ft\u0131\u011f\u0131 g\u00f6r\u00fclmektedir. *** Y\u0131\u011f\u0131nsal iletim ortam\u0131n\u0131n mesajlar\u0131 \u00fczerinden eski kimlikleri yeniden g\u00f6r\u00fcn\u00fcr hale gelen ve kendi kimlikleriyle ilgili i\u00e7erikleri takip etmeye ba\u015flayan farkl\u0131 k\u00fclt\u00fcr \u00e7evreleri yeni ara\u00e7la birlikte kendi k\u00fclt\u00fcrlerinin i\u00e7erik \u00fcreticileri olarak yeni bir rol sahibi olmu\u015ftur. Y\u0131\u011f\u0131nsal iletim ara\u00e7lar\u0131n\u0131n \u00e7e\u015fitlenmesinde oldu\u011fu gibi ve hatta daha zengin bir tarzda yerel, ulusal ve k\u00fcresel i\u00e7eriklerin \u0130nternet arac\u0131l\u0131\u011f\u0131yla d\u00fcnya \u00e7ap\u0131nda birbirine ba\u011flanmas\u0131, yaln\u0131z eski kimliklerin yeniden in\u015fas\u0131n\u0131 de\u011fil \u00f6nceden deneyimlenmemi\u015f toplumsal birliklere de kap\u0131 aralam\u0131\u015ft\u0131r. *** Farkl\u0131 aidiyet \u00e7evrelerinde bir araya gelen insanlar, kendi makbuliyetlerini kendileri tan\u0131mlayarak kurduklar\u0131 farkl\u0131 sanal cemaatlerde istedikleri kimlik tasar\u0131m\u0131n\u0131 in\u015fa etmenin hazz\u0131n\u0131 ya\u015famaktad\u0131r. Yeni ileti\u015fim ara\u00e7lar\u0131 \u00fczerinde y\u00fckselen k\u00fcreselle\u015fme, ulus devleti t\u0131pk\u0131 ekonomik ve siyasi y\u00f6nden esnemeye zorlad\u0131\u011f\u0131 gibi, ulus kimli\u011fi ve k\u00fclt\u00fcr\u00fc de de\u011fi\u015fime zorlamaktad\u0131r. Herkesin bir bi\u00e7imde cemaat kimliklerine sar\u0131lmaya \u00e7al\u0131\u015ft\u0131\u011f\u0131 ge\u00e7 modern d\u00f6nemde ulus kimli\u011fin de savunmac\u0131 bir tarzda yeniden in\u015fa edildi\u011fi g\u00f6r\u00fclmektedir. Mail gruplar\u0131, bloglar, ba\u011f\u0131ms\u0131z siteler veya sosyal payla\u015f\u0131m sitelerinin cemaat olu\u015fumuna izin veren uygulamalar\u0131 arac\u0131l\u0131\u011f\u0131yla kendilerini ulusalc\u0131 olarak tan\u0131mlayan insanlar\u0131n kurduklar\u0131 sanal cemaatlerin say\u0131s\u0131 artmaktad\u0131r. Bir kez hayal edilmi\u015f bir cemaatte tahayy\u00fcl\u00fcn rutin hale gelmesiyle uyumlu olarak s\u00f6z konusu sanal cemaatlerde ulus kimlik, ulus devlet, ulusal ba\u011fl\u0131l\u0131k, ulusal aidiyet gibi kategoriler yeniden hayal edilmektedir. <\/p>\n","protected":false},"excerpt":{"rendered":"<p>Ulus devletin hem kanun koyuculuk, hem ekonomik s\u00fcre\u00e7ler hem de k\u00fclt\u00fcrel in\u015faat sahas\u0131nda ya\u015fad\u0131\u011f\u0131 sars\u0131nt\u0131 ulus kimli\u011fini de etkilemektedir. K\u00fcreselli\u011fin ve yerelli\u011fin ayn\u0131 anda ya\u015fand\u0131\u011f\u0131, toplumun<span class=\"excerpt-hellip\"> [\u2026]<\/span><\/p>\n","protected":false},"featured_media":0,"template":"","meta":{"_monsterinsights_skip_tracking":false,"_monsterinsights_sitenote_active":false,"_monsterinsights_sitenote_note":"","_monsterinsights_sitenote_category":0},"product_brand":[],"product_cat":[18545,12291],"product_tag":[],"class_list":{"0":"post-713190","1":"product","2":"type-product","3":"status-publish","5":"product_cat-anlati","6":"product_cat-edebiyat","7":"pa_cilt-ciltsiz","8":"pa_tur-kitap","9":"pa_yayinevi-kalkedon-yayincilik","10":"pa_yazar-haldun-narmanlioglu","12":"first","13":"instock","14":"sale","15":"shipping-taxable","16":"purchasable","17":"product-type-simple"},"_links":{"self":[{"href":"https:\/\/roveyayinevi.com.tr\/index.php\/wp-json\/wp\/v2\/product\/713190","targetHints":{"allow":["GET"]}}],"collection":[{"href":"https:\/\/roveyayinevi.com.tr\/index.php\/wp-json\/wp\/v2\/product"}],"about":[{"href":"https:\/\/roveyayinevi.com.tr\/index.php\/wp-json\/wp\/v2\/types\/product"}],"wp:attachment":[{"href":"https:\/\/roveyayinevi.com.tr\/index.php\/wp-json\/wp\/v2\/media?parent=713190"}],"wp:term":[{"taxonomy":"product_brand","embeddable":true,"href":"https:\/\/roveyayinevi.com.tr\/index.php\/wp-json\/wp\/v2\/product_brand?post=713190"},{"taxonomy":"product_cat","embeddable":true,"href":"https:\/\/roveyayinevi.com.tr\/index.php\/wp-json\/wp\/v2\/product_cat?post=713190"},{"taxonomy":"product_tag","embeddable":true,"href":"https:\/\/roveyayinevi.com.tr\/index.php\/wp-json\/wp\/v2\/product_tag?post=713190"}],"curies":[{"name":"wp","href":"https:\/\/api.w.org\/{rel}","templated":true}]}}