{"id":713189,"date":"2025-08-27T17:04:56","date_gmt":"2025-08-27T14:04:56","guid":{"rendered":"https:\/\/roveyayinevi.com.tr\/index.php\/urun\/mavinin-isyani\/"},"modified":"2026-04-16T02:21:44","modified_gmt":"2026-04-15T23:21:44","slug":"mavinin-isyani","status":"publish","type":"product","link":"https:\/\/roveyayinevi.com.tr\/index.php\/urun\/mavinin-isyani\/","title":{"rendered":"Mavi\u2019nin \u0130syan\u0131"},"content":{"rendered":"<p>unuttu\u011fumu sand\u0131\u011f\u0131m ke\u015fkeler \u0131slan\u0131p \u0131slan\u0131p kuruyor y\u00fcre\u011fimde pe\u015f pe\u015fe biterken sigaralar\u0131m e\u015flik ediyor bana k\u0131r\u0131k kadehler sarho\u015f kafayla k\u0131r\u0131yorum eyl\u00fcl\u00fcn kalemini \u00e7\u0131kar\u0131p onu seneden on bir aya mahkum ediyorum hayat\u0131 <\/p>\n","protected":false},"excerpt":{"rendered":"<p>unuttu\u011fumu sand\u0131\u011f\u0131m ke\u015fkeler \u0131slan\u0131p \u0131slan\u0131p kuruyor y\u00fcre\u011fimde pe\u015f pe\u015fe biterken sigaralar\u0131m e\u015flik ediyor bana k\u0131r\u0131k kadehler sarho\u015f kafayla k\u0131r\u0131yorum eyl\u00fcl\u00fcn kalemini \u00e7\u0131kar\u0131p onu seneden on bir<span class=\"excerpt-hellip\"> [\u2026]<\/span><\/p>\n","protected":false},"featured_media":0,"template":"","meta":{"_monsterinsights_skip_tracking":false,"_monsterinsights_sitenote_active":false,"_monsterinsights_sitenote_note":"","_monsterinsights_sitenote_category":0},"product_brand":[],"product_cat":[12291,12509],"product_tag":[],"class_list":{"0":"post-713189","1":"product","2":"type-product","3":"status-publish","5":"product_cat-edebiyat","6":"product_cat-siir","7":"pa_cilt-ciltsiz","8":"pa_tur-kitap","9":"pa_yayinevi-ayata-kitap","10":"pa_yazar-mehmet-kocyigit","12":"first","13":"instock","14":"sale","15":"shipping-taxable","16":"purchasable","17":"product-type-simple"},"_links":{"self":[{"href":"https:\/\/roveyayinevi.com.tr\/index.php\/wp-json\/wp\/v2\/product\/713189","targetHints":{"allow":["GET"]}}],"collection":[{"href":"https:\/\/roveyayinevi.com.tr\/index.php\/wp-json\/wp\/v2\/product"}],"about":[{"href":"https:\/\/roveyayinevi.com.tr\/index.php\/wp-json\/wp\/v2\/types\/product"}],"wp:attachment":[{"href":"https:\/\/roveyayinevi.com.tr\/index.php\/wp-json\/wp\/v2\/media?parent=713189"}],"wp:term":[{"taxonomy":"product_brand","embeddable":true,"href":"https:\/\/roveyayinevi.com.tr\/index.php\/wp-json\/wp\/v2\/product_brand?post=713189"},{"taxonomy":"product_cat","embeddable":true,"href":"https:\/\/roveyayinevi.com.tr\/index.php\/wp-json\/wp\/v2\/product_cat?post=713189"},{"taxonomy":"product_tag","embeddable":true,"href":"https:\/\/roveyayinevi.com.tr\/index.php\/wp-json\/wp\/v2\/product_tag?post=713189"}],"curies":[{"name":"wp","href":"https:\/\/api.w.org\/{rel}","templated":true}]}}