{"id":713185,"date":"2025-08-27T17:04:55","date_gmt":"2025-08-27T14:04:55","guid":{"rendered":"https:\/\/roveyayinevi.com.tr\/index.php\/urun\/fasizm-uzerine-onlenebilir-yukselis\/"},"modified":"2026-04-16T02:21:44","modified_gmt":"2026-04-15T23:21:44","slug":"fasizm-uzerine-onlenebilir-yukselis","status":"publish","type":"product","link":"https:\/\/roveyayinevi.com.tr\/index.php\/urun\/fasizm-uzerine-onlenebilir-yukselis\/","title":{"rendered":"Fa\u015fizm \u00dczerine &#8211; \u00d6nlenebilir Y\u00fckseli\u015f"},"content":{"rendered":"<p>Kapitalizm,  sanc\u0131lar i\u00e7inde do\u011farken insanl\u0131\u011fa \u00fcmit ve iyimserlik esinlemi\u015fti. Kendisiyle birlikte refah\u0131n da y\u00fckselece\u011fini, insanl\u0131\u011fa bir ferahl\u0131k gelece\u011fini vaat etmi\u015fti. \u00d6nce kan ve irinle \u00e7evrilen \u00e7arklar\u0131yla g\u00f6sterdi ger\u00e7ek y\u00fcz\u00fcn\u00fc. Sonra makineli t\u00fcfek ve top mermileriyle. Vah\u015fi s\u00f6m\u00fcr\u00fc ko\u015fullar\u0131n\u0131  gaddar sava\u015flar izledi. Pe\u015finden krizler geldi; d\u00fcnya i\u015fsizlik, fakirlik ve salg\u0131n hastal\u0131klarla kavruldu. Nihayet fa\u015fizm boy verdi kapkara y\u00fcz\u00fcyle. Almanya, \u0130talya, Japonya, Portekiz ve \u0130spanya\u2019da fa\u015fist rejimler kuruldu. Fa\u015fist hareketler d\u00fcnyan\u0131n her yerinde u\u00e7 verdi. G\u00fcn\u00fcm\u00fcz d\u00fcnyas\u0131nda yeni bi\u00e7im ve e\u011filimleriyle kol gezen fa\u015fizm belas\u0131, i\u015f\u00e7i s\u0131n\u0131f\u0131 i\u00e7in hem kar\u015f\u0131 konulup alt edilmesi gereken bir hedef, hem de Marx\u2019\u0131n kuramlar\u0131yla analiz edilip yorumlanmas\u0131 gereken d\u00fcnya-tarihsel bir olguydu; bug\u00fcn de \u00f6yledir. Fa\u015fizm \u00fczerine haz\u0131rlanm\u0131\u015f bu derleme, bir yandan ge\u00e7mi\u015fe bir yandan bug\u00fcne bakabilen geni\u015f perspektifiyle, kuram ve olgu aras\u0131nda uygun bir denge kuran mimarisiyle ve fa\u015fizm \u00fczerine yaz\u0131lm\u0131\u015f en \u00f6nemli metinleri bir araya getiren \u00f6zenli se\u00e7icili\u011fiyle benzersizdir. Anson G. Rabinbach, Antonio Gramsci, August Thalheimer,  Bertolt Brecht, Daniel Gu\u00e9rin, Ernst Bloch, Georg Luk\u00e1cs,  Georgi Dimitrov, Clara Zetkin, Kurt Gossweiler, Kurt P\u00e4tzold, Michal Kalecki,  Palmiro Togliatti, Reinhard K\u00fchnl, Robert Erlinghagen ve Tim Mason\u2019\u0131n de\u011ferlendirmeleriyle&#8230; <\/p>\n","protected":false},"excerpt":{"rendered":"<p>Kapitalizm, sanc\u0131lar i\u00e7inde do\u011farken insanl\u0131\u011fa \u00fcmit ve iyimserlik esinlemi\u015fti. Kendisiyle birlikte refah\u0131n da y\u00fckselece\u011fini, insanl\u0131\u011fa bir ferahl\u0131k gelece\u011fini vaat etmi\u015fti. \u00d6nce kan ve irinle \u00e7evrilen \u00e7arklar\u0131yla<span class=\"excerpt-hellip\"> [\u2026]<\/span><\/p>\n","protected":false},"featured_media":0,"template":"","meta":{"_monsterinsights_skip_tracking":false,"_monsterinsights_sitenote_active":false,"_monsterinsights_sitenote_note":"","_monsterinsights_sitenote_category":0},"product_brand":[],"product_cat":[13590,12337],"product_tag":[],"class_list":{"0":"post-713185","1":"product","2":"type-product","3":"status-publish","5":"product_cat-arastirma-inceleme-politika-siyaset","6":"product_cat-politika-siyaset","7":"pa_cilt-ciltsiz","8":"pa_tur-kitap","9":"pa_yayinevi-yordam-kitap","10":"pa_yazar-margit-koves-shaswati-mazumdar","12":"first","13":"instock","14":"sale","15":"shipping-taxable","16":"purchasable","17":"product-type-simple"},"_links":{"self":[{"href":"https:\/\/roveyayinevi.com.tr\/index.php\/wp-json\/wp\/v2\/product\/713185","targetHints":{"allow":["GET"]}}],"collection":[{"href":"https:\/\/roveyayinevi.com.tr\/index.php\/wp-json\/wp\/v2\/product"}],"about":[{"href":"https:\/\/roveyayinevi.com.tr\/index.php\/wp-json\/wp\/v2\/types\/product"}],"wp:attachment":[{"href":"https:\/\/roveyayinevi.com.tr\/index.php\/wp-json\/wp\/v2\/media?parent=713185"}],"wp:term":[{"taxonomy":"product_brand","embeddable":true,"href":"https:\/\/roveyayinevi.com.tr\/index.php\/wp-json\/wp\/v2\/product_brand?post=713185"},{"taxonomy":"product_cat","embeddable":true,"href":"https:\/\/roveyayinevi.com.tr\/index.php\/wp-json\/wp\/v2\/product_cat?post=713185"},{"taxonomy":"product_tag","embeddable":true,"href":"https:\/\/roveyayinevi.com.tr\/index.php\/wp-json\/wp\/v2\/product_tag?post=713185"}],"curies":[{"name":"wp","href":"https:\/\/api.w.org\/{rel}","templated":true}]}}