{"id":713183,"date":"2025-08-27T17:04:54","date_gmt":"2025-08-27T14:04:54","guid":{"rendered":"https:\/\/roveyayinevi.com.tr\/index.php\/urun\/sosyalizmin-alfabesi-2\/"},"modified":"2026-04-16T02:21:44","modified_gmt":"2026-04-15T23:21:44","slug":"sosyalizmin-alfabesi-2","status":"publish","type":"product","link":"https:\/\/roveyayinevi.com.tr\/index.php\/urun\/sosyalizmin-alfabesi-2\/","title":{"rendered":"Sosyalizmin Alfabesi"},"content":{"rendered":"<p>Sosyalizmin Alfabesi, sosyalizmle yeni tan\u0131\u015fanlar, sosyalizme dair derli toplu bilgi edinmek isteyenler ve sosyalizm hakk\u0131ndaki bilgilerini tazeleme ihtiyac\u0131 duyanlar i\u00e7in temel bir ba\u015fvuru kayna\u011f\u0131d\u0131r. Sa\u011flam mant\u0131\u011f\u0131, g\u00fc\u00e7l\u00fc kan\u0131tlar\u0131 ve duru anlat\u0131m\u0131yla parlak ve zihin a\u00e7\u0131c\u0131 bir sosyalizme giri\u015f kitab\u0131d\u0131r. \u0130lk olarak 1953\u2019te ABD\u2019de yay\u0131nlanan bu de\u011ferli \u00e7al\u0131\u015fma, k\u0131sa s\u00fcrede sosyalist d\u00fc\u015f\u00fcncenin klasik metinleri aras\u0131na kat\u0131lm\u0131\u015f, d\u00fcnyan\u0131n pek \u00e7ok \u00fclkesinde oldu\u011fu gibi T\u00fcrkiye\u2019de de yar\u0131m y\u00fczy\u0131ld\u0131r en \u00e7ok okunan giri\u015f kitaplar\u0131ndan biri olagelmi\u015ftir. \u00c7\u0131karlar\u0131 gere\u011fi sosyalist olmas\u0131 gereken ama sosyalizm hakk\u0131ndaki iftiralar\u0131n ve ideolojik bombard\u0131man\u0131n etkisi alt\u0131nda kalarak sosyalizme uzak duran emek\u00e7ilerin \u00f6nyarg\u0131lar\u0131 g\u00f6z \u00f6n\u00fcnde bulundurularak yaz\u0131lm\u0131\u015f olmas\u0131, kitab\u0131n hitap alan\u0131n\u0131 hayli geni\u015fletmektedir. Yetkin Amerikal\u0131 sosyalist Leo Huberman\u2019a g\u00f6re, iyi veya k\u00f6t\u00fc olsun, kar\u015f\u0131s\u0131nda ya da u\u011frunda sava\u015f\u0131lacak bir \u015fey olsun, her \u015feyden \u00f6nce sosyalizmin ne oldu\u011funun anla\u015f\u0131lmas\u0131 gerekir. Kitab\u0131n amac\u0131, sosyalizmin anla\u015f\u0131lmas\u0131na yard\u0131mc\u0131 olmakt\u0131r. Kitab\u0131n ilk yar\u0131s\u0131, kapitalizmin sosyalist a\u00e7\u0131dan ekonomik \u00e7\u00f6z\u00fcmlenmesine ayr\u0131lm\u0131\u015ft\u0131r. \u0130kinci k\u0131sm\u0131nda ise sosyalist teori ele al\u0131nm\u0131\u015ft\u0131r. Sosyalizm \u00f6\u011fretisinin geli\u015fmesinde rol oynam\u0131\u015f olan en \u00f6nemli ve etkili iki isim Karl Marx ve Friedrich Engels oldu\u011fu i\u00e7in, Sosyalizmin Alfabesi onlar\u0131n anlay\u0131\u015f\u0131 \u00fczerine kurulmu\u015ftur. Sosyalizmin Alfabesi\u2019nin bu bas\u0131m\u0131, yazarlar\u0131n\u0131n yapt\u0131\u011f\u0131 son bas\u0131ma uygun olarak, Leo Huberman ve Paul Sweezy\u2019nin tamamlay\u0131c\u0131 yaz\u0131lar\u0131yla zenginle\u015ftirilmi\u015ftir. <\/p>\n","protected":false},"excerpt":{"rendered":"<p>Sosyalizmin Alfabesi, sosyalizmle yeni tan\u0131\u015fanlar, sosyalizme dair derli toplu bilgi edinmek isteyenler ve sosyalizm hakk\u0131ndaki bilgilerini tazeleme ihtiyac\u0131 duyanlar i\u00e7in temel bir ba\u015fvuru kayna\u011f\u0131d\u0131r. Sa\u011flam mant\u0131\u011f\u0131,<span class=\"excerpt-hellip\"> [\u2026]<\/span><\/p>\n","protected":false},"featured_media":0,"template":"","meta":{"_monsterinsights_skip_tracking":false,"_monsterinsights_sitenote_active":false,"_monsterinsights_sitenote_note":"","_monsterinsights_sitenote_category":0},"product_brand":[],"product_cat":[12337,16547],"product_tag":[],"class_list":{"0":"post-713183","1":"product","2":"type-product","3":"status-publish","5":"product_cat-politika-siyaset","6":"product_cat-sol-hareketler","7":"pa_cilt-ciltsiz","8":"pa_tur-kitap","9":"pa_yayinevi-yordam-kitap","10":"pa_yazar-leo-huberman-paul-sweezy","12":"first","13":"instock","14":"sale","15":"shipping-taxable","16":"purchasable","17":"product-type-simple"},"_links":{"self":[{"href":"https:\/\/roveyayinevi.com.tr\/index.php\/wp-json\/wp\/v2\/product\/713183","targetHints":{"allow":["GET"]}}],"collection":[{"href":"https:\/\/roveyayinevi.com.tr\/index.php\/wp-json\/wp\/v2\/product"}],"about":[{"href":"https:\/\/roveyayinevi.com.tr\/index.php\/wp-json\/wp\/v2\/types\/product"}],"wp:attachment":[{"href":"https:\/\/roveyayinevi.com.tr\/index.php\/wp-json\/wp\/v2\/media?parent=713183"}],"wp:term":[{"taxonomy":"product_brand","embeddable":true,"href":"https:\/\/roveyayinevi.com.tr\/index.php\/wp-json\/wp\/v2\/product_brand?post=713183"},{"taxonomy":"product_cat","embeddable":true,"href":"https:\/\/roveyayinevi.com.tr\/index.php\/wp-json\/wp\/v2\/product_cat?post=713183"},{"taxonomy":"product_tag","embeddable":true,"href":"https:\/\/roveyayinevi.com.tr\/index.php\/wp-json\/wp\/v2\/product_tag?post=713183"}],"curies":[{"name":"wp","href":"https:\/\/api.w.org\/{rel}","templated":true}]}}