{"id":713180,"date":"2025-08-27T17:04:52","date_gmt":"2025-08-27T14:04:52","guid":{"rendered":"https:\/\/roveyayinevi.com.tr\/index.php\/urun\/muhafazakarlik-ve-medeniyet\/"},"modified":"2026-04-16T02:21:44","modified_gmt":"2026-04-15T23:21:44","slug":"muhafazakarlik-ve-medeniyet","status":"publish","type":"product","link":"https:\/\/roveyayinevi.com.tr\/index.php\/urun\/muhafazakarlik-ve-medeniyet\/","title":{"rendered":"Muhafazakarl\u0131k ve Medeniyet"},"content":{"rendered":"<p>\u0130smail \u00d6zmel, altm\u0131\u015f y\u0131l\u0131n birikimiyle kaleme ald\u0131\u011f\u0131 bu eseriyle bizi d\u00fc\u015f\u00fcnmeye ve ho\u015fg\u00f6r\u00fcye davet ediyor. Avrupa medeniyeti kimin, bir k\u0131s\u0131m muhafazak\u00e2rlar ger\u00e7ek tarihe d\u00f6nmeyi ni\u00e7in istemiyor, \u00e7a\u011f\u0131n kazan\u0131mlar\u0131 bir k\u0131s\u0131m muhafazak\u00e2rlar\u0131 da ilgilendiriyor mu? Ve benzeri bir\u00e7ok hayati soruya \u00e7\u00f6z\u00fcmler ve teklifler sunuyor. \u00dclke meselelerine ele\u015ftirel bir bak\u0131\u015fla \u00e7a\u011fda\u015f de\u011ferlere,  \u00fclkemizi ve milletimizi ayakta tutan de\u011ferlere sahip \u00e7\u0131kmam\u0131z gerekti\u011fini anlat\u0131yor. Konular\u0131 ve meseleleri yerli yerine koyamamak, hayat\u0131, ahlak\u0131, dini, ilmi ve sanat\u0131 ayn\u0131 kefeye s\u0131k\u0131\u015ft\u0131rma gayretleri k\u00fclt\u00fcr hayat\u0131m\u0131zda bir duraklamay\u0131 hatta bir geri gidi\u015fi de beraberinde getiriyor. Bunun temelinde \u00e7a\u011f\u0131, insan\u0131 ve \u0130slam\u2019\u0131 kavrayamam\u0131\u015f bir mant\u0131\u011f\u0131n oldu\u011funu g\u00f6rmemek m\u00fcmk\u00fcn de\u011fildir. Kendisini muhafazak\u00e2r olarak adland\u0131ran bir\u00e7ok insan, ger\u00e7ekte korumam\u0131z gereken de\u011ferler \u00fczerine yo\u011funla\u015fmak yerine kulaktan dolma eksik bilgilerle b\u00fcy\u00fck iddialar\u0131n pe\u015fine d\u00fc\u015f\u00fcyor. Hatta y\u00f6neticilere y\u00f6n vermek gibi hi\u00e7 de g\u00f6revi olmayan sahalara el at\u0131yor.Bu eserde muhafazak\u00e2r d\u00fc\u015f\u00fcnce ve medeniyet konular\u0131nda bir\u00e7ok teredd\u00fcte son verecek bir dikkati ve belki de cevap aramaya vakit bulamad\u0131\u011f\u0131n\u0131z g\u00fcncel bir\u00e7ok sorunun cevab\u0131n\u0131 bulacaks\u0131n\u0131z. <\/p>\n","protected":false},"excerpt":{"rendered":"<p>\u0130smail \u00d6zmel, altm\u0131\u015f y\u0131l\u0131n birikimiyle kaleme ald\u0131\u011f\u0131 bu eseriyle bizi d\u00fc\u015f\u00fcnmeye ve ho\u015fg\u00f6r\u00fcye davet ediyor. Avrupa medeniyeti kimin, bir k\u0131s\u0131m muhafazak\u00e2rlar ger\u00e7ek tarihe d\u00f6nmeyi ni\u00e7in istemiyor,<span class=\"excerpt-hellip\"> [\u2026]<\/span><\/p>\n","protected":false},"featured_media":0,"template":"","meta":{"_monsterinsights_skip_tracking":false,"_monsterinsights_sitenote_active":false,"_monsterinsights_sitenote_note":"","_monsterinsights_sitenote_category":0},"product_brand":[],"product_cat":[13036,12718,12719],"product_tag":[],"class_list":{"0":"post-713180","1":"product","2":"type-product","3":"status-publish","5":"product_cat-arastirma-inceleme-islam","6":"product_cat-din","7":"product_cat-islam","8":"pa_cilt-ciltsiz","9":"pa_tur-kitap","10":"pa_yayinevi-yade-yayinlari","11":"pa_yazar-ismail-ozmel","13":"first","14":"instock","15":"sale","16":"shipping-taxable","17":"purchasable","18":"product-type-simple"},"_links":{"self":[{"href":"https:\/\/roveyayinevi.com.tr\/index.php\/wp-json\/wp\/v2\/product\/713180","targetHints":{"allow":["GET"]}}],"collection":[{"href":"https:\/\/roveyayinevi.com.tr\/index.php\/wp-json\/wp\/v2\/product"}],"about":[{"href":"https:\/\/roveyayinevi.com.tr\/index.php\/wp-json\/wp\/v2\/types\/product"}],"wp:attachment":[{"href":"https:\/\/roveyayinevi.com.tr\/index.php\/wp-json\/wp\/v2\/media?parent=713180"}],"wp:term":[{"taxonomy":"product_brand","embeddable":true,"href":"https:\/\/roveyayinevi.com.tr\/index.php\/wp-json\/wp\/v2\/product_brand?post=713180"},{"taxonomy":"product_cat","embeddable":true,"href":"https:\/\/roveyayinevi.com.tr\/index.php\/wp-json\/wp\/v2\/product_cat?post=713180"},{"taxonomy":"product_tag","embeddable":true,"href":"https:\/\/roveyayinevi.com.tr\/index.php\/wp-json\/wp\/v2\/product_tag?post=713180"}],"curies":[{"name":"wp","href":"https:\/\/api.w.org\/{rel}","templated":true}]}}