{"id":713174,"date":"2025-08-27T17:04:48","date_gmt":"2025-08-27T14:04:48","guid":{"rendered":"https:\/\/roveyayinevi.com.tr\/index.php\/urun\/varlik-ve-tapinak-eski-yunan-tapinaginin-kavramsal-insasi-uzerine-arkitektonik-bir-deneme\/"},"modified":"2026-04-16T02:21:43","modified_gmt":"2026-04-15T23:21:43","slug":"varlik-ve-tapinak-eski-yunan-tapinaginin-kavramsal-insasi-uzerine-arkitektonik-bir-deneme","status":"publish","type":"product","link":"https:\/\/roveyayinevi.com.tr\/index.php\/urun\/varlik-ve-tapinak-eski-yunan-tapinaginin-kavramsal-insasi-uzerine-arkitektonik-bir-deneme\/","title":{"rendered":"Varl\u0131k ve Tap\u0131nak &#8211; Eski Yunan Tap\u0131na\u011f\u0131n\u0131n Kavramsal \u0130n\u015fas\u0131 \u00dczerine Arkitektonik Bir Deneme"},"content":{"rendered":"<p>Arkeoloji ara\u015ft\u0131rmalar\u0131m esnas\u0131nda, inan\u0131l\u0131rl\u0131\u011f\u0131 sorgulanmayan, evrensel seviyede \u201cbilimsel\u201d g\u00f6z\u00fcken bir\u00e7ok \u201ckeskin ifadenin\u201d asl\u0131nda olduk\u00e7a sezgisel, romantik ve keyfi kan\u0131lara dayand\u0131\u011f\u0131n\u0131 g\u00f6zlemledim. Bat\u0131\u2019n\u0131n k\u00fclt\u00fcr tarihi ve arkeoloji disiplininde, \u00f6zellikle 19. y\u00fczy\u0131l ve 20. y\u00fczy\u0131l\u0131n ilk yar\u0131s\u0131nda, sanki bir \u201cyap\u0131n\u0131n\u201d \u00f6yle olmas\u0131n\u0131 istedi\u011fi i\u00e7in, belirgin anlat\u0131m \u015femalar\u0131n\u0131n hakikat kabul edildi\u011fini, bu epistemenin de terminolojisi modernize edilerek g\u00fcn\u00fcm\u00fcze de\u011fin d\u00f6ng\u00fcsel bir \u015fekilde tekrar edildi\u011fini \u201chissettim\u201d. Hissettim dememin nedeni bu kadar uzun zamand\u0131r tekrar edilen kavramlar\u0131n art\u0131k ak\u0131ldan ziyade bilin\u00e7d\u0131\u015f\u0131nda ald\u0131klar\u0131 konumlard\u0131r. Ben bu t\u00fcr sezgisel-keyfi anlat\u0131lara (ki alt katmanlar\u0131nda kosmos ad\u0131 verilmi\u015f d\u00fczenle ilgili s\u00fcrekli s\u00f6ylem \u00fcretiyor veya sorun \u00e7\u00f6z\u00fcyorlar) \u201cKlasik Paradigma\u201d diyorum. Klasik Paradigma, \u00f6zellikle M\u00d6 sekizinci y\u00fczy\u0131ldan itibaren g\u00f6r\u00fcn\u00fcrl\u00fck kazanm\u0131\u015f ve devaml\u0131 olarak geli\u015ftirilmi\u015f bir sosyo-k\u00fclt\u00fcrel forma dayan\u0131yor. Bu \u00e7al\u0131\u015fmada temelde klasik paradigma dedi\u011fim \u201c\u015fey\u201din varolu\u015f d\u00fczlemine, s\u00f6ylemlerine ve izlerine \u201cEski Yunan Dinsel Mimarisi\u201d \u00fczerinden dokunmak istedim. <\/p>\n","protected":false},"excerpt":{"rendered":"<p>Arkeoloji ara\u015ft\u0131rmalar\u0131m esnas\u0131nda, inan\u0131l\u0131rl\u0131\u011f\u0131 sorgulanmayan, evrensel seviyede \u201cbilimsel\u201d g\u00f6z\u00fcken bir\u00e7ok \u201ckeskin ifadenin\u201d asl\u0131nda olduk\u00e7a sezgisel, romantik ve keyfi kan\u0131lara dayand\u0131\u011f\u0131n\u0131 g\u00f6zlemledim. Bat\u0131\u2019n\u0131n k\u00fclt\u00fcr tarihi ve arkeoloji<span class=\"excerpt-hellip\"> [\u2026]<\/span><\/p>\n","protected":false},"featured_media":0,"template":"","meta":{"_monsterinsights_skip_tracking":false,"_monsterinsights_sitenote_active":false,"_monsterinsights_sitenote_note":"","_monsterinsights_sitenote_category":0},"product_brand":[],"product_cat":[52477,52478],"product_tag":[],"class_list":{"0":"post-713174","1":"product","2":"type-product","3":"status-publish","5":"product_cat-arastirma","6":"product_cat-arkeoloji","7":"pa_cilt-ciltsiz","8":"pa_tur-kitap","9":"pa_yayinevi-bilgin-kultur-sanat","10":"pa_yazar-r-eser-kortanoglu","12":"first","13":"instock","14":"sale","15":"shipping-taxable","16":"purchasable","17":"product-type-simple"},"_links":{"self":[{"href":"https:\/\/roveyayinevi.com.tr\/index.php\/wp-json\/wp\/v2\/product\/713174","targetHints":{"allow":["GET"]}}],"collection":[{"href":"https:\/\/roveyayinevi.com.tr\/index.php\/wp-json\/wp\/v2\/product"}],"about":[{"href":"https:\/\/roveyayinevi.com.tr\/index.php\/wp-json\/wp\/v2\/types\/product"}],"wp:attachment":[{"href":"https:\/\/roveyayinevi.com.tr\/index.php\/wp-json\/wp\/v2\/media?parent=713174"}],"wp:term":[{"taxonomy":"product_brand","embeddable":true,"href":"https:\/\/roveyayinevi.com.tr\/index.php\/wp-json\/wp\/v2\/product_brand?post=713174"},{"taxonomy":"product_cat","embeddable":true,"href":"https:\/\/roveyayinevi.com.tr\/index.php\/wp-json\/wp\/v2\/product_cat?post=713174"},{"taxonomy":"product_tag","embeddable":true,"href":"https:\/\/roveyayinevi.com.tr\/index.php\/wp-json\/wp\/v2\/product_tag?post=713174"}],"curies":[{"name":"wp","href":"https:\/\/api.w.org\/{rel}","templated":true}]}}