{"id":713169,"date":"2025-08-27T17:04:46","date_gmt":"2025-08-27T14:04:46","guid":{"rendered":"https:\/\/roveyayinevi.com.tr\/index.php\/urun\/elif-anaokulunda-yatiya-kaliyor-ilk-okuma-kitabim\/"},"modified":"2026-04-16T02:21:43","modified_gmt":"2026-04-15T23:21:43","slug":"elif-anaokulunda-yatiya-kaliyor-ilk-okuma-kitabim","status":"publish","type":"product","link":"https:\/\/roveyayinevi.com.tr\/index.php\/urun\/elif-anaokulunda-yatiya-kaliyor-ilk-okuma-kitabim\/","title":{"rendered":"Elif Anaokulunda Yat\u0131ya Kal\u0131yor &#8211; \u0130lk Okuma Kitab\u0131m"},"content":{"rendered":"<p>B\u00fcy\u00fck maceraya haz\u0131r olun! Elif uyku \u015fenli\u011finde arkada\u015flar\u0131yla birlikte gece anaokulunda uyuyacak. T\u00fcm \u00e7ocuklar yanlar\u0131nda neler getireceklerini, nerede uyuyacaklar\u0131n\u0131 konu\u015ftular heyecanla. Ak\u015fam oldu\u011funda \u00f6nce parkta gezintiye \u00e7\u0131kt\u0131lar. Sonra da kamp ate\u015finin ba\u015f\u0131nda yemeklerini yediler. S\u0131ra geldi uyumaya\u2026 \ufffcTan\u0131t\u0131m Metni<\/p>\n","protected":false},"excerpt":{"rendered":"<p>B\u00fcy\u00fck maceraya haz\u0131r olun! Elif uyku \u015fenli\u011finde arkada\u015flar\u0131yla birlikte gece anaokulunda uyuyacak. T\u00fcm \u00e7ocuklar yanlar\u0131nda neler getireceklerini, nerede uyuyacaklar\u0131n\u0131 konu\u015ftular heyecanla. Ak\u015fam oldu\u011funda \u00f6nce parkta gezintiye<span class=\"excerpt-hellip\"> [\u2026]<\/span><\/p>\n","protected":false},"featured_media":0,"template":"","meta":{"_monsterinsights_skip_tracking":false,"_monsterinsights_sitenote_active":false,"_monsterinsights_sitenote_note":"","_monsterinsights_sitenote_category":0},"product_brand":[],"product_cat":[12274,12518],"product_tag":[],"class_list":{"0":"post-713169","1":"product","2":"type-product","3":"status-publish","5":"product_cat-cocuk-ve-genclik-kitaplari","6":"product_cat-okul-oncesi-kitaplar","7":"pa_cilt-ciltsiz","8":"pa_tur-kitap","9":"pa_yayinevi-is-bankasi-kultur-yayinlari","10":"pa_yazar-liane-schneider","12":"first","13":"instock","14":"sale","15":"shipping-taxable","16":"purchasable","17":"product-type-simple"},"_links":{"self":[{"href":"https:\/\/roveyayinevi.com.tr\/index.php\/wp-json\/wp\/v2\/product\/713169","targetHints":{"allow":["GET"]}}],"collection":[{"href":"https:\/\/roveyayinevi.com.tr\/index.php\/wp-json\/wp\/v2\/product"}],"about":[{"href":"https:\/\/roveyayinevi.com.tr\/index.php\/wp-json\/wp\/v2\/types\/product"}],"wp:attachment":[{"href":"https:\/\/roveyayinevi.com.tr\/index.php\/wp-json\/wp\/v2\/media?parent=713169"}],"wp:term":[{"taxonomy":"product_brand","embeddable":true,"href":"https:\/\/roveyayinevi.com.tr\/index.php\/wp-json\/wp\/v2\/product_brand?post=713169"},{"taxonomy":"product_cat","embeddable":true,"href":"https:\/\/roveyayinevi.com.tr\/index.php\/wp-json\/wp\/v2\/product_cat?post=713169"},{"taxonomy":"product_tag","embeddable":true,"href":"https:\/\/roveyayinevi.com.tr\/index.php\/wp-json\/wp\/v2\/product_tag?post=713169"}],"curies":[{"name":"wp","href":"https:\/\/api.w.org\/{rel}","templated":true}]}}