{"id":713164,"date":"2025-08-27T17:04:43","date_gmt":"2025-08-27T14:04:43","guid":{"rendered":"https:\/\/roveyayinevi.com.tr\/index.php\/urun\/kendime-dusunceler-3\/"},"modified":"2026-04-16T02:21:43","modified_gmt":"2026-04-15T23:21:43","slug":"kendime-dusunceler-3","status":"publish","type":"product","link":"https:\/\/roveyayinevi.com.tr\/index.php\/urun\/kendime-dusunceler-3\/","title":{"rendered":"Kendime D\u00fc\u015f\u00fcnceler"},"content":{"rendered":"<p>Marcus Aurelius (MS 121-MS 180): MS 121 y\u0131l\u0131nda Roma\u2019da do\u011fdu. Fronto, Apollonius Chalcedonius gibid\u00f6neminin \u00f6nde gelen hatip ve filozoflar\u0131ndan \u00f6zel dersler ald\u0131. MS 161-180 y\u0131llar\u0131 aras\u0131nda Roma \u0130mparatoruolarak h\u00fck\u00fcm s\u00fcrd\u00fc. \u201cStoac\u0131 \u0130mparator\u201d, \u201cFilozof \u0130mparator\u201d gibi s\u0131fatlarla an\u0131lan Marcus Aurelius, bar\u0131\u015f\u00e7\u0131bir insan olmas\u0131na ra\u011fmen h\u00fck\u00fcmdarl\u0131\u011f\u0131n\u0131n \u00e7o\u011funu seferlerde ge\u00e7irdi. MS 169 y\u0131l\u0131 sonlar\u0131nda Germenkavimlerine kar\u015f\u0131 d\u00fczenlenen bir sefer esnas\u0131nda yazmaya ba\u015flad\u0131\u011f\u0131 Kendime D\u00fc\u015f\u00fcnceler, Stoac\u0131l\u0131k \u00f6zellikle de Roma Stoas\u0131 a\u00e7\u0131s\u0131ndan b\u00fcy\u00fck bir \u00f6neme sahiptir.Sa\u011flam bir e\u015fitlik ve \u00f6zg\u00fcrl\u00fck inanc\u0131na sahip olan Marcus Aurelius imparatorlu\u011fu boyunca do\u011fay\u0131 bilip anlayarak ya\u015famaya \u00e7al\u0131\u015fm\u0131\u015f, her \u015feyin ortas\u0131na insan\u0131 koymu\u015ftur. G\u00fcnl\u00fck olarak kaleme al\u0131nm\u0131\u015f bir \u00f6zdeyi\u015fler ve d\u00fc\u015f\u00fcnceler derlemesi denebilecek Kendime D\u00fc\u015f\u00fcnceler eserinde kendinden \u00f6nceki caesarlar\u0131 ve filozoflar\u0131 ele\u015ftirmekle kalmay\u0131p, kendi kendini de sorguya \u00e7ekerek bir vicdan muhasebesi de yapar. Sonraki ku\u015faklara, kilise d\u00fc\u015f\u00fcn\u00fcrlerine, R\u00f6nesans\u2019a da temel olan Kendime D\u00fc\u015f\u00fcnceler, Stoa felsefesinin anla\u015f\u0131lmas\u0131 a\u00e7\u0131s\u0131ndan g\u00fcn\u00fcm\u00fczde de \u00e7ok de\u011ferli bir kaynakt\u0131r.<\/p>\n","protected":false},"excerpt":{"rendered":"<p>Marcus Aurelius (MS 121-MS 180): MS 121 y\u0131l\u0131nda Roma\u2019da do\u011fdu. Fronto, Apollonius Chalcedonius gibid\u00f6neminin \u00f6nde gelen hatip ve filozoflar\u0131ndan \u00f6zel dersler ald\u0131. MS 161-180 y\u0131llar\u0131 aras\u0131nda<span class=\"excerpt-hellip\"> [\u2026]<\/span><\/p>\n","protected":false},"featured_media":0,"template":"","meta":{"_monsterinsights_skip_tracking":false,"_monsterinsights_sitenote_active":false,"_monsterinsights_sitenote_note":"","_monsterinsights_sitenote_category":0},"product_brand":[],"product_cat":[20351,12388],"product_tag":[],"class_list":{"0":"post-713164","1":"product","2":"type-product","3":"status-publish","5":"product_cat-dusunce","6":"product_cat-felsefe","7":"pa_cilt-ciltsiz","8":"pa_tur-kitap","9":"pa_yayinevi-is-bankasi-kultur-yayinlari","10":"pa_yazar-marcus-aurelius","12":"first","13":"instock","14":"sale","15":"shipping-taxable","16":"purchasable","17":"product-type-simple"},"_links":{"self":[{"href":"https:\/\/roveyayinevi.com.tr\/index.php\/wp-json\/wp\/v2\/product\/713164","targetHints":{"allow":["GET"]}}],"collection":[{"href":"https:\/\/roveyayinevi.com.tr\/index.php\/wp-json\/wp\/v2\/product"}],"about":[{"href":"https:\/\/roveyayinevi.com.tr\/index.php\/wp-json\/wp\/v2\/types\/product"}],"wp:attachment":[{"href":"https:\/\/roveyayinevi.com.tr\/index.php\/wp-json\/wp\/v2\/media?parent=713164"}],"wp:term":[{"taxonomy":"product_brand","embeddable":true,"href":"https:\/\/roveyayinevi.com.tr\/index.php\/wp-json\/wp\/v2\/product_brand?post=713164"},{"taxonomy":"product_cat","embeddable":true,"href":"https:\/\/roveyayinevi.com.tr\/index.php\/wp-json\/wp\/v2\/product_cat?post=713164"},{"taxonomy":"product_tag","embeddable":true,"href":"https:\/\/roveyayinevi.com.tr\/index.php\/wp-json\/wp\/v2\/product_tag?post=713164"}],"curies":[{"name":"wp","href":"https:\/\/api.w.org\/{rel}","templated":true}]}}