{"id":713163,"date":"2025-08-27T17:04:42","date_gmt":"2025-08-27T14:04:42","guid":{"rendered":"https:\/\/roveyayinevi.com.tr\/index.php\/urun\/cogito-sayi-70-71-michel-foucault\/"},"modified":"2026-04-16T02:21:43","modified_gmt":"2026-04-15T23:21:43","slug":"cogito-sayi-70-71-michel-foucault","status":"publish","type":"product","link":"https:\/\/roveyayinevi.com.tr\/index.php\/urun\/cogito-sayi-70-71-michel-foucault\/","title":{"rendered":"Cogito Say\u0131: 70 &#8211; 71 Michel Foucault"},"content":{"rendered":"<p>T\u00fcrkiye&#8217;nin en \u00f6zg\u00fcn s\u00fcreli yay\u0131nlar\u0131ndan biri olan \u00fc\u00e7 ayl\u0131k felsefe dergisi Cogito, yaz\u0131 yeni bir d\u00fc\u015f\u00fcn\u00fcr \u00f6zel say\u0131s\u0131yla kar\u015f\u0131l\u0131yor: Bu \u00f6zel say\u0131da biyopolitika ve y\u00f6netimsellik, cinsellik, estetik varolu\u015f, beden politikalar\u0131, ele\u015ftiri ve temsil anlay\u0131\u015f\u0131, etik, b\u00f6lge ve siyaset kavramsalla\u015ft\u0131rmalar\u0131 \u00fczerine makalelerle &#8220;D\u00fc\u015f\u00fcnce Sistemleri Tarihi Profes\u00f6r\u00fc&#8221; Michel Foucault&#8217;nun, &#8220;tarihsel a priori&#8221; \u0131\u015f\u0131\u011f\u0131nda \u00f6znenin \u00fcretili\u015fi, y\u00f6netili\u015fi ve tabi k\u0131l\u0131n\u0131\u015f\u0131na dair benzersiz arkeolojik ve soyk\u00fct\u00fcksel incelemelerinin ayr\u0131nt\u0131l\u0131 okumalar\u0131 sunuluyor.<\/p>\n","protected":false},"excerpt":{"rendered":"<p>T\u00fcrkiye&#8217;nin en \u00f6zg\u00fcn s\u00fcreli yay\u0131nlar\u0131ndan biri olan \u00fc\u00e7 ayl\u0131k felsefe dergisi Cogito, yaz\u0131 yeni bir d\u00fc\u015f\u00fcn\u00fcr \u00f6zel say\u0131s\u0131yla kar\u015f\u0131l\u0131yor: Bu \u00f6zel say\u0131da biyopolitika ve y\u00f6netimsellik, cinsellik,<span class=\"excerpt-hellip\"> [\u2026]<\/span><\/p>\n","protected":false},"featured_media":0,"template":"","meta":{"_monsterinsights_skip_tracking":false,"_monsterinsights_sitenote_active":false,"_monsterinsights_sitenote_note":"","_monsterinsights_sitenote_category":0},"product_brand":[],"product_cat":[13527],"product_tag":[],"class_list":{"0":"post-713163","1":"product","2":"type-product","3":"status-publish","5":"product_cat-sureli-yayinlar","6":"pa_cilt-ciltsiz","7":"pa_tur-dergi","8":"pa_yayinevi-yapi-kredi-yayinlari-dergi","9":"pa_yazar-kollektif","11":"first","12":"instock","13":"sale","14":"shipping-taxable","15":"purchasable","16":"product-type-simple"},"_links":{"self":[{"href":"https:\/\/roveyayinevi.com.tr\/index.php\/wp-json\/wp\/v2\/product\/713163","targetHints":{"allow":["GET"]}}],"collection":[{"href":"https:\/\/roveyayinevi.com.tr\/index.php\/wp-json\/wp\/v2\/product"}],"about":[{"href":"https:\/\/roveyayinevi.com.tr\/index.php\/wp-json\/wp\/v2\/types\/product"}],"wp:attachment":[{"href":"https:\/\/roveyayinevi.com.tr\/index.php\/wp-json\/wp\/v2\/media?parent=713163"}],"wp:term":[{"taxonomy":"product_brand","embeddable":true,"href":"https:\/\/roveyayinevi.com.tr\/index.php\/wp-json\/wp\/v2\/product_brand?post=713163"},{"taxonomy":"product_cat","embeddable":true,"href":"https:\/\/roveyayinevi.com.tr\/index.php\/wp-json\/wp\/v2\/product_cat?post=713163"},{"taxonomy":"product_tag","embeddable":true,"href":"https:\/\/roveyayinevi.com.tr\/index.php\/wp-json\/wp\/v2\/product_tag?post=713163"}],"curies":[{"name":"wp","href":"https:\/\/api.w.org\/{rel}","templated":true}]}}