{"id":713161,"date":"2025-08-27T17:04:41","date_gmt":"2025-08-27T14:04:41","guid":{"rendered":"https:\/\/roveyayinevi.com.tr\/index.php\/urun\/tarihyazimi\/"},"modified":"2026-04-16T02:21:43","modified_gmt":"2026-04-15T23:21:43","slug":"tarihyazimi","status":"publish","type":"product","link":"https:\/\/roveyayinevi.com.tr\/index.php\/urun\/tarihyazimi\/","title":{"rendered":"Tarihyaz\u0131m\u0131"},"content":{"rendered":"<p>Tarihyaz\u0131m\u0131 (historiography) konusundaki en yetkin yazarlardan biri olarak bilinen Ernst Breisach&#8217;\u0131n ba\u015fyap\u0131t\u0131 bu alanda verilmi\u015f en \u00f6nemli \u00e7al\u0131\u015fma kabul edilir. Breisach bu kitapta Bat\u0131 k\u00fclt\u00fcr\u00fcnde tarihyaz\u0131m\u0131n\u0131n geli\u015fimini iyi d\u00fczenlenmi\u015f, sistemli ve \u00f6zl\u00fc bir bi\u00e7imde anlat\u0131yor. Antik Yunan&#8217;dan g\u00fcn\u00fcm\u00fcze, Homeros&#8217;tan Hegel&#8217;e, Bancroft&#8217;tan Collingwood&#8217;a, bu bilim dal\u0131n\u0131n geli\u015fimini izlemek i\u00e7in bir ba\u015fvuru kitab\u0131 olan bu eser modern tarihyaz\u0131m\u0131n\u0131n en \u00f6nemli meselelerine, tart\u0131\u015fmalar\u0131na ve yeniliklerine \u0131\u015f\u0131k tutuyor. \ufffcTan\u0131t\u0131m Metni<\/p>\n","protected":false},"excerpt":{"rendered":"<p>Tarihyaz\u0131m\u0131 (historiography) konusundaki en yetkin yazarlardan biri olarak bilinen Ernst Breisach&#8217;\u0131n ba\u015fyap\u0131t\u0131 bu alanda verilmi\u015f en \u00f6nemli \u00e7al\u0131\u015fma kabul edilir. Breisach bu kitapta Bat\u0131 k\u00fclt\u00fcr\u00fcnde tarihyaz\u0131m\u0131n\u0131n<span class=\"excerpt-hellip\"> [\u2026]<\/span><\/p>\n","protected":false},"featured_media":0,"template":"","meta":{"_monsterinsights_skip_tracking":false,"_monsterinsights_sitenote_active":false,"_monsterinsights_sitenote_note":"","_monsterinsights_sitenote_category":0},"product_brand":[],"product_cat":[12312,12304],"product_tag":[],"class_list":{"0":"post-713161","1":"product","2":"type-product","3":"status-publish","5":"product_cat-diger","6":"product_cat-tarih","7":"pa_cilt-ciltsiz","8":"pa_tur-kitap","9":"pa_yayinevi-yapi-kredi-yayinlari","10":"pa_yazar-ernst-breisach","12":"first","13":"instock","14":"sale","15":"shipping-taxable","16":"purchasable","17":"product-type-simple"},"_links":{"self":[{"href":"https:\/\/roveyayinevi.com.tr\/index.php\/wp-json\/wp\/v2\/product\/713161","targetHints":{"allow":["GET"]}}],"collection":[{"href":"https:\/\/roveyayinevi.com.tr\/index.php\/wp-json\/wp\/v2\/product"}],"about":[{"href":"https:\/\/roveyayinevi.com.tr\/index.php\/wp-json\/wp\/v2\/types\/product"}],"wp:attachment":[{"href":"https:\/\/roveyayinevi.com.tr\/index.php\/wp-json\/wp\/v2\/media?parent=713161"}],"wp:term":[{"taxonomy":"product_brand","embeddable":true,"href":"https:\/\/roveyayinevi.com.tr\/index.php\/wp-json\/wp\/v2\/product_brand?post=713161"},{"taxonomy":"product_cat","embeddable":true,"href":"https:\/\/roveyayinevi.com.tr\/index.php\/wp-json\/wp\/v2\/product_cat?post=713161"},{"taxonomy":"product_tag","embeddable":true,"href":"https:\/\/roveyayinevi.com.tr\/index.php\/wp-json\/wp\/v2\/product_tag?post=713161"}],"curies":[{"name":"wp","href":"https:\/\/api.w.org\/{rel}","templated":true}]}}