{"id":713160,"date":"2025-08-27T17:04:41","date_gmt":"2025-08-27T14:04:41","guid":{"rendered":"https:\/\/roveyayinevi.com.tr\/index.php\/urun\/dramsiz-disiplin\/"},"modified":"2026-04-16T02:21:43","modified_gmt":"2026-04-15T23:21:43","slug":"dramsiz-disiplin","status":"publish","type":"product","link":"https:\/\/roveyayinevi.com.tr\/index.php\/urun\/dramsiz-disiplin\/","title":{"rendered":"Drams\u0131z Disiplin"},"content":{"rendered":"<p>\u00c7oksatan kitaplar yazan alanlar\u0131nda \u00f6nc\u00fc uzmanlar, \u015fimdi de \u00e7ocuk yeti\u015ftirmedeki en b\u00fcy\u00fck zorlu\u011fu ara\u015ft\u0131r\u0131yorlar: Disiplin. \u00c7ocuklar\u0131n\u0131zdan biri kahvalt\u0131 taba\u011f\u0131n\u0131 duvara f\u0131rlatt\u0131\u011f\u0131nda, bir di\u011feri k\u00fc\u00e7\u00fck karde\u015fini tehdit etti\u011finde ya da bir ay i\u00e7inde \u00fc\u00e7\u00fcnc\u00fc kez disipline verildi\u011finde ne yap\u0131yorsunuz? So\u011fukkanl\u0131l\u0131\u011f\u0131n\u0131z\u0131 koruyup ona bilin\u00e7li bir \u015fekilde yakla\u015fabiliyor musunuz, yoksa sa\u00e7\u0131n\u0131z\u0131 ba\u015f\u0131n\u0131z\u0131 yolacak kadar k\u00fcplere mi biniyorsunuz? \u0130\u015fte Drams\u0131z Disiplin b\u00f6yle anlarda ya\u015fanan \u00f6fke n\u00f6betleri, gerginlikler ve g\u00f6zya\u015flar\u0131yla ba\u015f etmek i\u00e7in etkili ve sevecen bir yol sa\u011fl\u0131yor, hem de kavgas\u0131z g\u00fcr\u00fclt\u00fcs\u00fcz! Disiplin kelimesinin esas tan\u0131m\u0131n\u0131 yapan (\u00f6\u011fretmektir, ba\u011f\u0131rmak ya da azarlamak de\u011fil) Dr. Siegel ve Dr. Bryson\u2019\u0131n, sorunlar\u0131 herkesin kazan\u00e7l\u0131 \u00e7\u0131kaca\u011f\u0131 bir \u015fekilde \u00e7\u00f6zmekten ve ceza d\u00f6ng\u00fcs\u00fcn\u00fc sonland\u0131rmaktan bahsetti\u011fi bu ak\u0131l sa\u011fl\u0131\u011f\u0131n\u0131 koruma rehberinde \u015funlar\u0131 ke\u015ffedeceksiniz: \u2022 Ebeveynlerin kendi disiplin felsefelerini d\u00fczenlemelerini sa\u011flayacak \u00f6neriler\u2022 \u00c7ocuklar\u0131n beyin geli\u015fimine dair ger\u00e7ekler \u2022 B\u00fct\u00fcn ya\u015f gruplar\u0131 i\u00e7in ideal ve yap\u0131c\u0131 disiplin y\u00f6ntemleri \u2022 Bir \u00e7ocuk ne kadar k\u00f6t\u00fc bir davran\u0131\u015fta bulunmu\u015f olursa olsun a\u00e7\u0131k ve tutarl\u0131 s\u0131n\u0131rlar koyarken onunla sakin ve sevecen bir \u015fekilde ba\u011flant\u0131 kurman\u0131n yollar\u0131 \u2022 En iyi ebeveynlerin bile yapt\u0131\u011f\u0131 yirmi disiplin hatas\u0131 ve bunlardan ka\u00e7\u0131nma teknikleriYazarlar\u0131n \u00f6nerilerinin hayata ge\u00e7irildi\u011fi ya\u015fanm\u0131\u015f hik\u00e2yeler ve e\u011flenceli g\u00f6rsellerle tamamlanan Drams\u0131z Disiplin, \u00e7ocu\u011funuzun geli\u015fen beynini nas\u0131l g\u00fc\u00e7lendirece\u011finizi, \u00e7at\u0131\u015fmalar\u0131 nas\u0131l huzurla \u00e7\u00f6zece\u011finizi ve ailedeki herkese nas\u0131l mutluluk, g\u00fc\u00e7 ve diren\u00e7 verece\u011finizi g\u00f6steriyor.\u201c\u00c7ocuklar\u0131n beyinleri ve \u2018yo\u011fun duygularla\u2019 ba\u015f etmedeki yetersizlikleri \u00fczerine yap\u0131lan ara\u015ft\u0131rmalara dayanan Drams\u0131z Disiplin, anne babalara sorunlar\u0131 konu\u015farak \u00e7\u00f6zmelerini tavsiye ediyor: cezaland\u0131rarak de\u011fil, \u00f6\u011freterek\u2026 Tart\u0131\u015fmalar ger\u00e7ekten de daha \u00e7abuk son buluyor ve daha samimi bir \u015fekilde \u00f6z\u00fcr dileniyor&#8230; G\u00f6r\u00fcn\u00fc\u015fe g\u00f6re i\u015fe yar\u0131yor.\u201dDaily Mail\u201cVay can\u0131na! Bu kitap daha ilk sayfadan beni ele ge\u00e7irdi ve sonuna kadar elimden b\u0131rakamad\u0131m. Dr. Siegel ve Dr. Bryson ceza vermenin neden \u00e7\u00f6z\u00fcme g\u00f6t\u00fcrmeyen bir strateji oldu\u011funu ve bunun yerine ne yap\u0131labilece\u011fini anlat\u0131yor. N\u00f6robilimdeki son geli\u015fmeleri ebeveynler i\u00e7in ula\u015f\u0131labilir hale getirerek empati yapman\u0131n ve ba\u011flant\u0131 kurman\u0131n i\u015f birli\u011fi, disiplin ve aile uyumuna \u00e7\u0131kan asil yollar oldu\u011funu g\u00f6steriyorlar.\u201dDr. Lawrence J. Cohen\u201cAnla\u015f\u0131l\u0131r ve net a\u00e7\u0131klamalar, pratik tavsiyeler ve ebeveynlik deneyimlerini betimleyen g\u00f6rsellerle bu kitap, sinir krizleriyle ve yanl\u0131\u015f anla\u015f\u0131lmalarla nas\u0131l ba\u015f edeceklerini \u00f6\u011frenmek isteyen aileler i\u00e7in zengin bir kaynak niteli\u011finde. \u00c7ocuklar\u0131n sinir bozucu ve kafa kar\u0131\u015ft\u0131r\u0131c\u0131 davran\u0131\u015flar\u0131n\u0131 y\u00f6nlendirmede n\u00f6robiyolojiden nas\u0131l faydalan\u0131labilece\u011fini g\u00f6steriyor ve ebeveynlere g\u00fcndelik problemleri nezaket, kar\u015f\u0131l\u0131kl\u0131 sayg\u0131 ve keyifle a\u015fmalar\u0131nda yard\u0131mc\u0131 oluyor.\u201dDr. Wendy Mogel\u201cBu kitapta sunulan fikirler asl\u0131nda her t\u00fcrl\u00fc ili\u015fki i\u00e7in ge\u00e7erli, zira so\u011fukkanl\u0131l\u0131\u011f\u0131n\u0131 koruma, empati kurma, sorunlara uygun \u00e7\u00f6z\u00fcmler sunma konular\u0131n\u0131 ele al\u0131yor. \u00c7ocuklar\u0131n bir deneyimden ders \u00e7\u0131karmas\u0131n\u0131 ve daha iyi davran\u0131\u015flarda bulunmas\u0131n\u0131 sa\u011flayan bir \u00e7\u00f6z\u00fcm, d\u00fcnya liderlerinin ve toplumdaki bireylerin daha iyi anla\u015fmas\u0131n\u0131 da sa\u011flayabilir\u2026 Bir ebeveyn, \u00f6\u011fretmen ya da insanlarla daha iyi anla\u015fmak isteyen biri olarak Drams\u0131z Disiplin\u2019deki de\u011ferli g\u00f6zlemlerden faydalanabilirsiniz.\u201dExam\u0131ner.ComDr. Dan\u0131el J. S\u0131egel Ucla T\u0131p Fak\u00fcltesi\u2019nde klinik psikiyatri profes\u00f6r\u00fc ve UCLA Bilin\u00e7li Fark\u0131ndal\u0131k Ara\u015ft\u0131rma Merkezi\u2019nin kurucu ve y\u00f6neticilerindendir. Ayr\u0131ca ki\u015fileraras\u0131 n\u00f6robiyoloji \u00fczerine bir e\u011fitim merkezi olan Mindsight (Ak\u0131lg\u00f6z\u00fc) Enstit\u00fcs\u00fc\u2019n\u00fcn y\u00f6netici m\u00fcd\u00fcr\u00fcd\u00fcr. Dr. Siegel \u00e7oksatan bir\u00e7ok kitaba imza atm\u0131\u015ft\u0131r. D\u00fcnyan\u0131n farkl\u0131 yerlerinde seminerler veren ve at\u00f6lye \u00e7al\u0131\u015fmalar\u0131 d\u00fczenleyen Dr. Siegel e\u015fiyle birlikte Los Angeles\u2019ta ya\u015famaktad\u0131r.Dr. T\u0131na Payne Bryson bir \u00e7ocuk ve ergen psikoterapisti, Mindsight (Ak\u0131lg\u00f6z\u00fc) Enstit\u00fcs\u00fc ebeveyn i\u015fleri m\u00fcd\u00fcr\u00fc ve California\u2019daki Saint Mark\u2019s Okulu\u2019nda \u00e7ocuk geli\u015fimi uzman\u0131d\u0131r. D\u00fcnyan\u0131n \u00e7e\u015fitli yerlerinde konferanslar vermekte, ebeveynler, e\u011fitimciler ve klinisyenler i\u00e7in at\u00f6lye \u00e7al\u0131\u015fmalar\u0131 d\u00fczenlemektedir. Southern California \u00dcniversitesi\u2019nde doktoras\u0131n\u0131 tamamlayan Dr. Bryson, Los Angeles yak\u0131nlar\u0131nda kocas\u0131 ve \u00fc\u00e7 \u00e7ocu\u011fuyla birlikte ya\u015famaktad\u0131r. <\/p>\n","protected":false},"excerpt":{"rendered":"<p>\u00c7oksatan kitaplar yazan alanlar\u0131nda \u00f6nc\u00fc uzmanlar, \u015fimdi de \u00e7ocuk yeti\u015ftirmedeki en b\u00fcy\u00fck zorlu\u011fu ara\u015ft\u0131r\u0131yorlar: Disiplin. \u00c7ocuklar\u0131n\u0131zdan biri kahvalt\u0131 taba\u011f\u0131n\u0131 duvara f\u0131rlatt\u0131\u011f\u0131nda, bir di\u011feri k\u00fc\u00e7\u00fck karde\u015fini tehdit<span class=\"excerpt-hellip\"> [\u2026]<\/span><\/p>\n","protected":false},"featured_media":0,"template":"","meta":{"_monsterinsights_skip_tracking":false,"_monsterinsights_sitenote_active":false,"_monsterinsights_sitenote_note":"","_monsterinsights_sitenote_category":0},"product_brand":[],"product_cat":[17996,12364],"product_tag":[],"class_list":{"0":"post-713160","1":"product","2":"type-product","3":"status-publish","5":"product_cat-ebeveyn-kitaplari","6":"product_cat-genel-konular","7":"pa_cilt-ciltsiz","8":"pa_tur-kitap","9":"pa_yayinevi-pegasus-yayinlari","10":"pa_yazar-daniel-j-siegel","12":"first","13":"instock","14":"sale","15":"shipping-taxable","16":"purchasable","17":"product-type-simple"},"_links":{"self":[{"href":"https:\/\/roveyayinevi.com.tr\/index.php\/wp-json\/wp\/v2\/product\/713160","targetHints":{"allow":["GET"]}}],"collection":[{"href":"https:\/\/roveyayinevi.com.tr\/index.php\/wp-json\/wp\/v2\/product"}],"about":[{"href":"https:\/\/roveyayinevi.com.tr\/index.php\/wp-json\/wp\/v2\/types\/product"}],"wp:attachment":[{"href":"https:\/\/roveyayinevi.com.tr\/index.php\/wp-json\/wp\/v2\/media?parent=713160"}],"wp:term":[{"taxonomy":"product_brand","embeddable":true,"href":"https:\/\/roveyayinevi.com.tr\/index.php\/wp-json\/wp\/v2\/product_brand?post=713160"},{"taxonomy":"product_cat","embeddable":true,"href":"https:\/\/roveyayinevi.com.tr\/index.php\/wp-json\/wp\/v2\/product_cat?post=713160"},{"taxonomy":"product_tag","embeddable":true,"href":"https:\/\/roveyayinevi.com.tr\/index.php\/wp-json\/wp\/v2\/product_tag?post=713160"}],"curies":[{"name":"wp","href":"https:\/\/api.w.org\/{rel}","templated":true}]}}