{"id":713158,"date":"2025-08-27T17:04:40","date_gmt":"2025-08-27T14:04:40","guid":{"rendered":"https:\/\/roveyayinevi.com.tr\/index.php\/urun\/kirilgan-tasarim-bankacilik-krizleri-ve-kredi-kitliginin-siyasi-kokenleri\/"},"modified":"2026-04-16T02:21:43","modified_gmt":"2026-04-15T23:21:43","slug":"kirilgan-tasarim-bankacilik-krizleri-ve-kredi-kitliginin-siyasi-kokenleri","status":"publish","type":"product","link":"https:\/\/roveyayinevi.com.tr\/index.php\/urun\/kirilgan-tasarim-bankacilik-krizleri-ve-kredi-kitliginin-siyasi-kokenleri\/","title":{"rendered":"K\u0131r\u0131lgan Tasar\u0131m: Bankac\u0131l\u0131k Krizleri Ve Kredi K\u0131tl\u0131\u011f\u0131n\u0131n Siyasi K\u00f6kenleri"},"content":{"rendered":"<p>Bankas\u0131z devlet, devletsiz banka olur mu? Neden baz\u0131 \u00fclkeler bankac\u0131l\u0131k krizlerine di\u011ferlerinden daha \u00e7ok meyillidir? Nas\u0131l oluyor da k\u00fclt\u00fcrleri, yasal sistemleri, hatta s\u0131n\u0131rlar\u0131 ortak olan \u00fclkeler bu kadar farkl\u0131 deneyimlere sahip olabiliyor? Calomiris ve Haber, kronik banka krizleriyle kredi k\u0131tl\u0131\u011f\u0131n\u0131n rastgele ortaya \u00e7\u0131kmad\u0131\u011f\u0131n\u0131 g\u00f6stermek i\u00e7in siyasi ve ekonomik tarihten yararlanarak toplumdaki farkl\u0131 oyuncular ve \u00e7\u0131kar gruplar\u0131 aras\u0131nda koalisyonlar\u0131n nas\u0131l kuruldu\u011funu, bu yolla siyasetin nas\u0131l belirlendi\u011fini mercek alt\u0131na al\u0131yor. Farkl\u0131 taraflar\u0131n ittifak yaparak kaynak ve maliyetleri payla\u015ft\u0131rd\u0131\u011f\u0131 s\u00fcrece \u201cbanka pazarl\u0131klar\u0131 oyunu\u201d ad\u0131n\u0131 veren yazarlar, bu kilit s\u00fcreci analizlerinin merkezine oturtuyor, oyunun Birle\u015fik Krall\u0131k, ABD, Kanada, Meksika ve Brezilya\u2019da tarih boyunca nas\u0131l oynand\u0131\u011f\u0131n\u0131 da ayr\u0131nt\u0131l\u0131 \u015fekilde inceliyor. Devletlerin bankalara, bankalar\u0131n da devletlere neden muhta\u00e7 oldu\u011funa \u0131\u015f\u0131k tutan K\u0131r\u0131lgan Tasar\u0131m\u2019da, bankac\u0131l\u0131\u011f\u0131n geli\u015fiminin ve finansal krizlerin farkl\u0131 ko\u015fullar alt\u0131nda izledikleri farkl\u0131 yollar\u0131n ola\u011fan\u00fcst\u00fc ayr\u0131nt\u0131l\u0131 bir tablosu \u00e7iziliyor. Charles W. Calomiris, Columbia Business School\u2019da Henry Kaufman Finans Kurumlar\u0131 Profes\u00f6r\u00fc ve Columbia School of International and Public Affairs\u2019de profes\u00f6r. Stephen H. Haber, Hoover Enstit\u00fcs\u00fc\u2019nde Peter and Helen Bing K\u0131demli Ara\u015ft\u0131rma \u00dcyesi ve Stanford \u00dcniversitesi School of Humanities and Sciences\u2019da A.A. and Jeanne Welch Milligan Profes\u00f6r\u00fc. <\/p>\n","protected":false},"excerpt":{"rendered":"<p>Bankas\u0131z devlet, devletsiz banka olur mu? Neden baz\u0131 \u00fclkeler bankac\u0131l\u0131k krizlerine di\u011ferlerinden daha \u00e7ok meyillidir? Nas\u0131l oluyor da k\u00fclt\u00fcrleri, yasal sistemleri, hatta s\u0131n\u0131rlar\u0131 ortak olan \u00fclkeler<span class=\"excerpt-hellip\"> [\u2026]<\/span><\/p>\n","protected":false},"featured_media":0,"template":"","meta":{"_monsterinsights_skip_tracking":false,"_monsterinsights_sitenote_active":false,"_monsterinsights_sitenote_note":"","_monsterinsights_sitenote_category":0},"product_brand":[],"product_cat":[12965,12337],"product_tag":[],"class_list":{"0":"post-713158","1":"product","2":"type-product","3":"status-publish","5":"product_cat-genel-politika","6":"product_cat-politika-siyaset","7":"pa_cilt-ciltsiz","8":"pa_tur-kitap","9":"pa_yayinevi-koc-universitesi-yayinlari","10":"pa_yazar-charles-w-calomiris-stephen-h-haber","12":"first","13":"instock","14":"sale","15":"shipping-taxable","16":"purchasable","17":"product-type-simple"},"_links":{"self":[{"href":"https:\/\/roveyayinevi.com.tr\/index.php\/wp-json\/wp\/v2\/product\/713158","targetHints":{"allow":["GET"]}}],"collection":[{"href":"https:\/\/roveyayinevi.com.tr\/index.php\/wp-json\/wp\/v2\/product"}],"about":[{"href":"https:\/\/roveyayinevi.com.tr\/index.php\/wp-json\/wp\/v2\/types\/product"}],"wp:attachment":[{"href":"https:\/\/roveyayinevi.com.tr\/index.php\/wp-json\/wp\/v2\/media?parent=713158"}],"wp:term":[{"taxonomy":"product_brand","embeddable":true,"href":"https:\/\/roveyayinevi.com.tr\/index.php\/wp-json\/wp\/v2\/product_brand?post=713158"},{"taxonomy":"product_cat","embeddable":true,"href":"https:\/\/roveyayinevi.com.tr\/index.php\/wp-json\/wp\/v2\/product_cat?post=713158"},{"taxonomy":"product_tag","embeddable":true,"href":"https:\/\/roveyayinevi.com.tr\/index.php\/wp-json\/wp\/v2\/product_tag?post=713158"}],"curies":[{"name":"wp","href":"https:\/\/api.w.org\/{rel}","templated":true}]}}