{"id":713157,"date":"2025-08-27T17:04:39","date_gmt":"2025-08-27T14:04:39","guid":{"rendered":"https:\/\/roveyayinevi.com.tr\/index.php\/urun\/sarkin-sultanlari\/"},"modified":"2026-04-16T02:21:43","modified_gmt":"2026-04-15T23:21:43","slug":"sarkin-sultanlari","status":"publish","type":"product","link":"https:\/\/roveyayinevi.com.tr\/index.php\/urun\/sarkin-sultanlari\/","title":{"rendered":"\u015eark\u2019\u0131n Sultanlar\u0131"},"content":{"rendered":"<p>\u201cY\u00e2dig\u00e2r\u0131n ne bir tutam sa\u00e7 var, Ne soluk bir fidan, ne bir yaprak!.. Ac\u0131 bir zehr ak\u0131nca kalbimize Seni mehtaba sorduk a\u011flayarak.\u201d \u015eark\u2019\u0131n Sultanlar\u0131, Faruk Nafiz \u00c7aml\u0131bel\u2019in ilk eseri. Han Duvarlar\u0131 ad\u0131yla yay\u0131mlad\u0131\u011f\u0131m\u0131z \u201ctoplu \u015fiirler\u201de bu kitap\u00e7\u0131ktan k\u00fc\u00e7\u00fck birtak\u0131m de\u011fi\u015fikliklerle iki \u015fiir al\u0131nm\u0131\u015f: \u015eark\u2019\u0131n Sultanlar\u0131 ve Yolcu. Biz burada yay\u0131mlan\u0131\u015f\u0131n\u0131n 100. y\u0131l\u0131nda, ilk hallerini koruyarak verdik. Do\u011fu\u2019ya has bir sesi, Do\u011fu\u2019dan ald\u0131\u011f\u0131 ilhamlarla yakalamaya, dile getirmeye \u015fal\u0131\u015fan \u015fair, kendi ipe\u011fini s\u00fczece\u011fi kozay\u0131 bu \u015fiirlerle \u00f6rmeye ba\u015flam\u0131\u015f: Gizemli sultanlar, g\u00f6n\u00fcl \u00e7elen g\u00fczeller, s\u00e2k\u00eeler, Sad\u00e2b\u00e2d, Ned\u00eem ve L\u00e2le Devri, mevsiminde g\u00fczellikler, mevsimsiz h\u00fcz\u00fcnler. Ses o ses, koza o koza, ipek o ipek. <\/p>\n","protected":false},"excerpt":{"rendered":"<p>\u201cY\u00e2dig\u00e2r\u0131n ne bir tutam sa\u00e7 var, Ne soluk bir fidan, ne bir yaprak!.. Ac\u0131 bir zehr ak\u0131nca kalbimize Seni mehtaba sorduk a\u011flayarak.\u201d \u015eark\u2019\u0131n Sultanlar\u0131, Faruk Nafiz<span class=\"excerpt-hellip\"> [\u2026]<\/span><\/p>\n","protected":false},"featured_media":0,"template":"","meta":{"_monsterinsights_skip_tracking":false,"_monsterinsights_sitenote_active":false,"_monsterinsights_sitenote_note":"","_monsterinsights_sitenote_category":0},"product_brand":[],"product_cat":[12291,12509],"product_tag":[],"class_list":{"0":"post-713157","1":"product","2":"type-product","3":"status-publish","5":"product_cat-edebiyat","6":"product_cat-siir","7":"pa_cilt-ciltsiz","8":"pa_tur-kitap","9":"pa_yayinevi-yapi-kredi-yayinlari","10":"pa_yazar-faruk-nafiz-camlibel","12":"first","13":"instock","14":"sale","15":"shipping-taxable","16":"purchasable","17":"product-type-simple"},"_links":{"self":[{"href":"https:\/\/roveyayinevi.com.tr\/index.php\/wp-json\/wp\/v2\/product\/713157","targetHints":{"allow":["GET"]}}],"collection":[{"href":"https:\/\/roveyayinevi.com.tr\/index.php\/wp-json\/wp\/v2\/product"}],"about":[{"href":"https:\/\/roveyayinevi.com.tr\/index.php\/wp-json\/wp\/v2\/types\/product"}],"wp:attachment":[{"href":"https:\/\/roveyayinevi.com.tr\/index.php\/wp-json\/wp\/v2\/media?parent=713157"}],"wp:term":[{"taxonomy":"product_brand","embeddable":true,"href":"https:\/\/roveyayinevi.com.tr\/index.php\/wp-json\/wp\/v2\/product_brand?post=713157"},{"taxonomy":"product_cat","embeddable":true,"href":"https:\/\/roveyayinevi.com.tr\/index.php\/wp-json\/wp\/v2\/product_cat?post=713157"},{"taxonomy":"product_tag","embeddable":true,"href":"https:\/\/roveyayinevi.com.tr\/index.php\/wp-json\/wp\/v2\/product_tag?post=713157"}],"curies":[{"name":"wp","href":"https:\/\/api.w.org\/{rel}","templated":true}]}}