{"id":713156,"date":"2025-08-27T17:04:38","date_gmt":"2025-08-27T14:04:38","guid":{"rendered":"https:\/\/roveyayinevi.com.tr\/index.php\/urun\/guzel-sanatlarin-bir-dali-olarak-evlilik\/"},"modified":"2026-04-16T02:21:43","modified_gmt":"2026-04-15T23:21:43","slug":"guzel-sanatlarin-bir-dali-olarak-evlilik","status":"publish","type":"product","link":"https:\/\/roveyayinevi.com.tr\/index.php\/urun\/guzel-sanatlarin-bir-dali-olarak-evlilik\/","title":{"rendered":"G\u00fczel Sanatlar\u0131n Bir Dal\u0131 Olarak Evlilik"},"content":{"rendered":"<p>A\u011f\u0131zlar\u0131ndan \u00e7\u0131kan her s\u00f6zc\u00fc\u011f\u00fc sanat, edebiyat ve felsefeye ba\u011flayabilen bir \u00e7iftten entelekt\u00fcel evlilik, \u00f6zg\u00fcrl\u00fck ve \u00f6tesi&#8230; Evlilik \u00e7o\u011fu zaman taraflardan birinin kurban konumunda oldu\u011fu bir \u00e7at\u0131\u015fmad\u0131r. \u0130nsanlar birtak\u0131m hesaplarla ya da aldat\u0131c\u0131 hayallere kap\u0131larak evlenir; zaman, kitab\u0131na uygun bu k\u0131r\u0131lgan s\u00f6zle\u015fmeyi y\u0131prat\u0131r, evlilik bozulur, insanlar yeniden evlenir ya da kar\u015f\u0131l\u0131kl\u0131 hayal k\u0131r\u0131kl\u0131klar\u0131 aras\u0131nda \u00e7ak\u0131l\u0131p kal\u0131r. Burada \u00f6yle bir \u015fey yok: Her iki taraf da e\u015fit olarak, birbirini s\u00fcrekli olumlu etkileyerek kendi yarat\u0131c\u0131 karakterini koruyor. O halde burada d\u00fczen merakl\u0131s\u0131 ama \u00e7\u00f6z\u00fclen toplumun kabul etmekte zorland\u0131\u011f\u0131 yeni bir a\u015fk sanat\u0131 s\u00f6z konusu. Her t\u00fcrl\u00fc gericili\u011fe kar\u015f\u0131 bir sosyal ele\u015ftiri ve \u00f6zg\u00fcrl\u00fc\u011fe d\u00fcz\u00fclen \u015fiirsel bir g\u00fczelleme olarak evlilik? Deneyin. &#8211; Philippe Sollers Julia (1941, Bulgaristan, Sliven do\u011fumlu) ile romanlar\u0131nda inan\u0131lmaz tuhafl\u0131klar\u0131n alt\u0131n\u0131 \u00e7izen Philippe\u2019in (1936, Fransa, Bordeaux do\u011fumlu) 1966 y\u0131l\u0131n\u0131n Paris\u2019inde kar\u015f\u0131la\u015fma \u015fanslar\u0131 neydi? 68 May\u0131s\u0131\u2019ndan hemen \u00f6nce, o s\u0131rada ve sonras\u0131nda birbirlerini sevme \u015fanslar\u0131? Peki 1967\u2019den bu yana evli kalma \u015fanslar\u0131? \u00c7ok az, ihtimaller hesab\u0131 yap\u0131lsa 0\u2019dan sonra astronomik bir say\u0131lar dizisi eklemek gerekirdi&#8230; &#8211; Julia Kristeva <\/p>\n","protected":false},"excerpt":{"rendered":"<p>A\u011f\u0131zlar\u0131ndan \u00e7\u0131kan her s\u00f6zc\u00fc\u011f\u00fc sanat, edebiyat ve felsefeye ba\u011flayabilen bir \u00e7iftten entelekt\u00fcel evlilik, \u00f6zg\u00fcrl\u00fck ve \u00f6tesi&#8230; Evlilik \u00e7o\u011fu zaman taraflardan birinin kurban konumunda oldu\u011fu bir \u00e7at\u0131\u015fmad\u0131r.<span class=\"excerpt-hellip\"> [\u2026]<\/span><\/p>\n","protected":false},"featured_media":0,"template":"","meta":{"_monsterinsights_skip_tracking":false,"_monsterinsights_sitenote_active":false,"_monsterinsights_sitenote_note":"","_monsterinsights_sitenote_category":0},"product_brand":[],"product_cat":[18545,12291],"product_tag":[],"class_list":{"0":"post-713156","1":"product","2":"type-product","3":"status-publish","5":"product_cat-anlati","6":"product_cat-edebiyat","7":"pa_cilt-ciltsiz","8":"pa_tur-kitap","9":"pa_yayinevi-yapi-kredi-yayinlari","10":"pa_yazar-julia-kristeva-philippe-sollers","12":"first","13":"instock","14":"sale","15":"shipping-taxable","16":"purchasable","17":"product-type-simple"},"_links":{"self":[{"href":"https:\/\/roveyayinevi.com.tr\/index.php\/wp-json\/wp\/v2\/product\/713156","targetHints":{"allow":["GET"]}}],"collection":[{"href":"https:\/\/roveyayinevi.com.tr\/index.php\/wp-json\/wp\/v2\/product"}],"about":[{"href":"https:\/\/roveyayinevi.com.tr\/index.php\/wp-json\/wp\/v2\/types\/product"}],"wp:attachment":[{"href":"https:\/\/roveyayinevi.com.tr\/index.php\/wp-json\/wp\/v2\/media?parent=713156"}],"wp:term":[{"taxonomy":"product_brand","embeddable":true,"href":"https:\/\/roveyayinevi.com.tr\/index.php\/wp-json\/wp\/v2\/product_brand?post=713156"},{"taxonomy":"product_cat","embeddable":true,"href":"https:\/\/roveyayinevi.com.tr\/index.php\/wp-json\/wp\/v2\/product_cat?post=713156"},{"taxonomy":"product_tag","embeddable":true,"href":"https:\/\/roveyayinevi.com.tr\/index.php\/wp-json\/wp\/v2\/product_tag?post=713156"}],"curies":[{"name":"wp","href":"https:\/\/api.w.org\/{rel}","templated":true}]}}