{"id":713154,"date":"2025-08-27T17:04:37","date_gmt":"2025-08-27T14:04:37","guid":{"rendered":"https:\/\/roveyayinevi.com.tr\/index.php\/urun\/kalkinmada-sosyal-sermayenin-rolu\/"},"modified":"2026-04-16T02:21:43","modified_gmt":"2026-04-15T23:21:43","slug":"kalkinmada-sosyal-sermayenin-rolu","status":"publish","type":"product","link":"https:\/\/roveyayinevi.com.tr\/index.php\/urun\/kalkinmada-sosyal-sermayenin-rolu\/","title":{"rendered":"Kalk\u0131nmada Sosyal Sermayenin Rol\u00fc"},"content":{"rendered":"<p>\u0130\u00e7indekiler 1-Sosyal Sermayenin Tan\u0131m\u0131, T\u00fcrleri ve G\u00f6stergeleri 2-Ekonomik Kalk\u0131nman\u0131n Tan\u0131m\u0131 ve Belirleyenleri 3-Sosyal Sermaye ve Ekonomik Kalk\u0131nma 4-Sosyal  Sermaye ve Ekonomik Kalk\u0131nma \u0130li\u015fkisinin Analizi <\/p>\n","protected":false},"excerpt":{"rendered":"<p>\u0130\u00e7indekiler 1-Sosyal Sermayenin Tan\u0131m\u0131, T\u00fcrleri ve G\u00f6stergeleri 2-Ekonomik Kalk\u0131nman\u0131n Tan\u0131m\u0131 ve Belirleyenleri 3-Sosyal Sermaye ve Ekonomik Kalk\u0131nma 4-Sosyal Sermaye ve Ekonomik Kalk\u0131nma \u0130li\u015fkisinin Analizi<\/p>\n","protected":false},"featured_media":0,"template":"","meta":{"_monsterinsights_skip_tracking":false,"_monsterinsights_sitenote_active":false,"_monsterinsights_sitenote_note":"","_monsterinsights_sitenote_category":0},"product_brand":[],"product_cat":[12573,12566],"product_tag":[],"class_list":{"0":"post-713154","1":"product","2":"type-product","3":"status-publish","5":"product_cat-akademik-kitaplar","6":"product_cat-egitim","7":"pa_cilt-ciltsiz","8":"pa_tur-kitap","9":"pa_yayinevi-gazi-kitabevi","10":"pa_yazar-burcu-ozcan","12":"first","13":"instock","14":"sale","15":"shipping-taxable","16":"purchasable","17":"product-type-simple"},"_links":{"self":[{"href":"https:\/\/roveyayinevi.com.tr\/index.php\/wp-json\/wp\/v2\/product\/713154","targetHints":{"allow":["GET"]}}],"collection":[{"href":"https:\/\/roveyayinevi.com.tr\/index.php\/wp-json\/wp\/v2\/product"}],"about":[{"href":"https:\/\/roveyayinevi.com.tr\/index.php\/wp-json\/wp\/v2\/types\/product"}],"wp:attachment":[{"href":"https:\/\/roveyayinevi.com.tr\/index.php\/wp-json\/wp\/v2\/media?parent=713154"}],"wp:term":[{"taxonomy":"product_brand","embeddable":true,"href":"https:\/\/roveyayinevi.com.tr\/index.php\/wp-json\/wp\/v2\/product_brand?post=713154"},{"taxonomy":"product_cat","embeddable":true,"href":"https:\/\/roveyayinevi.com.tr\/index.php\/wp-json\/wp\/v2\/product_cat?post=713154"},{"taxonomy":"product_tag","embeddable":true,"href":"https:\/\/roveyayinevi.com.tr\/index.php\/wp-json\/wp\/v2\/product_tag?post=713154"}],"curies":[{"name":"wp","href":"https:\/\/api.w.org\/{rel}","templated":true}]}}