{"id":713152,"date":"2025-08-27T17:04:36","date_gmt":"2025-08-27T14:04:36","guid":{"rendered":"https:\/\/roveyayinevi.com.tr\/index.php\/urun\/yeni-nesil-ebeveynlik-ve-helikopter-aileler\/"},"modified":"2026-04-16T02:21:43","modified_gmt":"2026-04-15T23:21:43","slug":"yeni-nesil-ebeveynlik-ve-helikopter-aileler","status":"publish","type":"product","link":"https:\/\/roveyayinevi.com.tr\/index.php\/urun\/yeni-nesil-ebeveynlik-ve-helikopter-aileler\/","title":{"rendered":"Yeni Nesil Ebeveynlik Ve Helikopter Aileler"},"content":{"rendered":"<p>H\u0131zla geli\u015fen teknoloji hayat\u0131m\u0131zda hangi k\u00f6kl\u00fc de\u011fi\u015fikliklere yol a\u00e7t\u0131? Yeni medya ara\u00e7lar\u0131n\u0131n sosyok\u00fclt\u00fcrel, psikolojik ve toplumsal etkileri nelerdir? Bu h\u0131zl\u0131 ve sonu kestirilemez de\u011fi\u015fim \u00e7ocuklar\u0131m\u0131z ve gen\u00e7lerimizi nas\u0131l etkiliyor? Aile yap\u0131lar\u0131m\u0131z, anne babal\u0131k anlay\u0131\u015f\u0131m\u0131z de\u011fi\u015fiyor mu? Biz \u201cyeni nesil ebeveynler\u201d bu \u201cyeni nesil \u00e7ocuklar\u201d\u0131 tan\u0131yor muyuz? De\u011fi\u015fen ebeveyn tutumlar\u0131 ve bu de\u011fi\u015fimin arkas\u0131ndaki sebeplerin sorguland\u0131\u011f\u0131 bilimsel bir platform olu\u015fturulmal\u0131 m\u0131? Ge\u00e7mi\u015ften g\u00fcn\u00fcm\u00fcze ku\u015faklar\u0131n ya\u015fad\u0131\u011f\u0131 benzer de\u011fi\u015fimler nelerdi ve onlar nas\u0131l ba\u015fa \u00e7\u0131kt\u0131lar? Tarihte \u00e7ocukluk kavram\u0131 ve \u00e7ocuk psikolojisinin geli\u015fimi \u00fczerine yeterince kaynak var m\u0131 ve de\u011ferlendiriliyor mu? Sosyal medyan\u0131n olumsuz etkileri nelerdir, bununla nas\u0131l m\u00fccadele edilir? Sosyal medyan\u0131n olumlu etkileri nelerdir, bundan nas\u0131l yararlan\u0131l\u0131r? \u201cE-hastal\u0131klar\u201d nelerdir, \u201csosyal medya depresyonu\u201d nas\u0131l te\u015fhis ve tedavi edilir? Helikopter aile ile kastedilen asl\u0131nda nedir? <\/p>\n","protected":false},"excerpt":{"rendered":"<p>H\u0131zla geli\u015fen teknoloji hayat\u0131m\u0131zda hangi k\u00f6kl\u00fc de\u011fi\u015fikliklere yol a\u00e7t\u0131? Yeni medya ara\u00e7lar\u0131n\u0131n sosyok\u00fclt\u00fcrel, psikolojik ve toplumsal etkileri nelerdir? Bu h\u0131zl\u0131 ve sonu kestirilemez de\u011fi\u015fim \u00e7ocuklar\u0131m\u0131z ve<span class=\"excerpt-hellip\"> [\u2026]<\/span><\/p>\n","protected":false},"featured_media":0,"template":"","meta":{"_monsterinsights_skip_tracking":false,"_monsterinsights_sitenote_active":false,"_monsterinsights_sitenote_note":"","_monsterinsights_sitenote_category":0},"product_brand":[],"product_cat":[12364,12376],"product_tag":[],"class_list":{"0":"post-713152","1":"product","2":"type-product","3":"status-publish","5":"product_cat-genel-konular","6":"product_cat-kisisel-gelisim","7":"pa_cilt-ciltsiz","8":"pa_tur-kitap","9":"pa_yayinevi-destek-yayinlari","10":"pa_yazar-serap-duygulu","12":"first","13":"instock","14":"sale","15":"shipping-taxable","16":"purchasable","17":"product-type-simple"},"_links":{"self":[{"href":"https:\/\/roveyayinevi.com.tr\/index.php\/wp-json\/wp\/v2\/product\/713152","targetHints":{"allow":["GET"]}}],"collection":[{"href":"https:\/\/roveyayinevi.com.tr\/index.php\/wp-json\/wp\/v2\/product"}],"about":[{"href":"https:\/\/roveyayinevi.com.tr\/index.php\/wp-json\/wp\/v2\/types\/product"}],"wp:attachment":[{"href":"https:\/\/roveyayinevi.com.tr\/index.php\/wp-json\/wp\/v2\/media?parent=713152"}],"wp:term":[{"taxonomy":"product_brand","embeddable":true,"href":"https:\/\/roveyayinevi.com.tr\/index.php\/wp-json\/wp\/v2\/product_brand?post=713152"},{"taxonomy":"product_cat","embeddable":true,"href":"https:\/\/roveyayinevi.com.tr\/index.php\/wp-json\/wp\/v2\/product_cat?post=713152"},{"taxonomy":"product_tag","embeddable":true,"href":"https:\/\/roveyayinevi.com.tr\/index.php\/wp-json\/wp\/v2\/product_tag?post=713152"}],"curies":[{"name":"wp","href":"https:\/\/api.w.org\/{rel}","templated":true}]}}