{"id":713151,"date":"2025-08-27T17:04:35","date_gmt":"2025-08-27T14:04:35","guid":{"rendered":"https:\/\/roveyayinevi.com.tr\/index.php\/urun\/kucuk-kara-bulut\/"},"modified":"2025-11-09T04:41:05","modified_gmt":"2025-11-09T01:41:05","slug":"kucuk-kara-bulut","status":"publish","type":"product","link":"https:\/\/roveyayinevi.com.tr\/index.php\/urun\/kucuk-kara-bulut\/","title":{"rendered":"K\u00fc\u00e7\u00fck Kara Bulut"},"content":{"rendered":"<p>K\u00fc\u00e7\u00fck Kara Bulut, onu fark eder fark etmez \u015femsiyesini a\u00e7an insanlar\u0131 g\u00f6rd\u00fck\u00e7e h\u00fcng\u00fcr h\u00fcng\u00fcr a\u011fl\u0131yor. A\u011flamak istemiyor ama o a\u011flamazsa nas\u0131l ya\u011fmur ya\u011facak? Bembeyaz bulutlar aras\u0131nda kendini farkl\u0131, \u00e7irkin ve yaln\u0131z hisseden K\u00fc\u00e7\u00fck Kara Bulut\u2019un hik\u00e2yesi ya\u011fmurdan ka\u00e7mayanlar\u0131 anlat\u0131yor.   Nazl\u0131 Deniz G\u00fcler\u2019den ya\u011fmurun ya\u011f\u0131\u015f\u0131na farkl\u0131 oldu\u011fu kadar romantik bir bak\u0131\u015f. <\/p>\n","protected":false},"excerpt":{"rendered":"<p>K\u00fc\u00e7\u00fck Kara Bulut, onu fark eder fark etmez \u015femsiyesini a\u00e7an insanlar\u0131 g\u00f6rd\u00fck\u00e7e h\u00fcng\u00fcr h\u00fcng\u00fcr a\u011fl\u0131yor. A\u011flamak istemiyor ama o a\u011flamazsa nas\u0131l ya\u011fmur ya\u011facak? Bembeyaz bulutlar aras\u0131nda<span class=\"excerpt-hellip\"> [\u2026]<\/span><\/p>\n","protected":false},"featured_media":0,"template":"","meta":{"_monsterinsights_skip_tracking":false,"_monsterinsights_sitenote_active":false,"_monsterinsights_sitenote_note":"","_monsterinsights_sitenote_category":0},"product_brand":[],"product_cat":[12275,12274],"product_tag":[],"class_list":{"0":"post-713151","1":"product","2":"type-product","3":"status-publish","5":"product_cat-6-12-yas-kitaplari","6":"product_cat-cocuk-ve-genclik-kitaplari","7":"pa_cilt-ciltsiz","8":"pa_tur-kitap","9":"pa_yayinevi-cinar-yayinlari","10":"pa_yazar-nazli-deniz-guler","12":"first","13":"instock","14":"sale","15":"shipping-taxable","16":"purchasable","17":"product-type-simple"},"_links":{"self":[{"href":"https:\/\/roveyayinevi.com.tr\/index.php\/wp-json\/wp\/v2\/product\/713151","targetHints":{"allow":["GET"]}}],"collection":[{"href":"https:\/\/roveyayinevi.com.tr\/index.php\/wp-json\/wp\/v2\/product"}],"about":[{"href":"https:\/\/roveyayinevi.com.tr\/index.php\/wp-json\/wp\/v2\/types\/product"}],"wp:attachment":[{"href":"https:\/\/roveyayinevi.com.tr\/index.php\/wp-json\/wp\/v2\/media?parent=713151"}],"wp:term":[{"taxonomy":"product_brand","embeddable":true,"href":"https:\/\/roveyayinevi.com.tr\/index.php\/wp-json\/wp\/v2\/product_brand?post=713151"},{"taxonomy":"product_cat","embeddable":true,"href":"https:\/\/roveyayinevi.com.tr\/index.php\/wp-json\/wp\/v2\/product_cat?post=713151"},{"taxonomy":"product_tag","embeddable":true,"href":"https:\/\/roveyayinevi.com.tr\/index.php\/wp-json\/wp\/v2\/product_tag?post=713151"}],"curies":[{"name":"wp","href":"https:\/\/api.w.org\/{rel}","templated":true}]}}