{"id":713150,"date":"2025-08-27T17:04:35","date_gmt":"2025-08-27T14:04:35","guid":{"rendered":"https:\/\/roveyayinevi.com.tr\/index.php\/urun\/yikik-bir-cocuk-bahcesi-gibiydi-yuzu\/"},"modified":"2026-04-16T02:21:43","modified_gmt":"2026-04-15T23:21:43","slug":"yikik-bir-cocuk-bahcesi-gibiydi-yuzu","status":"publish","type":"product","link":"https:\/\/roveyayinevi.com.tr\/index.php\/urun\/yikik-bir-cocuk-bahcesi-gibiydi-yuzu\/","title":{"rendered":"Y\u0131k\u0131k Bir \u00c7ocuk Bah\u00e7esi Gibiydi Y\u00fcz\u00fc"},"content":{"rendered":"<p>&#8211; Dil Derne\u011fi \u00d6mer As\u0131m Aksoy \u00d6d\u00fcl\u00fc &#8211; Bo\u015fnak askeri Saffet, yirmi ya\u015f\u0131nda \u00f6len k\u0131z karde\u015finin mezar\u0131na bir demet Saraybosna k\u0131rm\u0131z\u0131s\u0131 g\u00fcl b\u0131rak\u0131yor. Belle\u011fi onu gerilere, \u00e7ocuklu\u011funa g\u00f6t\u00fcr\u00fcyor. Evlerindeki \u00e7ocuk odas\u0131nda uyku zaman\u0131 geldi\u011finde, karde\u015finin ona anlatt\u0131\u011f\u0131 masallar\u0131 an\u0131ms\u0131yor. K\u0131rm\u0131z\u0131 g\u00fcllerden \u00e7evreye m\u00fcthi\u015f bir masal kokusu yay\u0131l\u0131yor. Dayanamay\u0131p g\u00fclleri koklamak i\u00e7in e\u011filiyor Saffet. Birden, sabahki ya\u011fmur y\u00fcz\u00fcnden kayganla\u015fan toprakta dengesini yitirip, yere yuvarlan\u0131yor. \u00c7amurun i\u00e7inde s\u0131rt\u00fcst\u00fc yatarken, sava\u015f\u0131n y\u0131rtt\u0131\u011f\u0131 g\u00f6ky\u00fcz\u00fcne bakarak s\u00f6yleniyor: \u201cBir asker g\u00fcl koklamak i\u00e7in bile e\u011filmemeli.\u201d \u00d6telerde, mezarl\u0131\u011f\u0131 g\u00f6ren y\u00fcksek bir yap\u0131n\u0131n tepesindeki S\u0131rp tetik\u00e7i, hedefinin bir anda ortadan yok olmas\u0131na sinirlenip a\u011fz\u0131ndaki sigaray\u0131 yere t\u00fck\u00fcr\u00fcyor. Ve t\u00fcfe\u011fin d\u00fcrb\u00fcn\u00fcne g\u00f6z\u00fcn\u00fc dayayarak yeni bir kurban aramaya ba\u015fl\u0131yor kendine. <\/p>\n","protected":false},"excerpt":{"rendered":"<p>&#8211; Dil Derne\u011fi \u00d6mer As\u0131m Aksoy \u00d6d\u00fcl\u00fc &#8211; Bo\u015fnak askeri Saffet, yirmi ya\u015f\u0131nda \u00f6len k\u0131z karde\u015finin mezar\u0131na bir demet Saraybosna k\u0131rm\u0131z\u0131s\u0131 g\u00fcl b\u0131rak\u0131yor. Belle\u011fi onu gerilere,<span class=\"excerpt-hellip\"> [\u2026]<\/span><\/p>\n","protected":false},"featured_media":0,"template":"","meta":{"_monsterinsights_skip_tracking":false,"_monsterinsights_sitenote_active":false,"_monsterinsights_sitenote_note":"","_monsterinsights_sitenote_category":0},"product_brand":[],"product_cat":[12777,12291],"product_tag":[],"class_list":{"0":"post-713150","1":"product","2":"type-product","3":"status-publish","5":"product_cat-deneme","6":"product_cat-edebiyat","7":"pa_cilt-ciltsiz","8":"pa_tur-kitap","9":"pa_yayinevi-kara-karga-yayinlari","10":"pa_yazar-akgun-akova","12":"first","13":"instock","14":"sale","15":"shipping-taxable","16":"purchasable","17":"product-type-simple"},"_links":{"self":[{"href":"https:\/\/roveyayinevi.com.tr\/index.php\/wp-json\/wp\/v2\/product\/713150","targetHints":{"allow":["GET"]}}],"collection":[{"href":"https:\/\/roveyayinevi.com.tr\/index.php\/wp-json\/wp\/v2\/product"}],"about":[{"href":"https:\/\/roveyayinevi.com.tr\/index.php\/wp-json\/wp\/v2\/types\/product"}],"wp:attachment":[{"href":"https:\/\/roveyayinevi.com.tr\/index.php\/wp-json\/wp\/v2\/media?parent=713150"}],"wp:term":[{"taxonomy":"product_brand","embeddable":true,"href":"https:\/\/roveyayinevi.com.tr\/index.php\/wp-json\/wp\/v2\/product_brand?post=713150"},{"taxonomy":"product_cat","embeddable":true,"href":"https:\/\/roveyayinevi.com.tr\/index.php\/wp-json\/wp\/v2\/product_cat?post=713150"},{"taxonomy":"product_tag","embeddable":true,"href":"https:\/\/roveyayinevi.com.tr\/index.php\/wp-json\/wp\/v2\/product_tag?post=713150"}],"curies":[{"name":"wp","href":"https:\/\/api.w.org\/{rel}","templated":true}]}}