{"id":713147,"date":"2025-08-27T17:04:33","date_gmt":"2025-08-27T14:04:33","guid":{"rendered":"https:\/\/roveyayinevi.com.tr\/index.php\/urun\/elimi-tut-yeter\/"},"modified":"2026-04-16T02:21:43","modified_gmt":"2026-04-15T23:21:43","slug":"elimi-tut-yeter","status":"publish","type":"product","link":"https:\/\/roveyayinevi.com.tr\/index.php\/urun\/elimi-tut-yeter\/","title":{"rendered":"Elimi Tut Yeter"},"content":{"rendered":"<p>O\u011flum F\u0131rat\u2019\u0131n be\u015f ya\u015f\u0131na varana kadar sordu\u011fu sorular benim ya\u015fam\u0131m boyunca kar\u015f\u0131la\u015ft\u0131\u011f\u0131m en zor s\u0131navlar oldu. Biriyle bir kahvalt\u0131 sofras\u0131nda kar\u015f\u0131la\u015ft\u0131m: \u201cYumurtalar neden u\u00e7muyo\u2019 baba?\u201dBir di\u011feri mutfak penceresinin \u00f6n\u00fcnden u\u00e7arak ge\u00e7en ku\u015flar y\u00fcz\u00fcnden soruldu: \u201cKargalar neden kara biliyo\u2019 musun?\u201d Ba\u015fka bir F\u0131rat sorusu, deniz k\u0131y\u0131s\u0131nda sulardan \u00e7\u0131kt\u0131: \u201cDamlalar birbirlerini nas\u0131l tan\u0131yo\u2019lar baba?\u201dEn yutkunduruculardan biri, dalgalar\u0131n sallad\u0131\u011f\u0131 Kad\u0131k\u00f6y-Emin\u00f6n\u00fc vapurunda buldu beni: \u201cVapurlar bat\u0131nca denizin can\u0131 ac\u0131r m\u0131, baba?\u201d *** Halime g\u00fcl\u00fcyorsunuz elbet, ama ben de \u015fimdi sormam m\u0131 size: Bilin bakal\u0131m, bir \u00e7ocuk sorular\u0131yla babas\u0131n\u0131 ne kadar uza\u011fa g\u00f6t\u00fcrebilir? Zor durumdaki bir baba yan\u0131tlar\u0131 nerelerde arar? Bana d\u00fc\u015fen, tarihin, edebiyat\u0131n, \u015fiirin, ger\u00e7eklerin ve d\u00fc\u015flerin i\u00e7ine dalmak oldu. D\u00f6nd\u00fc\u011f\u00fcmde yan\u0131mda M\u00e1rquez, Galeano, Uyar, Tolstoy, Cansever, Neruda, hatta bir s\u00fcr\u00fc astronot ve saat tamircisi de vard\u0131! F\u0131rat\u2019\u0131n baz\u0131 sorular\u0131na yan\u0131t olarak onlar\u0131 getirmi\u015ftim. Okuyunca g\u00f6receksiniz; \u00e7aresiz bir baban\u0131n i\u015fine yaram\u0131\u015flar m\u0131, yaramam\u0131\u015flar m\u0131? <\/p>\n","protected":false},"excerpt":{"rendered":"<p>O\u011flum F\u0131rat\u2019\u0131n be\u015f ya\u015f\u0131na varana kadar sordu\u011fu sorular benim ya\u015fam\u0131m boyunca kar\u015f\u0131la\u015ft\u0131\u011f\u0131m en zor s\u0131navlar oldu. Biriyle bir kahvalt\u0131 sofras\u0131nda kar\u015f\u0131la\u015ft\u0131m: \u201cYumurtalar neden u\u00e7muyo\u2019 baba?\u201dBir di\u011feri<span class=\"excerpt-hellip\"> [\u2026]<\/span><\/p>\n","protected":false},"featured_media":0,"template":"","meta":{"_monsterinsights_skip_tracking":false,"_monsterinsights_sitenote_active":false,"_monsterinsights_sitenote_note":"","_monsterinsights_sitenote_category":0},"product_brand":[],"product_cat":[12777,12291],"product_tag":[],"class_list":{"0":"post-713147","1":"product","2":"type-product","3":"status-publish","5":"product_cat-deneme","6":"product_cat-edebiyat","7":"pa_cilt-ciltsiz","8":"pa_tur-kitap","9":"pa_yayinevi-kara-karga-yayinlari","10":"pa_yazar-akgun-akova","12":"first","13":"instock","14":"sale","15":"shipping-taxable","16":"purchasable","17":"product-type-simple"},"_links":{"self":[{"href":"https:\/\/roveyayinevi.com.tr\/index.php\/wp-json\/wp\/v2\/product\/713147","targetHints":{"allow":["GET"]}}],"collection":[{"href":"https:\/\/roveyayinevi.com.tr\/index.php\/wp-json\/wp\/v2\/product"}],"about":[{"href":"https:\/\/roveyayinevi.com.tr\/index.php\/wp-json\/wp\/v2\/types\/product"}],"wp:attachment":[{"href":"https:\/\/roveyayinevi.com.tr\/index.php\/wp-json\/wp\/v2\/media?parent=713147"}],"wp:term":[{"taxonomy":"product_brand","embeddable":true,"href":"https:\/\/roveyayinevi.com.tr\/index.php\/wp-json\/wp\/v2\/product_brand?post=713147"},{"taxonomy":"product_cat","embeddable":true,"href":"https:\/\/roveyayinevi.com.tr\/index.php\/wp-json\/wp\/v2\/product_cat?post=713147"},{"taxonomy":"product_tag","embeddable":true,"href":"https:\/\/roveyayinevi.com.tr\/index.php\/wp-json\/wp\/v2\/product_tag?post=713147"}],"curies":[{"name":"wp","href":"https:\/\/api.w.org\/{rel}","templated":true}]}}