{"id":713146,"date":"2025-08-27T17:04:32","date_gmt":"2025-08-27T14:04:32","guid":{"rendered":"https:\/\/roveyayinevi.com.tr\/index.php\/urun\/varoluscu-psikoterapi\/"},"modified":"2026-04-16T02:21:43","modified_gmt":"2026-04-15T23:21:43","slug":"varoluscu-psikoterapi","status":"publish","type":"product","link":"https:\/\/roveyayinevi.com.tr\/index.php\/urun\/varoluscu-psikoterapi\/","title":{"rendered":"Varolu\u015f\u00e7u Psikoterapi"},"content":{"rendered":"<p>Varolu\u015f\u00e7u psikoterapi d\u00fcnya \u00e7ap\u0131nda pek \u00e7ok \u015fekilde uyguland\u0131 ve uygulanmaya devam ediyor. Fakat \u015fu ana dek tutarl\u0131 bir yap\u0131dan, varsay\u0131mlar\u0131n\u0131n analizinden ve faydas\u0131na dair de\u011ferlendirmeden yoksundu. Grup Psikoterapisinin Teori ve Prati\u011fi adl\u0131 kitab\u0131 1970\u2019ten beri alan\u0131nda bu i\u015flevi g\u00f6ren Irvin Yalom, varolu\u015f\u00e7u psikoterapiyi arka plan\u0131, sentezi ve \u00e7er\u00e7evesiyle birlikte ortaya koyuyor. Yalom\u2019un hayatla ilgili d\u00f6rt nihai kayg\u0131 olarak tan\u0131mlad\u0131\u011f\u0131 \u201c\u00f6l\u00fcm, \u00f6zg\u00fcrl\u00fck, varolu\u015fsal yal\u0131t\u0131m ve anlams\u0131zl\u0131k\u201d etraf\u0131nda organize olan kitap, b\u00fct\u00fcn bu varolu\u015fsal kayg\u0131lar\u0131n anlam\u0131n\u0131 ve onlarla kar\u015f\u0131la\u015ft\u0131\u011f\u0131m\u0131zda meydana gelen \u00e7at\u0131\u015fma t\u00fcrlerini ele al\u0131yor. Yalom bu kayg\u0131lar\u0131n ki\u015filik ve psikopatolojide kendini nas\u0131l g\u00f6sterdi\u011fini ve bunlara dair bilgimizin tedaviye nas\u0131l destek olaca\u011f\u0131n\u0131 anlat\u0131yor. Bu kitap, kendi klinik deneyimlerinde geleneksel kuramlar\u0131n yetersizli\u011fini sezen psikoterapistler i\u00e7in entelekt\u00fcel bir temel olu\u015fturarak deneysel ara\u015ft\u0131rmalara yeni kap\u0131lar a\u00e7\u0131yor. \u201cBu harikulade kitab\u0131n varolu\u015f\u00e7u psikoterapi alan\u0131ndakiler, hatta t\u00fcm klinisyenler i\u00e7in bir klasik haline gelece\u011fine inan\u0131yorum. Ancak Varolu\u015f\u00e7u Psikoterapi\u2019nin okuyucu kitlesini yaln\u0131zca psikiyatrist ve psikologlarla s\u0131n\u0131rlamak yanl\u0131\u015f olur, bu kitab\u0131n insanlar\u0131n neyi ni\u00e7in yapt\u0131\u011f\u0131n\u0131 anlamak isteyen herkese faydas\u0131 dokunacakt\u0131r.\u201d- Rollo May &#8211; \u201cVarolu\u015f\u00e7u Psikoterapi bu alanda \u00e7al\u0131\u015fan psikoterapistler i\u00e7in \u00e7ok de\u011ferli ama insan ya\u015fam\u0131 \u00fczerine kafa yoranlar i\u00e7in de s\u0131ra d\u0131\u015f\u0131 bir okuma deneyimi sunuyor.\u201d- Jerome D. Frank &#8211; <\/p>\n","protected":false},"excerpt":{"rendered":"<p>Varolu\u015f\u00e7u psikoterapi d\u00fcnya \u00e7ap\u0131nda pek \u00e7ok \u015fekilde uyguland\u0131 ve uygulanmaya devam ediyor. Fakat \u015fu ana dek tutarl\u0131 bir yap\u0131dan, varsay\u0131mlar\u0131n\u0131n analizinden ve faydas\u0131na dair de\u011ferlendirmeden yoksundu.<span class=\"excerpt-hellip\"> [\u2026]<\/span><\/p>\n","protected":false},"featured_media":0,"template":"","meta":{"_monsterinsights_skip_tracking":false,"_monsterinsights_sitenote_active":false,"_monsterinsights_sitenote_note":"","_monsterinsights_sitenote_category":0},"product_brand":[],"product_cat":[12358,12357],"product_tag":[],"class_list":{"0":"post-713146","1":"product","2":"type-product","3":"status-publish","5":"product_cat-genel-psikoloji","6":"product_cat-psikoloji","7":"pa_cilt-ciltsiz","8":"pa_tur-kitap","9":"pa_yayinevi-pegasus-yayinlari","10":"pa_yazar-irvin-d-yalom","12":"first","13":"instock","14":"sale","15":"shipping-taxable","16":"purchasable","17":"product-type-simple"},"_links":{"self":[{"href":"https:\/\/roveyayinevi.com.tr\/index.php\/wp-json\/wp\/v2\/product\/713146","targetHints":{"allow":["GET"]}}],"collection":[{"href":"https:\/\/roveyayinevi.com.tr\/index.php\/wp-json\/wp\/v2\/product"}],"about":[{"href":"https:\/\/roveyayinevi.com.tr\/index.php\/wp-json\/wp\/v2\/types\/product"}],"wp:attachment":[{"href":"https:\/\/roveyayinevi.com.tr\/index.php\/wp-json\/wp\/v2\/media?parent=713146"}],"wp:term":[{"taxonomy":"product_brand","embeddable":true,"href":"https:\/\/roveyayinevi.com.tr\/index.php\/wp-json\/wp\/v2\/product_brand?post=713146"},{"taxonomy":"product_cat","embeddable":true,"href":"https:\/\/roveyayinevi.com.tr\/index.php\/wp-json\/wp\/v2\/product_cat?post=713146"},{"taxonomy":"product_tag","embeddable":true,"href":"https:\/\/roveyayinevi.com.tr\/index.php\/wp-json\/wp\/v2\/product_tag?post=713146"}],"curies":[{"name":"wp","href":"https:\/\/api.w.org\/{rel}","templated":true}]}}