{"id":713143,"date":"2025-08-27T17:04:30","date_gmt":"2025-08-27T14:04:30","guid":{"rendered":"https:\/\/roveyayinevi.com.tr\/index.php\/urun\/kehribar-gozyaslari\/"},"modified":"2026-04-16T02:21:43","modified_gmt":"2026-04-15T23:21:43","slug":"kehribar-gozyaslari","status":"publish","type":"product","link":"https:\/\/roveyayinevi.com.tr\/index.php\/urun\/kehribar-gozyaslari\/","title":{"rendered":"Kehribar G\u00f6zya\u015flar\u0131"},"content":{"rendered":"<p>Zeynep ne anlatsa, bu anda Zehra i\u00e7in bo\u015f laft\u0131 bunlar\u0131n hepsi. Ahretli\u011fine d\u00f6nd\u00fc ve, onu da sus pus eden \u015fu kelimeler d\u00f6k\u00fcld\u00fc a\u011fz\u0131ndan: \u2018Benim y\u00fcre\u011fim tutsak Zeynebim, y\u00fcre\u011fim tutsak benim. Y\u00fcre\u011fim tutsak olduktan sonra, bedenim \u00f6zg\u00fcr olmu\u015f ne fayda!\u2026\u2019 Bir annenin y\u00fcrek \u00e7a\u011f\u0131lt\u0131s\u0131yd\u0131 bu s\u00f6zler. Zavall\u0131 Zehra, hislerine galip gelmeye \u00e7al\u0131\u015fsa da, elbette her zaman m\u00fcmk\u00fcn olmuyordu bu. Zeynep arkada\u015f\u0131n\u0131n elini avu\u00e7lar\u0131n\u0131n aras\u0131na ald\u0131 ve birlikte ufka dald\u0131lar\u2026 KEHR\u0130BAR G\u00d6ZYA\u015eLARI\u2026 \u00d6yle bir roman d\u00fc\u015f\u00fcn\u00fcn ki, kurgusunda insana ait b\u00fct\u00fcn duygular bulunmakta\u2026 Bir kalbin i\u00e7inde var olan b\u00fct\u00fcn hisler, bir kitab\u0131n iki kapa\u011f\u0131n\u0131n aras\u0131nda\u2026 Mutluluk, h\u00fcz\u00fcn, umut, umutsuzluk, hasret, k\u0131zg\u0131nl\u0131k, k\u0131rg\u0131nl\u0131k, bekleyi\u015f, sab\u0131r ve daha ismi olan ve isimsiz b\u00fct\u00fcn duygular\u2026 Elinizdeki roman\u0131n sayfalar\u0131 aras\u0131nda gezinirken, an gelecek kahkahalarla g\u00fcl\u00fcmseyecek, an gelecek h\u0131\u00e7k\u0131ra h\u0131\u00e7k\u0131ra \u201cKehribar G\u00f6zya\u015flar\u0131\u201dna bo\u011fulacaks\u0131n\u0131z. Soluk solu\u011fa ak\u0131p giden kurgusuyla meraktan yerinizde duramayacak, bir annenin \u00e7\u0131\u011fl\u0131klar\u0131n\u0131 an be an i\u015fitecek ve \u00f6yk\u00fcn\u00fcn karakterlerinin biri de siz olacaks\u0131n\u0131z. Kehribar G\u00f6zya\u015flar\u0131, son zamanlarda say\u0131lar\u0131 iyice artan ve binlerce yuvay\u0131 yang\u0131n yerine \u00e7eviren ka\u00e7\u0131r\u0131lan ve kay\u0131p \u00e7ocuk olaylar\u0131 hakk\u0131nda toplumsal bilincin olu\u015fmas\u0131nda bir nebze fayda sa\u011flamak amac\u0131yla kaleme d\u00f6k\u00fclm\u00fc\u015f, destans\u0131 bir evlat hasretinin roman\u0131d\u0131r\u2026 <\/p>\n","protected":false},"excerpt":{"rendered":"<p>Zeynep ne anlatsa, bu anda Zehra i\u00e7in bo\u015f laft\u0131 bunlar\u0131n hepsi. Ahretli\u011fine d\u00f6nd\u00fc ve, onu da sus pus eden \u015fu kelimeler d\u00f6k\u00fcld\u00fc a\u011fz\u0131ndan: \u2018Benim y\u00fcre\u011fim tutsak<span class=\"excerpt-hellip\"> [\u2026]<\/span><\/p>\n","protected":false},"featured_media":0,"template":"","meta":{"_monsterinsights_skip_tracking":false,"_monsterinsights_sitenote_active":false,"_monsterinsights_sitenote_note":"","_monsterinsights_sitenote_category":0},"product_brand":[],"product_cat":[12291,12711],"product_tag":[],"class_list":{"0":"post-713143","1":"product","2":"type-product","3":"status-publish","5":"product_cat-edebiyat","6":"product_cat-roman-oyku","7":"pa_cilt-ciltsiz","8":"pa_tur-kitap","9":"pa_yayinevi-cinaralti-yayinlari","10":"pa_yazar-ilhami-akan","12":"first","13":"instock","14":"sale","15":"shipping-taxable","16":"purchasable","17":"product-type-simple"},"_links":{"self":[{"href":"https:\/\/roveyayinevi.com.tr\/index.php\/wp-json\/wp\/v2\/product\/713143","targetHints":{"allow":["GET"]}}],"collection":[{"href":"https:\/\/roveyayinevi.com.tr\/index.php\/wp-json\/wp\/v2\/product"}],"about":[{"href":"https:\/\/roveyayinevi.com.tr\/index.php\/wp-json\/wp\/v2\/types\/product"}],"wp:attachment":[{"href":"https:\/\/roveyayinevi.com.tr\/index.php\/wp-json\/wp\/v2\/media?parent=713143"}],"wp:term":[{"taxonomy":"product_brand","embeddable":true,"href":"https:\/\/roveyayinevi.com.tr\/index.php\/wp-json\/wp\/v2\/product_brand?post=713143"},{"taxonomy":"product_cat","embeddable":true,"href":"https:\/\/roveyayinevi.com.tr\/index.php\/wp-json\/wp\/v2\/product_cat?post=713143"},{"taxonomy":"product_tag","embeddable":true,"href":"https:\/\/roveyayinevi.com.tr\/index.php\/wp-json\/wp\/v2\/product_tag?post=713143"}],"curies":[{"name":"wp","href":"https:\/\/api.w.org\/{rel}","templated":true}]}}