{"id":713135,"date":"2025-08-27T17:04:26","date_gmt":"2025-08-27T14:04:26","guid":{"rendered":"https:\/\/roveyayinevi.com.tr\/index.php\/urun\/adim-adim-resim-ciziyorum-dinozorlar\/"},"modified":"2026-04-16T02:21:43","modified_gmt":"2026-04-15T23:21:43","slug":"adim-adim-resim-ciziyorum-dinozorlar","status":"publish","type":"product","link":"https:\/\/roveyayinevi.com.tr\/index.php\/urun\/adim-adim-resim-ciziyorum-dinozorlar\/","title":{"rendered":"Ad\u0131m Ad\u0131m Resim \u00c7iziyorum &#8211; Dinozorlar"},"content":{"rendered":"<p>Ad\u0131m ad\u0131m ilerleyen y\u00f6nergeleri takip edecek ve pek \u00e7ok farkl\u0131 dinozor resmini kolayca \u00e7izebileceksiniz. \u00dcstelik resimlerinizi yap\u0131p yetene\u011finizi sergilemeniz i\u00e7in size yeterince bo\u015f yer de b\u0131rakt\u0131k. Zamanla kendi tekni\u011finizi geli\u015ftirecek, kendi tarz\u0131n\u0131z\u0131 ortaya koyarak \u00e7evrenizdekileri b\u00fcy\u00fcleyeceksiniz. Haydi, \u015fimdi resim \u00e7izelim. \u00c7ok e\u011flenecek, resim \u00e7izme yetene\u011finizle gurur duyacaks\u0131n\u0131z. Aman dikkat! Kitab\u0131n\u0131za g\u00f6z\u00fcn\u00fcz gibi bak\u0131p elinizin alt\u0131ndan asla ay\u0131rmay\u0131n \u00e7\u00fcnk\u00fc b\u00fcy\u00fckler de onu sizinle payla\u015fmak isteyecekler\u2026 <\/p>\n","protected":false},"excerpt":{"rendered":"<p>Ad\u0131m ad\u0131m ilerleyen y\u00f6nergeleri takip edecek ve pek \u00e7ok farkl\u0131 dinozor resmini kolayca \u00e7izebileceksiniz. \u00dcstelik resimlerinizi yap\u0131p yetene\u011finizi sergilemeniz i\u00e7in size yeterince bo\u015f yer de b\u0131rakt\u0131k.<span class=\"excerpt-hellip\"> [\u2026]<\/span><\/p>\n","protected":false},"featured_media":0,"template":"","meta":{"_monsterinsights_skip_tracking":false,"_monsterinsights_sitenote_active":false,"_monsterinsights_sitenote_note":"","_monsterinsights_sitenote_category":0},"product_brand":[],"product_cat":[12274,12518],"product_tag":[],"class_list":{"0":"post-713135","1":"product","2":"type-product","3":"status-publish","5":"product_cat-cocuk-ve-genclik-kitaplari","6":"product_cat-okul-oncesi-kitaplar","7":"pa_cilt-ciltsiz","8":"pa_tur-kitap","9":"pa_yayinevi-1001-cicek-kitaplar","10":"pa_yazar-fiona-watt","12":"first","13":"instock","14":"sale","15":"shipping-taxable","16":"purchasable","17":"product-type-simple"},"_links":{"self":[{"href":"https:\/\/roveyayinevi.com.tr\/index.php\/wp-json\/wp\/v2\/product\/713135","targetHints":{"allow":["GET"]}}],"collection":[{"href":"https:\/\/roveyayinevi.com.tr\/index.php\/wp-json\/wp\/v2\/product"}],"about":[{"href":"https:\/\/roveyayinevi.com.tr\/index.php\/wp-json\/wp\/v2\/types\/product"}],"wp:attachment":[{"href":"https:\/\/roveyayinevi.com.tr\/index.php\/wp-json\/wp\/v2\/media?parent=713135"}],"wp:term":[{"taxonomy":"product_brand","embeddable":true,"href":"https:\/\/roveyayinevi.com.tr\/index.php\/wp-json\/wp\/v2\/product_brand?post=713135"},{"taxonomy":"product_cat","embeddable":true,"href":"https:\/\/roveyayinevi.com.tr\/index.php\/wp-json\/wp\/v2\/product_cat?post=713135"},{"taxonomy":"product_tag","embeddable":true,"href":"https:\/\/roveyayinevi.com.tr\/index.php\/wp-json\/wp\/v2\/product_tag?post=713135"}],"curies":[{"name":"wp","href":"https:\/\/api.w.org\/{rel}","templated":true}]}}