{"id":713134,"date":"2025-08-27T17:04:25","date_gmt":"2025-08-27T14:04:25","guid":{"rendered":"https:\/\/roveyayinevi.com.tr\/index.php\/urun\/canima-susuyorum\/"},"modified":"2025-10-13T04:33:22","modified_gmt":"2025-10-13T01:33:22","slug":"canima-susuyorum","status":"publish","type":"product","link":"https:\/\/roveyayinevi.com.tr\/index.php\/urun\/canima-susuyorum\/","title":{"rendered":"Can\u0131ma Susuyorum?"},"content":{"rendered":"<p>Bakars\u0131n atar tepemin tas\u0131! Bi telefon a\u00e7ar\u0131m sana &#8216;B\u0131rak tas\u0131 tara\u011f\u0131 gidiyoruz&#8217; derim Ne mesaisi kal\u0131r saatlerin Ne de ba\u015f\u0131 sonu haftan\u0131n Eni sonu \u00f6l\u00fcml\u00fcy\u00fcz der Bize ayr\u0131lan s\u00fcreyi ya\u015far\u0131z dolu dolu G\u00fcn biter, g\u00fcn gelir mah\u015ferde dikiliriz \u2018Hesaplar benden\u2019 derim ve s\u0131\u011f\u0131n\u0131r\u0131z rahmete Pek bir sermayemiz olmaz da kulluktan yana Halimiz Allah&#8217;\u0131n kanaat notuna kal\u0131r Bir de bakm\u0131\u015fs\u0131n ki emir buyrulmu\u015f ikimize \u201cTutu\u015fun elele, hadi Cennet&#8217;e\u201d diye Nedeni sen olursun Neden olmas\u0131n&#8230; <\/p>\n","protected":false},"excerpt":{"rendered":"<p>Bakars\u0131n atar tepemin tas\u0131! Bi telefon a\u00e7ar\u0131m sana &#8216;B\u0131rak tas\u0131 tara\u011f\u0131 gidiyoruz&#8217; derim Ne mesaisi kal\u0131r saatlerin Ne de ba\u015f\u0131 sonu haftan\u0131n Eni sonu \u00f6l\u00fcml\u00fcy\u00fcz der<span class=\"excerpt-hellip\"> [\u2026]<\/span><\/p>\n","protected":false},"featured_media":0,"template":"","meta":{"_monsterinsights_skip_tracking":false,"_monsterinsights_sitenote_active":false,"_monsterinsights_sitenote_note":"","_monsterinsights_sitenote_category":0},"product_brand":[],"product_cat":[12777,12291],"product_tag":[],"class_list":{"0":"post-713134","1":"product","2":"type-product","3":"status-publish","5":"product_cat-deneme","6":"product_cat-edebiyat","7":"pa_cilt-ciltsiz","8":"pa_tur-kitap","9":"pa_yayinevi-hayykitap","10":"pa_yazar-mehmet-ercan","12":"first","13":"instock","14":"sale","15":"shipping-taxable","16":"purchasable","17":"product-type-simple"},"_links":{"self":[{"href":"https:\/\/roveyayinevi.com.tr\/index.php\/wp-json\/wp\/v2\/product\/713134","targetHints":{"allow":["GET"]}}],"collection":[{"href":"https:\/\/roveyayinevi.com.tr\/index.php\/wp-json\/wp\/v2\/product"}],"about":[{"href":"https:\/\/roveyayinevi.com.tr\/index.php\/wp-json\/wp\/v2\/types\/product"}],"wp:attachment":[{"href":"https:\/\/roveyayinevi.com.tr\/index.php\/wp-json\/wp\/v2\/media?parent=713134"}],"wp:term":[{"taxonomy":"product_brand","embeddable":true,"href":"https:\/\/roveyayinevi.com.tr\/index.php\/wp-json\/wp\/v2\/product_brand?post=713134"},{"taxonomy":"product_cat","embeddable":true,"href":"https:\/\/roveyayinevi.com.tr\/index.php\/wp-json\/wp\/v2\/product_cat?post=713134"},{"taxonomy":"product_tag","embeddable":true,"href":"https:\/\/roveyayinevi.com.tr\/index.php\/wp-json\/wp\/v2\/product_tag?post=713134"}],"curies":[{"name":"wp","href":"https:\/\/api.w.org\/{rel}","templated":true}]}}