{"id":713132,"date":"2025-08-27T17:04:24","date_gmt":"2025-08-27T14:04:24","guid":{"rendered":"https:\/\/roveyayinevi.com.tr\/index.php\/urun\/toprak-isleri-ders-notlari\/"},"modified":"2026-04-16T02:21:42","modified_gmt":"2026-04-15T23:21:42","slug":"toprak-isleri-ders-notlari","status":"publish","type":"product","link":"https:\/\/roveyayinevi.com.tr\/index.php\/urun\/toprak-isleri-ders-notlari\/","title":{"rendered":"Toprak \u0130\u015fleri Ders Notlar\u0131"},"content":{"rendered":"<p>\u0130\u00e7indekiler 1-En Kesit \u00c7izimleri ve Hesaplar\u0131 2-En-Kesit Alan Hesaplama Y\u00f6ntemleri 3-Alanlar Diyagram\u0131 4-Hacim Hesaplar\u0131 5-Kabarma-\u00c7\u00f6kme-S\u0131k\u0131\u015fma 6-Hacimler Tablosu ve K\u00fcbaj Cetveli 7-Toprak \u0130\u015flerinde Zeminler 7-1 Kaz\u0131 \u0130\u015fleri 7-2 Dolgular 8-Kaz\u0131 ve Y\u00fckleme 9-Zeminlerin S\u0131k\u0131\u015ft\u0131r\u0131lmas\u0131 <\/p>\n","protected":false},"excerpt":{"rendered":"<p>\u0130\u00e7indekiler 1-En Kesit \u00c7izimleri ve Hesaplar\u0131 2-En-Kesit Alan Hesaplama Y\u00f6ntemleri 3-Alanlar Diyagram\u0131 4-Hacim Hesaplar\u0131 5-Kabarma-\u00c7\u00f6kme-S\u0131k\u0131\u015fma 6-Hacimler Tablosu ve K\u00fcbaj Cetveli 7-Toprak \u0130\u015flerinde Zeminler 7-1 Kaz\u0131 \u0130\u015fleri<span class=\"excerpt-hellip\"> [\u2026]<\/span><\/p>\n","protected":false},"featured_media":0,"template":"","meta":{"_monsterinsights_skip_tracking":false,"_monsterinsights_sitenote_active":false,"_monsterinsights_sitenote_note":"","_monsterinsights_sitenote_category":0},"product_brand":[],"product_cat":[15351,15350],"product_tag":[],"class_list":{"0":"post-713132","1":"product","2":"type-product","3":"status-publish","5":"product_cat-ders-kitaplari","6":"product_cat-hukuk","7":"pa_cilt-ciltsiz","8":"pa_tur-kitap","9":"pa_yayinevi-gazi-kitabevi","10":"pa_yazar-mehmet-orhan","12":"first","13":"instock","14":"sale","15":"shipping-taxable","16":"purchasable","17":"product-type-simple"},"_links":{"self":[{"href":"https:\/\/roveyayinevi.com.tr\/index.php\/wp-json\/wp\/v2\/product\/713132","targetHints":{"allow":["GET"]}}],"collection":[{"href":"https:\/\/roveyayinevi.com.tr\/index.php\/wp-json\/wp\/v2\/product"}],"about":[{"href":"https:\/\/roveyayinevi.com.tr\/index.php\/wp-json\/wp\/v2\/types\/product"}],"wp:attachment":[{"href":"https:\/\/roveyayinevi.com.tr\/index.php\/wp-json\/wp\/v2\/media?parent=713132"}],"wp:term":[{"taxonomy":"product_brand","embeddable":true,"href":"https:\/\/roveyayinevi.com.tr\/index.php\/wp-json\/wp\/v2\/product_brand?post=713132"},{"taxonomy":"product_cat","embeddable":true,"href":"https:\/\/roveyayinevi.com.tr\/index.php\/wp-json\/wp\/v2\/product_cat?post=713132"},{"taxonomy":"product_tag","embeddable":true,"href":"https:\/\/roveyayinevi.com.tr\/index.php\/wp-json\/wp\/v2\/product_tag?post=713132"}],"curies":[{"name":"wp","href":"https:\/\/api.w.org\/{rel}","templated":true}]}}