{"id":713130,"date":"2025-08-27T17:04:23","date_gmt":"2025-08-27T14:04:23","guid":{"rendered":"https:\/\/roveyayinevi.com.tr\/index.php\/urun\/zihnin-yasami\/"},"modified":"2026-04-16T02:21:42","modified_gmt":"2026-04-15T23:21:42","slug":"zihnin-yasami","status":"publish","type":"product","link":"https:\/\/roveyayinevi.com.tr\/index.php\/urun\/zihnin-yasami\/","title":{"rendered":"Zihnin Ya\u015fam\u0131"},"content":{"rendered":"<p>Gelece\u011fe y\u00f6nelik tasar\u0131lar\u0131yla irade, zorunluluk inanc\u0131na, yani d\u00fcnyan\u0131n rehavet olarak adland\u0131rd\u0131\u011f\u0131 d\u00fczenine g\u00f6sterdi\u011fimiz r\u0131zaya kar\u015f\u0131 koyar.Yine de d\u00fcnyan\u0131n sadece \u015fimdi de\u011fil ge\u00e7mi\u015fte de hi\u00e7bir zaman i\u00e7in olmas\u0131 gerekti\u011fi gibi olmad\u0131\u011f\u0131 herkes i\u00e7in a\u00e7\u0131k de\u011fil midir? Ayr\u0131ca bu \u2018olmas\u0131 gereken\u2019in ne oldu\u011funu kim bilir ya da \u015fimdiye kadar kim bilmi\u015ftir ki? \u2018Olmas\u0131 gereken\u2019 \u00fclk\u00fcseldir \u00fctopyan\u0131zla ba\u011flant\u0131l\u0131d\u0131r; d\u00fcnyada hakiki bir yeri ya da topos\u2019u yoktur. Zorunlulu\u011fa duyulan g\u00fcven, her \u015feyin \u2018olaca\u011f\u0131na vard\u0131\u011f\u0131\u2019 inanc\u0131, olumsall\u0131k bedeli \u00f6denerek sat\u0131n al\u0131nan \u00f6zg\u00fcrl\u00fckten \u00e7ok daha tercih edilir de\u011fil midir?\u201d Yabanc\u0131la\u015fman\u0131n \u201cyabanc\u0131la\u015fma\u201d olarak adland\u0131r\u0131lamad\u0131\u011f\u0131, yani \u201cdo\u011falla\u015ft\u0131\u011f\u0131\u201d bir ba\u011flamda \u201cirade\u201dnin ve \u201ceyleme\u201dnin gereksizle\u015fmesi ka\u00e7\u0131n\u0131lmaz hale geldi. Bu t\u00fcrden bir kadercilik, \u201ciradenin iyimserli\u011fi\u201dni s\u00fcresiz erteleyerek, olaylar\u0131n \u201colaca\u011f\u0131na varaca\u011f\u0131\u201d bir perspektifi me\u015frula\u015ft\u0131rd\u0131. Zihnin Ya\u015fam\u0131\u2019nda \u201cd\u00fcnya a\u015fk\u0131\u201dyla kalemine sar\u0131lan Arendt, \u00e7a\u011fda\u015f siyaset felsefesi alan\u0131nda \u00fczerine olduk\u00e7a \u00e7aba harcanan bu soruna \u00f6zg\u00fcn bir cevap \u00fcretmeye \u00e7al\u0131\u015f\u0131rken, Aristo\u2019dan Platon\u2019a, Hegel\u2019den Kant\u2019a ve Heidegger\u2019e bize ucu buca\u011f\u0131 olmayan siyasi d\u00fc\u015f\u00fcnce yolculu\u011funda bir pusula sunuyor. Var etti\u011fimiz d\u00fcnyay\u0131, ba\u015fka t\u00fcrl\u00fc de tasavvur edebilece\u011fimiz, in\u015fa edebilece\u011fimiz bilincini, ard\u0131m\u0131zda b\u0131rakt\u0131\u011f\u0131m\u0131za duydu\u011fumuz sorumlulukla, d\u00fcnyevi bir a\u015fkla hat\u0131rlatan ba\u015fucu miras\u0131&#8230; <\/p>\n","protected":false},"excerpt":{"rendered":"<p>Gelece\u011fe y\u00f6nelik tasar\u0131lar\u0131yla irade, zorunluluk inanc\u0131na, yani d\u00fcnyan\u0131n rehavet olarak adland\u0131rd\u0131\u011f\u0131 d\u00fczenine g\u00f6sterdi\u011fimiz r\u0131zaya kar\u015f\u0131 koyar.Yine de d\u00fcnyan\u0131n sadece \u015fimdi de\u011fil ge\u00e7mi\u015fte de hi\u00e7bir zaman i\u00e7in<span class=\"excerpt-hellip\"> [\u2026]<\/span><\/p>\n","protected":false},"featured_media":0,"template":"","meta":{"_monsterinsights_skip_tracking":false,"_monsterinsights_sitenote_active":false,"_monsterinsights_sitenote_note":"","_monsterinsights_sitenote_category":0},"product_brand":[],"product_cat":[12312,12304],"product_tag":[],"class_list":{"0":"post-713130","1":"product","2":"type-product","3":"status-publish","5":"product_cat-diger","6":"product_cat-tarih","7":"pa_cilt-ciltsiz","8":"pa_tur-kitap","9":"pa_yayinevi-iletisim-yayinlari","10":"pa_yazar-hannah-arendt","12":"first","13":"instock","14":"sale","15":"shipping-taxable","16":"purchasable","17":"product-type-simple"},"_links":{"self":[{"href":"https:\/\/roveyayinevi.com.tr\/index.php\/wp-json\/wp\/v2\/product\/713130","targetHints":{"allow":["GET"]}}],"collection":[{"href":"https:\/\/roveyayinevi.com.tr\/index.php\/wp-json\/wp\/v2\/product"}],"about":[{"href":"https:\/\/roveyayinevi.com.tr\/index.php\/wp-json\/wp\/v2\/types\/product"}],"wp:attachment":[{"href":"https:\/\/roveyayinevi.com.tr\/index.php\/wp-json\/wp\/v2\/media?parent=713130"}],"wp:term":[{"taxonomy":"product_brand","embeddable":true,"href":"https:\/\/roveyayinevi.com.tr\/index.php\/wp-json\/wp\/v2\/product_brand?post=713130"},{"taxonomy":"product_cat","embeddable":true,"href":"https:\/\/roveyayinevi.com.tr\/index.php\/wp-json\/wp\/v2\/product_cat?post=713130"},{"taxonomy":"product_tag","embeddable":true,"href":"https:\/\/roveyayinevi.com.tr\/index.php\/wp-json\/wp\/v2\/product_tag?post=713130"}],"curies":[{"name":"wp","href":"https:\/\/api.w.org\/{rel}","templated":true}]}}