{"id":713124,"date":"2025-08-27T17:04:20","date_gmt":"2025-08-27T14:04:20","guid":{"rendered":"https:\/\/roveyayinevi.com.tr\/index.php\/urun\/hippokrates-kulliyati\/"},"modified":"2026-04-16T02:21:42","modified_gmt":"2026-04-15T23:21:42","slug":"hippokrates-kulliyati","status":"publish","type":"product","link":"https:\/\/roveyayinevi.com.tr\/index.php\/urun\/hippokrates-kulliyati\/","title":{"rendered":"Hippokrates K\u00fclliyat\u0131"},"content":{"rendered":"<p>Bat\u0131 t\u0131p literat\u00fcr\u00fcn\u00fcn g\u00fcn\u00fcm\u00fcze gelen ilk metinleriyle birlikte, Yunanistan\u2019da t\u0131p sanat\u0131n\u0131n M.\u00d6. 5. y\u00fczy\u0131lda ger\u00e7ek bir bilim halini ald\u0131\u011f\u0131 g\u00f6r\u00fcl\u00fcr. Bu ilerleme ve geli\u015fme, genellikle bir adla, Koslu Hippokretes\u2019in ad\u0131yla ayr\u0131lmaz \u015fekilde ba\u011flant\u0131l\u0131d\u0131r, genellikle ona \u201ct\u0131bb\u0131n babas\u0131\u201d denir, destanda Homeros\u2019a yap\u0131ld\u0131\u011f\u0131 gibi, kimi zaman ona da yar\u0131 efsanevi k\u00f6kenlerden gelen kimselerin aras\u0131nda yer verilir. Fakat Hippokrates Homeros gibi karanl\u0131k \u00e7a\u011flar\u0131n temsilcisi de\u011fildir: Perikles\u2019in \u00e7a\u011fda\u015f\u0131d\u0131r ve hen\u00fcz sa\u011fken, bug\u00fcn Hippokrates K\u00fclliyat\u0131 genel ba\u015fl\u0131\u011f\u0131yla adland\u0131r\u0131lan 5. ve 6. y\u00fczy\u0131l\u0131n t\u0131bbi eserlerinin hepsi ona atfedilecek kadar \u00fcnl\u00fcd\u00fcr. Bu metinlerin ve onlara ad\u0131 verilenin \u00f6ne \u00e7\u0131kan yanlar\u0131 o kadar \u00e7arp\u0131c\u0131d\u0131r ki klasik Yunan t\u0131bb\u0131n\u0131n ba\u015fka eserleri tamam\u0131yla kaybolmu\u015ftur: Bir tek Hippokrates K\u00fclliyat\u0131 hi\u00e7 ku\u015fkusuz ad\u0131n\u0131 veren ki\u015finin ola\u011fan\u00fcst\u00fc \u00fcn\u00fc nedeniyle yok olmaktan kurtulmu\u015ftur. <\/p>\n","protected":false},"excerpt":{"rendered":"<p>Bat\u0131 t\u0131p literat\u00fcr\u00fcn\u00fcn g\u00fcn\u00fcm\u00fcze gelen ilk metinleriyle birlikte, Yunanistan\u2019da t\u0131p sanat\u0131n\u0131n M.\u00d6. 5. y\u00fczy\u0131lda ger\u00e7ek bir bilim halini ald\u0131\u011f\u0131 g\u00f6r\u00fcl\u00fcr. Bu ilerleme ve geli\u015fme, genellikle bir<span class=\"excerpt-hellip\"> [\u2026]<\/span><\/p>\n","protected":false},"featured_media":0,"template":"","meta":{"_monsterinsights_skip_tracking":false,"_monsterinsights_sitenote_active":false,"_monsterinsights_sitenote_note":"","_monsterinsights_sitenote_category":0},"product_brand":[],"product_cat":[12312,12304],"product_tag":[],"class_list":{"0":"post-713124","1":"product","2":"type-product","3":"status-publish","5":"product_cat-diger","6":"product_cat-tarih","7":"pa_cilt-ciltsiz","8":"pa_tur-kitap","9":"pa_yayinevi-pinhan-yayincilik","10":"pa_yazar-hippokrates","12":"first","13":"instock","14":"sale","15":"shipping-taxable","16":"purchasable","17":"product-type-simple"},"_links":{"self":[{"href":"https:\/\/roveyayinevi.com.tr\/index.php\/wp-json\/wp\/v2\/product\/713124","targetHints":{"allow":["GET"]}}],"collection":[{"href":"https:\/\/roveyayinevi.com.tr\/index.php\/wp-json\/wp\/v2\/product"}],"about":[{"href":"https:\/\/roveyayinevi.com.tr\/index.php\/wp-json\/wp\/v2\/types\/product"}],"wp:attachment":[{"href":"https:\/\/roveyayinevi.com.tr\/index.php\/wp-json\/wp\/v2\/media?parent=713124"}],"wp:term":[{"taxonomy":"product_brand","embeddable":true,"href":"https:\/\/roveyayinevi.com.tr\/index.php\/wp-json\/wp\/v2\/product_brand?post=713124"},{"taxonomy":"product_cat","embeddable":true,"href":"https:\/\/roveyayinevi.com.tr\/index.php\/wp-json\/wp\/v2\/product_cat?post=713124"},{"taxonomy":"product_tag","embeddable":true,"href":"https:\/\/roveyayinevi.com.tr\/index.php\/wp-json\/wp\/v2\/product_tag?post=713124"}],"curies":[{"name":"wp","href":"https:\/\/api.w.org\/{rel}","templated":true}]}}