{"id":713123,"date":"2025-08-27T17:04:19","date_gmt":"2025-08-27T14:04:19","guid":{"rendered":"https:\/\/roveyayinevi.com.tr\/index.php\/urun\/hamli-ciftci-giles\/"},"modified":"2026-04-16T02:21:42","modified_gmt":"2026-04-15T23:21:42","slug":"hamli-ciftci-giles","status":"publish","type":"product","link":"https:\/\/roveyayinevi.com.tr\/index.php\/urun\/hamli-ciftci-giles\/","title":{"rendered":"Ham\u2019li \u00c7ift\u00e7i Giles"},"content":{"rendered":"<p>J. R. R. Tolkien\u2019in Hobbit ile Y\u00fcz\u00fcklerin Efendisi aras\u0131nda yay\u0131mlanm\u0131\u015f klasik \u00e7ocuk hik\u00e2yesi. Ham\u2019li \u00c7ift\u00e7i Giles bir kahramana benzemiyordu. Kocaman bir g\u00f6be\u011fi vard\u0131, sakal\u0131 k\u0131z\u0131ld\u0131 ve sakin, konforlu bir hayat\u0131 tercih ediyordu. Fakat bilmeden istemeden, nispeten sa\u011f\u0131r ve miyop bir devi korkutup ka\u00e7\u0131r\u0131nca, \u00c7ift\u00e7i Giles\u2019\u0131n \u015f\u00f6hreti diyara yay\u0131ld\u0131. Ne yaz\u0131k ki kurnaz ejderha Chrysoplax krall\u0131\u011f\u0131n ba\u015f\u0131na bela olunca, onunla d\u00f6v\u00fc\u015fmesi i\u00e7in de \u00c7ift\u00e7i Giles \u00e7a\u011f\u0131r\u0131ld\u0131. Hobbit ve Roverandom gibi, Ham\u2019li \u00c7ift\u00e7i Giles da J.R.R. Tolkien taraf\u0131ndan ba\u015fta \u00e7ocuklar\u0131n\u0131 e\u011flendirmek i\u00e7in uyduruldu, ancak hik\u00e2ye geni\u015fledik\u00e7e daha ayr\u0131nt\u0131l\u0131 bir hal ald\u0131. Nihai hali ise zekice anlat\u0131lm\u0131\u015f, hayal g\u00fcc\u00fc dolu hik\u00e2yeleri seven t\u00fcm okurlara hitap ediyor. \u201cDevlerin ve ejderhalar\u0131n krall\u0131kta gezindi\u011fi zamanlarda ge\u00e7en muazzam bir \u00f6yk\u00fc.\u201d Sunday Times Bu edisyonda, ilk kez 1949\u2019da yay\u0131mlanm\u0131\u015f tam metin ve Pauline Baynes\u2019in \u00e7izdi\u011fi, Tolkien\u2019in \u00f6yk\u00fcs\u00fc i\u00e7in en uygun se\u00e7im oldu\u011funu s\u00f6yledi\u011fi orijinal ill\u00fcstrasyonlar bulunuyor. Ayn\u0131 zamanda \u00f6yk\u00fcn\u00fcn yaz\u0131lm\u0131\u015f ilk tasla\u011f\u0131n\u0131 ve bir devam hik\u00e2yesi i\u00e7in Tolkien\u2019in notlar\u0131n\u0131 da i\u00e7eriyor. <\/p>\n","protected":false},"excerpt":{"rendered":"<p>J. R. R. Tolkien\u2019in Hobbit ile Y\u00fcz\u00fcklerin Efendisi aras\u0131nda yay\u0131mlanm\u0131\u015f klasik \u00e7ocuk hik\u00e2yesi. Ham\u2019li \u00c7ift\u00e7i Giles bir kahramana benzemiyordu. Kocaman bir g\u00f6be\u011fi vard\u0131, sakal\u0131 k\u0131z\u0131ld\u0131 ve<span class=\"excerpt-hellip\"> [\u2026]<\/span><\/p>\n","protected":false},"featured_media":0,"template":"","meta":{"_monsterinsights_skip_tracking":false,"_monsterinsights_sitenote_active":false,"_monsterinsights_sitenote_note":"","_monsterinsights_sitenote_category":0},"product_brand":[],"product_cat":[12291,14777],"product_tag":[],"class_list":{"0":"post-713123","1":"product","2":"type-product","3":"status-publish","5":"product_cat-edebiyat","6":"product_cat-fantastik","7":"pa_cilt-ciltli","8":"pa_tur-kitap","9":"pa_yayinevi-ithaki-yayinlari","10":"pa_yazar-j-r-r-tolkien","12":"first","13":"instock","14":"sale","15":"shipping-taxable","16":"purchasable","17":"product-type-simple"},"_links":{"self":[{"href":"https:\/\/roveyayinevi.com.tr\/index.php\/wp-json\/wp\/v2\/product\/713123","targetHints":{"allow":["GET"]}}],"collection":[{"href":"https:\/\/roveyayinevi.com.tr\/index.php\/wp-json\/wp\/v2\/product"}],"about":[{"href":"https:\/\/roveyayinevi.com.tr\/index.php\/wp-json\/wp\/v2\/types\/product"}],"wp:attachment":[{"href":"https:\/\/roveyayinevi.com.tr\/index.php\/wp-json\/wp\/v2\/media?parent=713123"}],"wp:term":[{"taxonomy":"product_brand","embeddable":true,"href":"https:\/\/roveyayinevi.com.tr\/index.php\/wp-json\/wp\/v2\/product_brand?post=713123"},{"taxonomy":"product_cat","embeddable":true,"href":"https:\/\/roveyayinevi.com.tr\/index.php\/wp-json\/wp\/v2\/product_cat?post=713123"},{"taxonomy":"product_tag","embeddable":true,"href":"https:\/\/roveyayinevi.com.tr\/index.php\/wp-json\/wp\/v2\/product_tag?post=713123"}],"curies":[{"name":"wp","href":"https:\/\/api.w.org\/{rel}","templated":true}]}}