{"id":713122,"date":"2025-08-27T17:04:19","date_gmt":"2025-08-27T14:04:19","guid":{"rendered":"https:\/\/roveyayinevi.com.tr\/index.php\/urun\/mabet\/"},"modified":"2026-04-16T02:21:42","modified_gmt":"2026-04-15T23:21:42","slug":"mabet","status":"publish","type":"product","link":"https:\/\/roveyayinevi.com.tr\/index.php\/urun\/mabet\/","title":{"rendered":"Mabet"},"content":{"rendered":"<p>Korku bir hapishanedir. Deh\u015fetin asla bitmedi\u011fi yer. Manchester sokaklar\u0131na bir korku h\u00e2kimdi: Bir k\u0131z kaybolmu\u015ftu. Preston, kaybolan arkada\u015f\u0131n\u0131 ararken \u015fehri incelemeye, ke\u015ffetmeye ba\u015flad\u0131. Gizli bir bilim laboratuvar\u0131n\u0131n derinliklerinde, su\u00e7 i\u015fleyen \u00e7ocuklar\u0131 uzakla\u015ft\u0131ran k\u00f6t\u00fcc\u00fcl bir makine buldu. Bu devasa yere hapsedilen ve cezaya \u00e7arpt\u0131r\u0131lan Preston, ka\u00e7makta kararl\u0131yd\u0131. Fakat mahsur kald\u0131\u011f\u0131 yer, s\u0131radan bir hapishane de\u011fildi. \u00d6ZG\u00dcRL\u00dcK, \u0130NT\u0130KAM VE DEVR\u0130M \u0130\u00c7\u0130N VER\u0130LEN BU DOLUD\u0130ZG\u0130N SAVA\u015eTA ARKADA\u015eLIKLAR KURULACAK VE HAYATLAR KAYBED\u0130LECEK. Manchester \u00dcniversitesi\u2019nde \u0130ngiliz Edebiyat\u0131 okumu\u015f olan M. A. Griffin, Manchester\u2019da bir okulda \u00f6\u011fretmenlik yapmaktad\u0131r. Eskiden s\u0131n\u0131f \u00f6\u011fretmenli\u011fi, k\u00fct\u00fcphanecilik ve Fransa ile \u0130spanya\u2019da minib\u00fcs \u015fof\u00f6rc\u00fcl\u00fc\u011f\u00fc yapan yazar\u0131n MABET roman\u0131, gen\u00e7 yeti\u015fkinler i\u00e7in yazd\u0131\u011f\u0131 ilk eseridir. <\/p>\n","protected":false},"excerpt":{"rendered":"<p>Korku bir hapishanedir. Deh\u015fetin asla bitmedi\u011fi yer. Manchester sokaklar\u0131na bir korku h\u00e2kimdi: Bir k\u0131z kaybolmu\u015ftu. Preston, kaybolan arkada\u015f\u0131n\u0131 ararken \u015fehri incelemeye, ke\u015ffetmeye ba\u015flad\u0131. Gizli bir bilim<span class=\"excerpt-hellip\"> [\u2026]<\/span><\/p>\n","protected":false},"featured_media":0,"template":"","meta":{"_monsterinsights_skip_tracking":false,"_monsterinsights_sitenote_active":false,"_monsterinsights_sitenote_note":"","_monsterinsights_sitenote_category":0},"product_brand":[],"product_cat":[12540,12291],"product_tag":[],"class_list":{"0":"post-713122","1":"product","2":"type-product","3":"status-publish","5":"product_cat-bilim-kurgu","6":"product_cat-edebiyat","7":"pa_cilt-ciltsiz","8":"pa_tur-kitap","9":"pa_yayinevi-yabanci-yayinevi","10":"pa_yazar-m-a-griffin","12":"first","13":"instock","14":"sale","15":"shipping-taxable","16":"purchasable","17":"product-type-simple"},"_links":{"self":[{"href":"https:\/\/roveyayinevi.com.tr\/index.php\/wp-json\/wp\/v2\/product\/713122","targetHints":{"allow":["GET"]}}],"collection":[{"href":"https:\/\/roveyayinevi.com.tr\/index.php\/wp-json\/wp\/v2\/product"}],"about":[{"href":"https:\/\/roveyayinevi.com.tr\/index.php\/wp-json\/wp\/v2\/types\/product"}],"wp:attachment":[{"href":"https:\/\/roveyayinevi.com.tr\/index.php\/wp-json\/wp\/v2\/media?parent=713122"}],"wp:term":[{"taxonomy":"product_brand","embeddable":true,"href":"https:\/\/roveyayinevi.com.tr\/index.php\/wp-json\/wp\/v2\/product_brand?post=713122"},{"taxonomy":"product_cat","embeddable":true,"href":"https:\/\/roveyayinevi.com.tr\/index.php\/wp-json\/wp\/v2\/product_cat?post=713122"},{"taxonomy":"product_tag","embeddable":true,"href":"https:\/\/roveyayinevi.com.tr\/index.php\/wp-json\/wp\/v2\/product_tag?post=713122"}],"curies":[{"name":"wp","href":"https:\/\/api.w.org\/{rel}","templated":true}]}}