{"id":713121,"date":"2025-08-27T17:04:18","date_gmt":"2025-08-27T14:04:18","guid":{"rendered":"https:\/\/roveyayinevi.com.tr\/index.php\/urun\/denize-karsi\/"},"modified":"2026-04-08T02:28:10","modified_gmt":"2026-04-07T23:28:10","slug":"denize-karsi","status":"publish","type":"product","link":"https:\/\/roveyayinevi.com.tr\/index.php\/urun\/denize-karsi\/","title":{"rendered":"Denize Kar\u015f\u0131"},"content":{"rendered":"<p>Hayat bazen bitti dedi\u011finiz yerden ba\u015flar. Deniz, hayat\u0131n\u0131n tepetaklak oldu\u011fu bir d\u00f6nemde \u00e7areyi hi\u00e7 tan\u0131mad\u0131\u011f\u0131 bir yere s\u0131\u011f\u0131nmakta buldu. Ka\u00e7\u0131\u015f sand\u0131\u011f\u0131n\u0131n yeni bir ba\u015flang\u0131\u00e7 oldu\u011fundan habersizdi \u00fcstelik. \u015eahin, yaln\u0131z bir baba olarak o\u011flu Murat\u2019\u0131 b\u00fcy\u00fctmeye u\u011fra\u015f\u0131rken, Deniz\u2019in naif anne \u015fefkatinin sadece o\u011fluna iyi gelece\u011fini san\u0131yordu. Oysa hayat\u0131n hepsi i\u00e7in ba\u015fka planlar\u0131 vard\u0131. G\u00f6cek\u2019in s\u0131cac\u0131k atmosferinde, i\u00e7inizi \u0131s\u0131tacak, umut dolu bir aile olma hik\u00e2yesi okumaya haz\u0131r m\u0131s\u0131n\u0131z? Denize Kar\u015f\u0131; a\u015fk\u0131n, ihanetin, g\u00fczel dostluklar\u0131n, ayakta kalmak i\u00e7in verilen m\u00fccadelelerin ama en \u00e7ok da umutlu olman\u0131n hik\u00e2yesi.   \u201cVazge\u00e7ebilenler ve yeniden ba\u015flamay\u0131 se\u00e7enler g\u00fcn gelir k\u00fcllerinden yeniden do\u011farlar. Daha g\u00fc\u00e7l\u00fc, daha umutlu!\u201d <\/p>\n","protected":false},"excerpt":{"rendered":"<p>Hayat bazen bitti dedi\u011finiz yerden ba\u015flar. Deniz, hayat\u0131n\u0131n tepetaklak oldu\u011fu bir d\u00f6nemde \u00e7areyi hi\u00e7 tan\u0131mad\u0131\u011f\u0131 bir yere s\u0131\u011f\u0131nmakta buldu. Ka\u00e7\u0131\u015f sand\u0131\u011f\u0131n\u0131n yeni bir ba\u015flang\u0131\u00e7 oldu\u011fundan habersizdi<span class=\"excerpt-hellip\"> [\u2026]<\/span><\/p>\n","protected":false},"featured_media":0,"template":"","meta":{"_monsterinsights_skip_tracking":false,"_monsterinsights_sitenote_active":false,"_monsterinsights_sitenote_note":"","_monsterinsights_sitenote_category":0},"product_brand":[],"product_cat":[12291,12711],"product_tag":[],"class_list":{"0":"post-713121","1":"product","2":"type-product","3":"status-publish","5":"product_cat-edebiyat","6":"product_cat-roman-oyku","7":"pa_cilt-ciltsiz","8":"pa_tur-kitap","9":"pa_yayinevi-muptela-yayinevi","10":"pa_yazar-sinem-isler","12":"first","13":"instock","14":"sale","15":"shipping-taxable","16":"purchasable","17":"product-type-simple"},"_links":{"self":[{"href":"https:\/\/roveyayinevi.com.tr\/index.php\/wp-json\/wp\/v2\/product\/713121","targetHints":{"allow":["GET"]}}],"collection":[{"href":"https:\/\/roveyayinevi.com.tr\/index.php\/wp-json\/wp\/v2\/product"}],"about":[{"href":"https:\/\/roveyayinevi.com.tr\/index.php\/wp-json\/wp\/v2\/types\/product"}],"wp:attachment":[{"href":"https:\/\/roveyayinevi.com.tr\/index.php\/wp-json\/wp\/v2\/media?parent=713121"}],"wp:term":[{"taxonomy":"product_brand","embeddable":true,"href":"https:\/\/roveyayinevi.com.tr\/index.php\/wp-json\/wp\/v2\/product_brand?post=713121"},{"taxonomy":"product_cat","embeddable":true,"href":"https:\/\/roveyayinevi.com.tr\/index.php\/wp-json\/wp\/v2\/product_cat?post=713121"},{"taxonomy":"product_tag","embeddable":true,"href":"https:\/\/roveyayinevi.com.tr\/index.php\/wp-json\/wp\/v2\/product_tag?post=713121"}],"curies":[{"name":"wp","href":"https:\/\/api.w.org\/{rel}","templated":true}]}}