{"id":713120,"date":"2025-08-27T17:04:17","date_gmt":"2025-08-27T14:04:17","guid":{"rendered":"https:\/\/roveyayinevi.com.tr\/index.php\/urun\/karaca\/"},"modified":"2026-04-16T02:21:42","modified_gmt":"2026-04-15T23:21:42","slug":"karaca","status":"publish","type":"product","link":"https:\/\/roveyayinevi.com.tr\/index.php\/urun\/karaca\/","title":{"rendered":"Karaca"},"content":{"rendered":"<p>Yeminler, intikamlar, ac\u0131lar, s\u0131rlar, fedak\u00e2rl\u0131klar ve a\u015fk\u2026 Bilmediklerinin ac\u0131s\u0131n\u0131 \u00e7eken Karaca y\u00fcrekler. Kimisi kinine \u00fcz\u00fclecek, kimisi saklad\u0131\u011f\u0131na. Sonra kaybolan zaman ile birle\u015fecek y\u00fcrekler. *** Ark\u0131n, intikam\u0131n pen\u00e7esine d\u00fc\u015fm\u00fc\u015f yaral\u0131 bir aslan; kim iyile\u015ftirebilirdi ki onu bir ceylandan ba\u015fka? Maral, bilinmezli\u011fin ve ke\u015fkelerin i\u00e7inde kaybolmu\u015f bir ceylan; kim kurtarabilirdi ki onu bir aslandan ba\u015fka? Onlar; kocaman, g\u00fcr, ye\u015fil yaprakl\u0131 bir ormanda rastlad\u0131lar birbirlerine. Yollar\u0131 kesi\u015fti. Aslan yaralad\u0131 ceylan\u0131. Ama ceylan fark etti ki o da yaral\u0131. Ac\u0131 \u00e7ektiler \u00e7ok\u00e7a. Ve sonra sard\u0131lar birbirlerini. A\u015fk kutsad\u0131 onlar\u0131, sevda g\u00f6sterdi ger\u00e7ekleri. Ve mutluluk hep baki kald\u0131. *** \u201cSeni bensizlikle cezaland\u0131rd\u0131\u011f\u0131m\u0131 zannederken, en \u00e7ok kendimi sensizli\u011fe mahk\u00fbm etti\u011fimi bilemedim ben. Senden ald\u0131\u011f\u0131m, \u00e7ald\u0131\u011f\u0131m ne varsa boynumdaki urgan\u0131n d\u00fc\u011f\u00fcm\u00fcnde. Sa\u00e7 tutamlar\u0131n\u0131 sevemeyen parmaklar\u0131m, kirpiklerinin titreyi\u015fini izleyemeyen g\u00f6zlerim, nefesini soluyamayan nefesim, en \u00e7ok da g\u00f6nl\u00fcndeki a\u015fk\u0131ma yarenlik edemeyen y\u00fcre\u011fim \u015fik\u00e2yet\u00e7i benden. B\u00fct\u00fcn uzuvlar\u0131m, organlar\u0131m, en b\u00fcy\u00fck d\u00fc\u015fman\u0131m oldu yoklu\u011funda. Ya\u015famak i\u00e7in kalbin atmas\u0131, nefes almak yetmiyormu\u015f Karaca\u2019m, ya\u015famak i\u00e7in sen laz\u0131mm\u0131\u015fs\u0131n.\u201d <\/p>\n","protected":false},"excerpt":{"rendered":"<p>Yeminler, intikamlar, ac\u0131lar, s\u0131rlar, fedak\u00e2rl\u0131klar ve a\u015fk\u2026 Bilmediklerinin ac\u0131s\u0131n\u0131 \u00e7eken Karaca y\u00fcrekler. Kimisi kinine \u00fcz\u00fclecek, kimisi saklad\u0131\u011f\u0131na. Sonra kaybolan zaman ile birle\u015fecek y\u00fcrekler. *** Ark\u0131n, intikam\u0131n<span class=\"excerpt-hellip\"> [\u2026]<\/span><\/p>\n","protected":false},"featured_media":0,"template":"","meta":{"_monsterinsights_skip_tracking":false,"_monsterinsights_sitenote_active":false,"_monsterinsights_sitenote_note":"","_monsterinsights_sitenote_category":0},"product_brand":[],"product_cat":[12291,12711],"product_tag":[],"class_list":{"0":"post-713120","1":"product","2":"type-product","3":"status-publish","5":"product_cat-edebiyat","6":"product_cat-roman-oyku","7":"pa_cilt-ciltsiz","8":"pa_tur-kitap","9":"pa_yayinevi-muptela-yayinevi","10":"pa_yazar-kerime-simsek","12":"first","13":"instock","14":"sale","15":"shipping-taxable","16":"purchasable","17":"product-type-simple"},"_links":{"self":[{"href":"https:\/\/roveyayinevi.com.tr\/index.php\/wp-json\/wp\/v2\/product\/713120","targetHints":{"allow":["GET"]}}],"collection":[{"href":"https:\/\/roveyayinevi.com.tr\/index.php\/wp-json\/wp\/v2\/product"}],"about":[{"href":"https:\/\/roveyayinevi.com.tr\/index.php\/wp-json\/wp\/v2\/types\/product"}],"wp:attachment":[{"href":"https:\/\/roveyayinevi.com.tr\/index.php\/wp-json\/wp\/v2\/media?parent=713120"}],"wp:term":[{"taxonomy":"product_brand","embeddable":true,"href":"https:\/\/roveyayinevi.com.tr\/index.php\/wp-json\/wp\/v2\/product_brand?post=713120"},{"taxonomy":"product_cat","embeddable":true,"href":"https:\/\/roveyayinevi.com.tr\/index.php\/wp-json\/wp\/v2\/product_cat?post=713120"},{"taxonomy":"product_tag","embeddable":true,"href":"https:\/\/roveyayinevi.com.tr\/index.php\/wp-json\/wp\/v2\/product_tag?post=713120"}],"curies":[{"name":"wp","href":"https:\/\/api.w.org\/{rel}","templated":true}]}}