{"id":713119,"date":"2025-08-27T17:04:17","date_gmt":"2025-08-27T14:04:17","guid":{"rendered":"https:\/\/roveyayinevi.com.tr\/index.php\/urun\/darwinin-kayip-dunyasi-hayvan-yasaminin-gizli-tarihi\/"},"modified":"2026-04-16T02:21:42","modified_gmt":"2026-04-15T23:21:42","slug":"darwinin-kayip-dunyasi-hayvan-yasaminin-gizli-tarihi","status":"publish","type":"product","link":"https:\/\/roveyayinevi.com.tr\/index.php\/urun\/darwinin-kayip-dunyasi-hayvan-yasaminin-gizli-tarihi\/","title":{"rendered":"Darwin&#8217;in Kay\u0131p D\u00fcnyas\u0131: Hayvan Ya\u015fam\u0131n\u0131n Gizli Tarihi"},"content":{"rendered":"<p>T\u00fcrlerin K\u00f6keni\u2019ni kaleme al\u0131rken Charles Darwin\u2019in kafas\u0131n\u0131 tek bir soru kar\u0131\u015ft\u0131r\u0131yor ve evrim teorisini \u00e7\u0131kmaza sokuyordu: \u201cNeden Kambriyen d\u00f6nemden \u00f6nce ya\u015fam\u0131\u015f canl\u0131lara ait kal\u0131nt\u0131lar bulunam\u0131yordu?\u201d Literat\u00fcrde \u201cDarwin\u2019in \u0130kilemi\u201d olarak bilinen bu problem y\u0131llarca \u00e7\u00f6z\u00fclemeyecekti, ta ki paleontoloji profes\u00f6r\u00fc Martin Braiser evrimin \u201ckutsal k\u00e2se\u201dsinin pe\u015fine d\u00fc\u015fene kadar. Darwin\u2019in Kay\u0131p D\u00fcnyas\u0131 Braiser\u2019\u0131n Kambriyen patlamas\u0131 \u00f6ncesinde ya\u015fam\u0131\u015f canl\u0131 t\u00fcrlerine ait fosilleri aray\u0131\u015f\u0131n\u0131n \u00f6yk\u00fcs\u00fcn\u00fc anlat\u0131yor. Karayip sahillerinden Sibirya steplerine uzanan bu zorlu bilimsel \u00e7aba, hayvan ya\u015fam\u0131n\u0131n evrimindeki kay\u0131p halkalar\u0131n izini s\u00fcr\u00fcyor. Bilimin en b\u00fcy\u00fck gizemlerinden birinin kap\u0131s\u0131n\u0131 aralarken bizi g\u00fcn\u00fcm\u00fcz\u00fcn canl\u0131 \u00e7e\u015fitlili\u011finden karma\u015f\u0131k h\u00fccrelerin ortak ya\u015fama dayal\u0131 k\u00f6kenine uzanan bir yolculu\u011fa \u00e7\u0131kar\u0131yor. \u201c\u2018Kambriyen patlamas\u0131\u2019 evrimsel bulmacalar\u0131n en b\u00fcy\u00fc\u011f\u00fcd\u00fcr ve son y\u0131llarda b\u00fcy\u00fck ara\u015ft\u0131rmalara konu olmu\u015ftur. Braiser\u2019\u0131n merak uyand\u0131r\u0131c\u0131 kitab\u0131 bize bu konuda tatmink\u00e2r bir yan\u0131t veriyor. Konusunu geni\u015f kitlelere bu kadar canl\u0131 ve kapsaml\u0131 bir \u015fekilde sunma beceri ve iradesine sahip \u00e7ok az yazar vard\u0131r.\u201d Anthony Hallam Organizmalar\u0131n ve \u00e7evrenin birlikte yaratt\u0131\u011f\u0131 bu evrimsel hik\u00e2yede Darwin\u2019in \u0130kilemi\u2019ne Braiser\u2019\u0131n buldu\u011fu \u00e7\u00f6z\u00fcm\u00fc okumak b\u00fcy\u00fck keyif.\u201d Lynn Margulis <\/p>\n","protected":false},"excerpt":{"rendered":"<p>T\u00fcrlerin K\u00f6keni\u2019ni kaleme al\u0131rken Charles Darwin\u2019in kafas\u0131n\u0131 tek bir soru kar\u0131\u015ft\u0131r\u0131yor ve evrim teorisini \u00e7\u0131kmaza sokuyordu: \u201cNeden Kambriyen d\u00f6nemden \u00f6nce ya\u015fam\u0131\u015f canl\u0131lara ait kal\u0131nt\u0131lar bulunam\u0131yordu?\u201d Literat\u00fcrde<span class=\"excerpt-hellip\"> [\u2026]<\/span><\/p>\n","protected":false},"featured_media":0,"template":"","meta":{"_monsterinsights_skip_tracking":false,"_monsterinsights_sitenote_active":false,"_monsterinsights_sitenote_note":"","_monsterinsights_sitenote_category":0},"product_brand":[],"product_cat":[13005,15998],"product_tag":[],"class_list":{"0":"post-713119","1":"product","2":"type-product","3":"status-publish","5":"product_cat-bilim-muhendislik","6":"product_cat-bilim-tarihi","7":"pa_cilt-ciltsiz","8":"pa_tur-kitap","9":"pa_yayinevi-kolektif-kitap","10":"pa_yazar-martin-brasier","12":"first","13":"instock","14":"sale","15":"shipping-taxable","16":"purchasable","17":"product-type-simple"},"_links":{"self":[{"href":"https:\/\/roveyayinevi.com.tr\/index.php\/wp-json\/wp\/v2\/product\/713119","targetHints":{"allow":["GET"]}}],"collection":[{"href":"https:\/\/roveyayinevi.com.tr\/index.php\/wp-json\/wp\/v2\/product"}],"about":[{"href":"https:\/\/roveyayinevi.com.tr\/index.php\/wp-json\/wp\/v2\/types\/product"}],"wp:attachment":[{"href":"https:\/\/roveyayinevi.com.tr\/index.php\/wp-json\/wp\/v2\/media?parent=713119"}],"wp:term":[{"taxonomy":"product_brand","embeddable":true,"href":"https:\/\/roveyayinevi.com.tr\/index.php\/wp-json\/wp\/v2\/product_brand?post=713119"},{"taxonomy":"product_cat","embeddable":true,"href":"https:\/\/roveyayinevi.com.tr\/index.php\/wp-json\/wp\/v2\/product_cat?post=713119"},{"taxonomy":"product_tag","embeddable":true,"href":"https:\/\/roveyayinevi.com.tr\/index.php\/wp-json\/wp\/v2\/product_tag?post=713119"}],"curies":[{"name":"wp","href":"https:\/\/api.w.org\/{rel}","templated":true}]}}