{"id":713117,"date":"2025-08-27T17:04:16","date_gmt":"2025-08-27T14:04:16","guid":{"rendered":"https:\/\/roveyayinevi.com.tr\/index.php\/urun\/korun-tasi\/"},"modified":"2026-04-16T02:21:42","modified_gmt":"2026-04-15T23:21:42","slug":"korun-tasi","status":"publish","type":"product","link":"https:\/\/roveyayinevi.com.tr\/index.php\/urun\/korun-tasi\/","title":{"rendered":"K\u00f6r\u00fcn Ta\u015f\u0131"},"content":{"rendered":"<p>\u201cK\u00f6r\u00fcn Ta\u015f\u0131 yaz\u0131lar\u0131nda \u00e7o\u011fu kez sanat ve edebiyat alan\u0131nda ya\u015fanan yasaklamalar, densizlikler kar\u015f\u0131s\u0131ndaki tepkilerimi yaz\u0131ya d\u00f6km\u00fc\u015f\u00fcm, k\u00fclt\u00fcr d\u00fcnyas\u0131nda egemenlik kurmaya kalk\u0131\u015fan bilirbilmezlere kar\u015f\u0131 \u00f6fkemi dile getirmi\u015fim, bu \u00e2lemde kol gezen cahillere yergi oklar\u0131 f\u0131rlatm\u0131\u015f\u0131m. K\u00f6r\u00fcn ta\u015f\u0131 kelin ba\u015f\u0131na denk gelmi\u015f mi, siz karar verin&#8230;\u201d Cel\u00e2l \u00dcster\u2019in gazete ve kitap eklerinde yazd\u0131klar\u0131ndan derlenen bu \u00e7al\u0131\u015fma, renkli, s\u0131k\u0131 ve h\u0131nz\u0131rca bir deneme kitab\u0131&#8230; 2014-2017 y\u0131llar\u0131 aras\u0131nda yaz\u0131lan bu yaz\u0131lardaki tart\u0131\u015fma ve olaylar, yak\u0131ndan \u015fahit oldu\u011fumuz bir atmosferi ortaya \u00e7\u0131kar\u0131yor. <\/p>\n","protected":false},"excerpt":{"rendered":"<p>\u201cK\u00f6r\u00fcn Ta\u015f\u0131 yaz\u0131lar\u0131nda \u00e7o\u011fu kez sanat ve edebiyat alan\u0131nda ya\u015fanan yasaklamalar, densizlikler kar\u015f\u0131s\u0131ndaki tepkilerimi yaz\u0131ya d\u00f6km\u00fc\u015f\u00fcm, k\u00fclt\u00fcr d\u00fcnyas\u0131nda egemenlik kurmaya kalk\u0131\u015fan bilirbilmezlere kar\u015f\u0131 \u00f6fkemi dile getirmi\u015fim,<span class=\"excerpt-hellip\"> [\u2026]<\/span><\/p>\n","protected":false},"featured_media":0,"template":"","meta":{"_monsterinsights_skip_tracking":false,"_monsterinsights_sitenote_active":false,"_monsterinsights_sitenote_note":"","_monsterinsights_sitenote_category":0},"product_brand":[],"product_cat":[12777,12291],"product_tag":[],"class_list":{"0":"post-713117","1":"product","2":"type-product","3":"status-publish","5":"product_cat-deneme","6":"product_cat-edebiyat","7":"pa_cilt-ciltsiz","8":"pa_tur-kitap","9":"pa_yayinevi-can-yayinlari","10":"pa_yazar-celal-uster","12":"first","13":"instock","14":"sale","15":"shipping-taxable","16":"purchasable","17":"product-type-simple"},"_links":{"self":[{"href":"https:\/\/roveyayinevi.com.tr\/index.php\/wp-json\/wp\/v2\/product\/713117","targetHints":{"allow":["GET"]}}],"collection":[{"href":"https:\/\/roveyayinevi.com.tr\/index.php\/wp-json\/wp\/v2\/product"}],"about":[{"href":"https:\/\/roveyayinevi.com.tr\/index.php\/wp-json\/wp\/v2\/types\/product"}],"wp:attachment":[{"href":"https:\/\/roveyayinevi.com.tr\/index.php\/wp-json\/wp\/v2\/media?parent=713117"}],"wp:term":[{"taxonomy":"product_brand","embeddable":true,"href":"https:\/\/roveyayinevi.com.tr\/index.php\/wp-json\/wp\/v2\/product_brand?post=713117"},{"taxonomy":"product_cat","embeddable":true,"href":"https:\/\/roveyayinevi.com.tr\/index.php\/wp-json\/wp\/v2\/product_cat?post=713117"},{"taxonomy":"product_tag","embeddable":true,"href":"https:\/\/roveyayinevi.com.tr\/index.php\/wp-json\/wp\/v2\/product_tag?post=713117"}],"curies":[{"name":"wp","href":"https:\/\/api.w.org\/{rel}","templated":true}]}}