{"id":713115,"date":"2025-08-27T17:04:15","date_gmt":"2025-08-27T14:04:15","guid":{"rendered":"https:\/\/roveyayinevi.com.tr\/index.php\/urun\/zeka-sorulariyla-yedi-gunde-carpim-tablosu\/"},"modified":"2026-04-16T02:21:42","modified_gmt":"2026-04-15T23:21:42","slug":"zeka-sorulariyla-yedi-gunde-carpim-tablosu","status":"publish","type":"product","link":"https:\/\/roveyayinevi.com.tr\/index.php\/urun\/zeka-sorulariyla-yedi-gunde-carpim-tablosu\/","title":{"rendered":"Zeka Sorular\u0131yla Yedi G\u00fcnde \u00c7arp\u0131m Tablosu"},"content":{"rendered":"<p>Zeka sorular\u0131yla \u00e7arp\u0131m tablosunun b\u00fcy\u00fcl\u00fc ve \u015fa\u015f\u0131rt\u0131c\u0131 d\u00fcnyas\u0131na haz\u0131r m\u0131s\u0131n\u0131z? &#8220;Yedi G\u00fcnde \u00c7arp\u0131m Tablosu&#8221; temel aritmetik i\u015flemlerinin en \u00f6nemli b\u00f6l\u00fcm\u00fc olan \u00e7arp\u0131m tablosunu 0&#8217;dan 12&#8217;ye kadar e\u011flenceli bir \u015fekilde \u00f6\u011frenmenize yard\u0131m edecektir. Her \u015feyden \u00f6nemlisi, \u00e7\u00f6z\u00fclen her bir zeka sorusu \u00e7ocuklar\u0131n okul ba\u015far\u0131s\u0131 i\u00e7in ihtiya\u00e7 duyduklar\u0131 \u00f6zg\u00fcveni kazanmalar\u0131n\u0131 sa\u011flar. Her bir etkinlik matematik kavramlar\u0131n\u0131, \u00f6r\u00fcnt\u00fc, hesaplama ve zaman gibi problem \u00e7\u00f6zme becerilerini geli\u015ftiren aktiviteler i\u00e7ermektedir.<\/p>\n","protected":false},"excerpt":{"rendered":"<p>Zeka sorular\u0131yla \u00e7arp\u0131m tablosunun b\u00fcy\u00fcl\u00fc ve \u015fa\u015f\u0131rt\u0131c\u0131 d\u00fcnyas\u0131na haz\u0131r m\u0131s\u0131n\u0131z? &#8220;Yedi G\u00fcnde \u00c7arp\u0131m Tablosu&#8221; temel aritmetik i\u015flemlerinin en \u00f6nemli b\u00f6l\u00fcm\u00fc olan \u00e7arp\u0131m tablosunu 0&#8217;dan 12&#8217;ye kadar<span class=\"excerpt-hellip\"> [\u2026]<\/span><\/p>\n","protected":false},"featured_media":0,"template":"","meta":{"_monsterinsights_skip_tracking":false,"_monsterinsights_sitenote_active":false,"_monsterinsights_sitenote_note":"","_monsterinsights_sitenote_category":0},"product_brand":[],"product_cat":[12274,12518],"product_tag":[],"class_list":{"0":"post-713115","1":"product","2":"type-product","3":"status-publish","5":"product_cat-cocuk-ve-genclik-kitaplari","6":"product_cat-okul-oncesi-kitaplar","7":"pa_cilt-ciltsiz","8":"pa_tur-kitap","9":"pa_yayinevi-dikkat-atolyesi-yayinlari","10":"pa_yazar-huseyin-demir","12":"first","13":"instock","14":"sale","15":"shipping-taxable","16":"purchasable","17":"product-type-simple"},"_links":{"self":[{"href":"https:\/\/roveyayinevi.com.tr\/index.php\/wp-json\/wp\/v2\/product\/713115","targetHints":{"allow":["GET"]}}],"collection":[{"href":"https:\/\/roveyayinevi.com.tr\/index.php\/wp-json\/wp\/v2\/product"}],"about":[{"href":"https:\/\/roveyayinevi.com.tr\/index.php\/wp-json\/wp\/v2\/types\/product"}],"wp:attachment":[{"href":"https:\/\/roveyayinevi.com.tr\/index.php\/wp-json\/wp\/v2\/media?parent=713115"}],"wp:term":[{"taxonomy":"product_brand","embeddable":true,"href":"https:\/\/roveyayinevi.com.tr\/index.php\/wp-json\/wp\/v2\/product_brand?post=713115"},{"taxonomy":"product_cat","embeddable":true,"href":"https:\/\/roveyayinevi.com.tr\/index.php\/wp-json\/wp\/v2\/product_cat?post=713115"},{"taxonomy":"product_tag","embeddable":true,"href":"https:\/\/roveyayinevi.com.tr\/index.php\/wp-json\/wp\/v2\/product_tag?post=713115"}],"curies":[{"name":"wp","href":"https:\/\/api.w.org\/{rel}","templated":true}]}}