{"id":713114,"date":"2025-08-27T17:04:14","date_gmt":"2025-08-27T14:04:14","guid":{"rendered":"https:\/\/roveyayinevi.com.tr\/index.php\/urun\/misyonerlikten-diyaloga-turkiye-hedef-ulke-turkiye\/"},"modified":"2026-04-16T02:21:42","modified_gmt":"2026-04-15T23:21:42","slug":"misyonerlikten-diyaloga-turkiye-hedef-ulke-turkiye","status":"publish","type":"product","link":"https:\/\/roveyayinevi.com.tr\/index.php\/urun\/misyonerlikten-diyaloga-turkiye-hedef-ulke-turkiye\/","title":{"rendered":"Misyonerlikten Diyalo\u011fa T\u00fcrkiye &#8211; Hedef \u00dclke: T\u00fcrkiye"},"content":{"rendered":"<p>Misyonerli\u011fin T\u00fcrkiye merkezli tarihi s\u00fcrecini, misyonerlikten diyalo\u011fa ge\u00e7i\u015fi ayr\u0131nt\u0131lar\u0131yla anlatan doyurucu bir \u00e7al\u0131\u015fma. Kitapta, dinler aras\u0131 diyalog konusunda madalyonun \u00f6teki y\u00fcz\u00fc \u00e7eviriliyor ve T\u00fcrkiye\u2019de dinler aras\u0131 diyalog r\u00fczg\u00e2r\u0131 estirilmesinin as\u0131l sebepleri irdeleniyor. Baz\u0131 g\u00fc\u00e7 odaklar\u0131nca neden T\u00fcrkiye ve T\u00fcrk milletinin hedefe kondu\u011funu, misyonerli\u011fin ni\u00e7in H\u0131ristiyanl\u0131k olmad\u0131\u011f\u0131n\u0131, tebli\u011fle misyonerlik aras\u0131ndaki fark\u0131, dinler aras\u0131 diyalo\u011fun &#8220;iki y\u00fcz\u00fcn\u00fc&#8221;, karde\u015fli\u011fimizi yok etmeye \u00e7al\u0131\u015fanlara kar\u015f\u0131 al\u0131nmas\u0131 gereken tedbirleri, has\u0131l\u0131 benzer konularda akla gelen sorulara tatmink\u00e2r cevaplar\u0131 bu kitapta bulabilirsiniz. <\/p>\n","protected":false},"excerpt":{"rendered":"<p>Misyonerli\u011fin T\u00fcrkiye merkezli tarihi s\u00fcrecini, misyonerlikten diyalo\u011fa ge\u00e7i\u015fi ayr\u0131nt\u0131lar\u0131yla anlatan doyurucu bir \u00e7al\u0131\u015fma. Kitapta, dinler aras\u0131 diyalog konusunda madalyonun \u00f6teki y\u00fcz\u00fc \u00e7eviriliyor ve T\u00fcrkiye\u2019de dinler aras\u0131<span class=\"excerpt-hellip\"> [\u2026]<\/span><\/p>\n","protected":false},"featured_media":0,"template":"","meta":{"_monsterinsights_skip_tracking":false,"_monsterinsights_sitenote_active":false,"_monsterinsights_sitenote_note":"","_monsterinsights_sitenote_category":0},"product_brand":[],"product_cat":[12718,12719],"product_tag":[],"class_list":{"0":"post-713114","1":"product","2":"type-product","3":"status-publish","5":"product_cat-din","6":"product_cat-islam","7":"pa_cilt-ciltsiz","8":"pa_tur-kitap","9":"pa_yayinevi-berikan-yayinlari","10":"pa_yazar-abdurrahman-kucuk","12":"first","13":"instock","14":"sale","15":"shipping-taxable","16":"purchasable","17":"product-type-simple"},"_links":{"self":[{"href":"https:\/\/roveyayinevi.com.tr\/index.php\/wp-json\/wp\/v2\/product\/713114","targetHints":{"allow":["GET"]}}],"collection":[{"href":"https:\/\/roveyayinevi.com.tr\/index.php\/wp-json\/wp\/v2\/product"}],"about":[{"href":"https:\/\/roveyayinevi.com.tr\/index.php\/wp-json\/wp\/v2\/types\/product"}],"wp:attachment":[{"href":"https:\/\/roveyayinevi.com.tr\/index.php\/wp-json\/wp\/v2\/media?parent=713114"}],"wp:term":[{"taxonomy":"product_brand","embeddable":true,"href":"https:\/\/roveyayinevi.com.tr\/index.php\/wp-json\/wp\/v2\/product_brand?post=713114"},{"taxonomy":"product_cat","embeddable":true,"href":"https:\/\/roveyayinevi.com.tr\/index.php\/wp-json\/wp\/v2\/product_cat?post=713114"},{"taxonomy":"product_tag","embeddable":true,"href":"https:\/\/roveyayinevi.com.tr\/index.php\/wp-json\/wp\/v2\/product_tag?post=713114"}],"curies":[{"name":"wp","href":"https:\/\/api.w.org\/{rel}","templated":true}]}}