{"id":713113,"date":"2025-08-27T17:04:14","date_gmt":"2025-08-27T14:04:14","guid":{"rendered":"https:\/\/roveyayinevi.com.tr\/index.php\/urun\/cakil-ile-tarcin\/"},"modified":"2026-04-12T02:26:01","modified_gmt":"2026-04-11T23:26:01","slug":"cakil-ile-tarcin","status":"publish","type":"product","link":"https:\/\/roveyayinevi.com.tr\/index.php\/urun\/cakil-ile-tarcin\/","title":{"rendered":"\u00c7ak\u0131l \u0130le Tar\u00e7\u0131n"},"content":{"rendered":"<p>\u00c7ak\u0131l ile Tar\u00e7\u0131n, \u015fu anda Kanada\u2019n\u0131n Vancouver kentinde ya\u015fayan iki karde\u015f. Bu kitaptaki \u00f6yk\u00fcler onlar\u0131n ba\u015f\u0131ndan ge\u00e7en olaylara dayan\u0131yor. Farkl\u0131 karakterlerde, birbirlerini \u00e7ok seven bu iki karde\u015fin heyecanl\u0131 ma-ceralar\u0131 hem e\u011flendirici hem d\u00fc\u015f\u00fcnd\u00fcr\u00fcc\u00fc. Okumaya haz\u0131rsan\u0131z ba\u015flayal\u0131m. <\/p>\n","protected":false},"excerpt":{"rendered":"<p>\u00c7ak\u0131l ile Tar\u00e7\u0131n, \u015fu anda Kanada\u2019n\u0131n Vancouver kentinde ya\u015fayan iki karde\u015f. Bu kitaptaki \u00f6yk\u00fcler onlar\u0131n ba\u015f\u0131ndan ge\u00e7en olaylara dayan\u0131yor. Farkl\u0131 karakterlerde, birbirlerini \u00e7ok seven bu iki<span class=\"excerpt-hellip\"> [\u2026]<\/span><\/p>\n","protected":false},"featured_media":0,"template":"","meta":{"_monsterinsights_skip_tracking":false,"_monsterinsights_sitenote_active":false,"_monsterinsights_sitenote_note":"","_monsterinsights_sitenote_category":0},"product_brand":[],"product_cat":[12274,12284],"product_tag":[],"class_list":{"0":"post-713113","1":"product","2":"type-product","3":"status-publish","5":"product_cat-cocuk-ve-genclik-kitaplari","6":"product_cat-hikayeler","7":"pa_cilt-ciltsiz","8":"pa_tur-kitap","9":"pa_yayinevi-kok-yayinevi","10":"pa_yazar-mehlika-mete","12":"first","13":"instock","14":"sale","15":"shipping-taxable","16":"purchasable","17":"product-type-simple"},"_links":{"self":[{"href":"https:\/\/roveyayinevi.com.tr\/index.php\/wp-json\/wp\/v2\/product\/713113","targetHints":{"allow":["GET"]}}],"collection":[{"href":"https:\/\/roveyayinevi.com.tr\/index.php\/wp-json\/wp\/v2\/product"}],"about":[{"href":"https:\/\/roveyayinevi.com.tr\/index.php\/wp-json\/wp\/v2\/types\/product"}],"wp:attachment":[{"href":"https:\/\/roveyayinevi.com.tr\/index.php\/wp-json\/wp\/v2\/media?parent=713113"}],"wp:term":[{"taxonomy":"product_brand","embeddable":true,"href":"https:\/\/roveyayinevi.com.tr\/index.php\/wp-json\/wp\/v2\/product_brand?post=713113"},{"taxonomy":"product_cat","embeddable":true,"href":"https:\/\/roveyayinevi.com.tr\/index.php\/wp-json\/wp\/v2\/product_cat?post=713113"},{"taxonomy":"product_tag","embeddable":true,"href":"https:\/\/roveyayinevi.com.tr\/index.php\/wp-json\/wp\/v2\/product_tag?post=713113"}],"curies":[{"name":"wp","href":"https:\/\/api.w.org\/{rel}","templated":true}]}}