{"id":713111,"date":"2025-08-27T17:04:12","date_gmt":"2025-08-27T14:04:12","guid":{"rendered":"https:\/\/roveyayinevi.com.tr\/index.php\/urun\/meczup\/"},"modified":"2026-04-16T02:21:42","modified_gmt":"2026-04-15T23:21:42","slug":"meczup","status":"publish","type":"product","link":"https:\/\/roveyayinevi.com.tr\/index.php\/urun\/meczup\/","title":{"rendered":"Meczup"},"content":{"rendered":"<p>Halil Cibran\u2019\u0131n gen\u00e7lik d\u00f6neminde yazd\u0131\u011f\u0131 Meczup\u2019ta, \u201cnormal\u201d bir insan\u0131n toplumda i\u015fleyebilmesi i\u00e7in, insan\u0131n benli\u011fini \u00e7\u00fcr\u00fcten ve bu benli\u011fi kolektif bir ama\u00e7 u\u011fruna tekrar tan\u0131mlayan bir d\u00fcnyada kimli\u011fini idame ettirebilmesi i\u00e7in birtak\u0131m maskelere b\u00fcr\u00fcnmesi gerekti\u011fi ele al\u0131n\u0131r. Ki\u015finin maskesinden ar\u0131nmas\u0131, d\u00fc\u015f\u00fcnmesi, konu\u015fmas\u0131 ve kendi olabilmesi, toplumun g\u00f6z\u00fcnde onu meczup k\u0131lar. Cibran, bu maskelerden kurtulan, \u00f6zbenli\u011fine kar\u015f\u0131 d\u00fcr\u00fcst olan ve hakikatin pe\u015finden ko\u015fan bir insan\u0131n \u00f6zg\u00fcr oldu\u011funu dile getirir; fakat bunun da bir bedeli vard\u0131r; bu bedel de yaln\u0131zl\u0131kt\u0131r. Otuz d\u00f6rt k\u0131sa hik\u00e2yeden olu\u015fan bu kitapta Cibran, maskelerinden ar\u0131nm\u0131\u015f bir meczubun g\u00f6z\u00fcnden okuyucuya benzersiz bir toplum ele\u015ftirisi sunar. <\/p>\n","protected":false},"excerpt":{"rendered":"<p>Halil Cibran\u2019\u0131n gen\u00e7lik d\u00f6neminde yazd\u0131\u011f\u0131 Meczup\u2019ta, \u201cnormal\u201d bir insan\u0131n toplumda i\u015fleyebilmesi i\u00e7in, insan\u0131n benli\u011fini \u00e7\u00fcr\u00fcten ve bu benli\u011fi kolektif bir ama\u00e7 u\u011fruna tekrar tan\u0131mlayan bir d\u00fcnyada<span class=\"excerpt-hellip\"> [\u2026]<\/span><\/p>\n","protected":false},"featured_media":0,"template":"","meta":{"_monsterinsights_skip_tracking":false,"_monsterinsights_sitenote_active":false,"_monsterinsights_sitenote_note":"","_monsterinsights_sitenote_category":0},"product_brand":[],"product_cat":[12312,12304],"product_tag":[],"class_list":{"0":"post-713111","1":"product","2":"type-product","3":"status-publish","5":"product_cat-diger","6":"product_cat-tarih","7":"pa_cilt-ciltsiz","8":"pa_tur-kitap","9":"pa_yayinevi-indigo-kitap","10":"pa_yazar-halil-cibran","12":"first","13":"instock","14":"sale","15":"shipping-taxable","16":"purchasable","17":"product-type-simple"},"_links":{"self":[{"href":"https:\/\/roveyayinevi.com.tr\/index.php\/wp-json\/wp\/v2\/product\/713111","targetHints":{"allow":["GET"]}}],"collection":[{"href":"https:\/\/roveyayinevi.com.tr\/index.php\/wp-json\/wp\/v2\/product"}],"about":[{"href":"https:\/\/roveyayinevi.com.tr\/index.php\/wp-json\/wp\/v2\/types\/product"}],"wp:attachment":[{"href":"https:\/\/roveyayinevi.com.tr\/index.php\/wp-json\/wp\/v2\/media?parent=713111"}],"wp:term":[{"taxonomy":"product_brand","embeddable":true,"href":"https:\/\/roveyayinevi.com.tr\/index.php\/wp-json\/wp\/v2\/product_brand?post=713111"},{"taxonomy":"product_cat","embeddable":true,"href":"https:\/\/roveyayinevi.com.tr\/index.php\/wp-json\/wp\/v2\/product_cat?post=713111"},{"taxonomy":"product_tag","embeddable":true,"href":"https:\/\/roveyayinevi.com.tr\/index.php\/wp-json\/wp\/v2\/product_tag?post=713111"}],"curies":[{"name":"wp","href":"https:\/\/api.w.org\/{rel}","templated":true}]}}