{"id":713107,"date":"2025-08-27T17:04:10","date_gmt":"2025-08-27T14:04:10","guid":{"rendered":"https:\/\/roveyayinevi.com.tr\/index.php\/urun\/marxin-para-kurami-modern-degerlendirmeler\/"},"modified":"2026-04-16T02:21:42","modified_gmt":"2026-04-15T23:21:42","slug":"marxin-para-kurami-modern-degerlendirmeler","status":"publish","type":"product","link":"https:\/\/roveyayinevi.com.tr\/index.php\/urun\/marxin-para-kurami-modern-degerlendirmeler\/","title":{"rendered":"Marx\u2019\u0131n Para Kuram\u0131 Modern De\u011ferlendirmeler"},"content":{"rendered":"<p>Bu kitap, toplam on d\u00f6rt makaleden olu\u015fmaktad\u0131r ve bu makaleler be\u015f k\u0131s\u0131m alt\u0131nda toplanm\u0131\u015ft\u0131r; Marx\u2019\u0131n Temel Para Kuram\u0131, Marx\u2019\u0131n Para Kuram\u0131n\u0131n Uzant\u0131lar\u0131 ve Yeniden \u0130n\u015falar\u0131, Marx\u2019\u0131n Paran\u0131n Miktar Kuram\u0131 Ele\u015ftirisi, Para ve D\u00f6n\u00fc\u015f\u00fcm Sorunu ve Marx\u2019\u0131n D\u00fcnya Paras\u0131 Kuram\u0131. Bu makaleler Marx\u2019\u0131n para kuram\u0131n\u0131n \u00e7a\u011fda\u015f bir de\u011ferlendirmesini sunmaktad\u0131r.Bu kuram, genellikle Marx\u2019\u0131n en b\u00fcy\u00fck ba\u015far\u0131lar\u0131ndan biri olarak \u00f6v\u00fcl\u00fcr \u00f6zellikle klasik veya neoklasik iktisat\u00e7\u0131larla kar\u015f\u0131la\u015ft\u0131r\u0131ld\u0131\u011f\u0131nda. \u00d6te yandan ciddi bir \u015fekilde ele\u015ftirilir de.Bu kitaba katk\u0131da bulunanlar, Marx\u2019\u0131n para kuram\u0131n\u0131n g\u00fc\u00e7l\u00fc ve zay\u0131f y\u00f6nlerini di\u011fer para teorileriyle kar\u015f\u0131la\u015ft\u0131rarak geni\u015f kapsaml\u0131 ve derinlemesine bir \u015fekilde de\u011ferlendirmektedirler. <\/p>\n","protected":false},"excerpt":{"rendered":"<p>Bu kitap, toplam on d\u00f6rt makaleden olu\u015fmaktad\u0131r ve bu makaleler be\u015f k\u0131s\u0131m alt\u0131nda toplanm\u0131\u015ft\u0131r; Marx\u2019\u0131n Temel Para Kuram\u0131, Marx\u2019\u0131n Para Kuram\u0131n\u0131n Uzant\u0131lar\u0131 ve Yeniden \u0130n\u015falar\u0131, Marx\u2019\u0131n<span class=\"excerpt-hellip\"> [\u2026]<\/span><\/p>\n","protected":false},"featured_media":0,"template":"","meta":{"_monsterinsights_skip_tracking":false,"_monsterinsights_sitenote_active":false,"_monsterinsights_sitenote_note":"","_monsterinsights_sitenote_category":0},"product_brand":[],"product_cat":[12312,12304],"product_tag":[],"class_list":{"0":"post-713107","1":"product","2":"type-product","3":"status-publish","5":"product_cat-diger","6":"product_cat-tarih","7":"pa_cilt-ciltsiz","8":"pa_tur-kitap","9":"pa_yayinevi-heretik-yayincilik","10":"pa_yazar-fred-moseley","12":"first","13":"instock","14":"sale","15":"shipping-taxable","16":"purchasable","17":"product-type-simple"},"_links":{"self":[{"href":"https:\/\/roveyayinevi.com.tr\/index.php\/wp-json\/wp\/v2\/product\/713107","targetHints":{"allow":["GET"]}}],"collection":[{"href":"https:\/\/roveyayinevi.com.tr\/index.php\/wp-json\/wp\/v2\/product"}],"about":[{"href":"https:\/\/roveyayinevi.com.tr\/index.php\/wp-json\/wp\/v2\/types\/product"}],"wp:attachment":[{"href":"https:\/\/roveyayinevi.com.tr\/index.php\/wp-json\/wp\/v2\/media?parent=713107"}],"wp:term":[{"taxonomy":"product_brand","embeddable":true,"href":"https:\/\/roveyayinevi.com.tr\/index.php\/wp-json\/wp\/v2\/product_brand?post=713107"},{"taxonomy":"product_cat","embeddable":true,"href":"https:\/\/roveyayinevi.com.tr\/index.php\/wp-json\/wp\/v2\/product_cat?post=713107"},{"taxonomy":"product_tag","embeddable":true,"href":"https:\/\/roveyayinevi.com.tr\/index.php\/wp-json\/wp\/v2\/product_tag?post=713107"}],"curies":[{"name":"wp","href":"https:\/\/api.w.org\/{rel}","templated":true}]}}