{"id":713106,"date":"2025-08-27T17:04:10","date_gmt":"2025-08-27T14:04:10","guid":{"rendered":"https:\/\/roveyayinevi.com.tr\/index.php\/urun\/populizm-buyuk-hinc\/"},"modified":"2026-04-16T02:21:42","modified_gmt":"2026-04-15T23:21:42","slug":"populizm-buyuk-hinc","status":"publish","type":"product","link":"https:\/\/roveyayinevi.com.tr\/index.php\/urun\/populizm-buyuk-hinc\/","title":{"rendered":"Pop\u00fclizm: B\u00fcy\u00fck H\u0131n\u00e7"},"content":{"rendered":"<p>Son d\u00f6nemde pop\u00fclizm hakk\u0131ndaki analizleri son derece ilgi g\u00f6ren Eric Fassin\u2019in Pop\u00fclizm: B\u00fcy\u00fck H\u0131n\u00e7 ba\u015fl\u0131kl\u0131 kitab\u0131, demokrasinin bug\u00fcn i\u00e7inde bulundu\u011fu krizin yan\u0131 s\u0131ra ABD\u2019den Fransa\u2019ya, \u0130ngiltere\u2019den T\u00fcrkiye\u2019ye kadar t\u00fcm d\u00fcnyada y\u00fckselen sa\u011f pop\u00fclizme \u0131\u015f\u0131k tutarken, bu pop\u00fclizm kar\u015f\u0131s\u0131nda solun uygulamas\u0131 ve uygulamamas\u0131- gereken stratejileri de masaya yat\u0131r\u0131yor.\u201cBu kitap iki se\u00e7im aras\u0131nda yaz\u0131ld\u0131: 2016\u2019n\u0131n Kas\u0131m ay\u0131nda ABD\u2019de Donald Trump\u2019\u0131n Ba\u015fkan se\u00e7ilmesinden sonra, 2017\u2019nin May\u0131s ay\u0131nda Fransa\u2019da Emmanuel Macron\u2019un Cumhurba\u015fkan\u0131 se\u00e7ilmesinden \u00f6nce. Ancak kitab\u0131n konusu, bu iki \u00fclkeyle s\u0131n\u0131rl\u0131 de\u011fil. Asl\u0131nda ikili bir siyasi ba\u011flam \u00fczerinden ilerliyor. Bir tarafta, yabanc\u0131lar ve az\u0131nl\u0131klar kar\u015f\u0131s\u0131nda s\u00f6z\u00fcm ona birle\u015fmi\u015f bir halk olu\u015fturma hedefindeki bir retorikle hareket eden a\u015f\u0131r\u0131 sa\u011f\u0131n g\u00fc\u00e7l\u00fc y\u00fckseli\u015fi; di\u011fer taraftaysa, y\u00fczde 1\u2019lik bir elit z\u00fcmre kar\u015f\u0131s\u0131nda birle\u015fmi\u015f ba\u015fka bir halk tahayy\u00fcl\u00fc \u00fczerinden neoliberalizm imparatorlu\u011fuyla sava\u015fmak i\u00e7in bu retori\u011fi ba\u015fka bir \u015fekilde kullanan a\u015f\u0131r\u0131 solun kar\u015f\u0131s\u00f6ylemi. Bir tarafta Donald Trump ya da Marine Le Pen; di\u011fer taraftaysa Bernie Sanders ya da Jean-Luc Melenchon.\u201d <\/p>\n","protected":false},"excerpt":{"rendered":"<p>Son d\u00f6nemde pop\u00fclizm hakk\u0131ndaki analizleri son derece ilgi g\u00f6ren Eric Fassin\u2019in Pop\u00fclizm: B\u00fcy\u00fck H\u0131n\u00e7 ba\u015fl\u0131kl\u0131 kitab\u0131, demokrasinin bug\u00fcn i\u00e7inde bulundu\u011fu krizin yan\u0131 s\u0131ra ABD\u2019den Fransa\u2019ya, \u0130ngiltere\u2019den<span class=\"excerpt-hellip\"> [\u2026]<\/span><\/p>\n","protected":false},"featured_media":0,"template":"","meta":{"_monsterinsights_skip_tracking":false,"_monsterinsights_sitenote_active":false,"_monsterinsights_sitenote_note":"","_monsterinsights_sitenote_category":0},"product_brand":[],"product_cat":[31194,12337],"product_tag":[],"class_list":{"0":"post-713106","1":"product","2":"type-product","3":"status-publish","5":"product_cat-guncel-siyaset","6":"product_cat-politika-siyaset","7":"pa_cilt-ciltsiz","8":"pa_tur-kitap","9":"pa_yayinevi-heretik-yayincilik","10":"pa_yazar-eric-fassin","12":"first","13":"instock","14":"sale","15":"shipping-taxable","16":"purchasable","17":"product-type-simple"},"_links":{"self":[{"href":"https:\/\/roveyayinevi.com.tr\/index.php\/wp-json\/wp\/v2\/product\/713106","targetHints":{"allow":["GET"]}}],"collection":[{"href":"https:\/\/roveyayinevi.com.tr\/index.php\/wp-json\/wp\/v2\/product"}],"about":[{"href":"https:\/\/roveyayinevi.com.tr\/index.php\/wp-json\/wp\/v2\/types\/product"}],"wp:attachment":[{"href":"https:\/\/roveyayinevi.com.tr\/index.php\/wp-json\/wp\/v2\/media?parent=713106"}],"wp:term":[{"taxonomy":"product_brand","embeddable":true,"href":"https:\/\/roveyayinevi.com.tr\/index.php\/wp-json\/wp\/v2\/product_brand?post=713106"},{"taxonomy":"product_cat","embeddable":true,"href":"https:\/\/roveyayinevi.com.tr\/index.php\/wp-json\/wp\/v2\/product_cat?post=713106"},{"taxonomy":"product_tag","embeddable":true,"href":"https:\/\/roveyayinevi.com.tr\/index.php\/wp-json\/wp\/v2\/product_tag?post=713106"}],"curies":[{"name":"wp","href":"https:\/\/api.w.org\/{rel}","templated":true}]}}