{"id":713104,"date":"2025-08-27T17:04:09","date_gmt":"2025-08-27T14:04:09","guid":{"rendered":"https:\/\/roveyayinevi.com.tr\/index.php\/urun\/zaferin-kiyisinda\/"},"modified":"2026-04-16T02:21:42","modified_gmt":"2026-04-15T23:21:42","slug":"zaferin-kiyisinda","status":"publish","type":"product","link":"https:\/\/roveyayinevi.com.tr\/index.php\/urun\/zaferin-kiyisinda\/","title":{"rendered":"Zaferin K\u0131y\u0131s\u0131nda"},"content":{"rendered":"<p>Spor tarihinde, ba\u015far\u0131lar\u0131na kar\u015f\u0131n kariyeri ve kalitesi tart\u0131\u015fmal\u0131 olan pek \u00e7ok isim bulunur. Sivri ve \u00f6zg\u00fcn \u00fcslubuyla NCAA\u2019lere, yani Amerika\u2019n\u0131n \u00fcniversite d\u00fczeyindeki en b\u00fcy\u00fck ve me\u015fhur amat\u00f6r spor organizasyonuna ad\u0131n\u0131 alt\u0131n harflerle yazd\u0131ran \u201cGeneral\u201d lakapl\u0131 basketbol ko\u00e7u Bob Knight ise, \u015f\u00fcphesiz ki bunlar\u0131n i\u00e7erisinde ayr\u0131 bir yere sahiptir. Bir yan\u0131nda Indiana Hoosiers ile \u00fc\u00e7 ulusal \u015fampiyonluk, on bir Big Ten Ligi \u015fampiyonlu\u011fu, e\u015fsiz bir \u00f6\u011frenci mezuniyet oran\u0131, g\u0131pta edilecek tertemiz bir sportif program ve Olimpiyat alt\u0131n madalyas\u0131 dahil daha nice ba\u015far\u0131 ile ta\u00e7land\u0131r\u0131lm\u0131\u015f g\u00f6z kama\u015ft\u0131r\u0131c\u0131 bir ko\u00e7luk kariyerini, di\u011fer tarafta ise \u00fclkenin g\u00f6r\u00fcp g\u00f6rebilece\u011fi en a\u011fz\u0131 bozuk, siniri tepesinde, disiplin ba\u011f\u0131ml\u0131s\u0131 ve tahamm\u00fcls\u00fcz basketbol karakterini bar\u0131nd\u0131ran Knight, hayat\u0131n\u0131n her d\u00f6neminde her y\u00f6n\u00fcyle g\u00f6z \u00f6n\u00fcnde ve tart\u0131\u015f\u0131lan bir fig\u00fcr olmu\u015ftur. S\u00f6z\u00fcn\u00fc sak\u0131nmayan, kli\u015feleri y\u0131k\u0131p ge\u00e7en, vefas\u0131, vatanseverli\u011fi, mizah\u0131, samimiyeti ve dobral\u0131\u011f\u0131yla takdir toplayan, filmlere ilham veren Knight, duraca\u011f\u0131 yeri bilmedi\u011fi i\u00e7in kimi zaman patavats\u0131z, kimi zaman ise haddini a\u015fan bir imaj\u0131 da ya\u015fam\u0131 boyunca pe\u015finden s\u00fcr\u00fcklemi\u015ftir. Hakemlere, rakiplere, idarecilere ve hatta kendi oyuncular\u0131na bile \u00e7ok zor zamanlar ge\u00e7irten, burnundan k\u0131l ald\u0131rmayan ve en b\u00fcy\u00fck zarar\u0131 genelde kendisine veren Knight\u2019\u0131n, t\u00fcm bunlara ra\u011fmen zirveye nas\u0131l ula\u015ft\u0131\u011f\u0131n\u0131n ve kendi d\u00fcr\u00fcst usulleriyle nas\u0131l rekorlar k\u0131r\u0131p say\u0131s\u0131z zafer elde etti\u011finin \u00f6yk\u00fcs\u00fc, usta yazar John Feinstein\u2019\u0131n kaleminden bu eserde sizlerle bulu\u015fuyor. <\/p>\n","protected":false},"excerpt":{"rendered":"<p>Spor tarihinde, ba\u015far\u0131lar\u0131na kar\u015f\u0131n kariyeri ve kalitesi tart\u0131\u015fmal\u0131 olan pek \u00e7ok isim bulunur. Sivri ve \u00f6zg\u00fcn \u00fcslubuyla NCAA\u2019lere, yani Amerika\u2019n\u0131n \u00fcniversite d\u00fczeyindeki en b\u00fcy\u00fck ve me\u015fhur<span class=\"excerpt-hellip\"> [\u2026]<\/span><\/p>\n","protected":false},"featured_media":0,"template":"","meta":{"_monsterinsights_skip_tracking":false,"_monsterinsights_sitenote_active":false,"_monsterinsights_sitenote_note":"","_monsterinsights_sitenote_category":0},"product_brand":[],"product_cat":[15563,15564],"product_tag":[],"class_list":{"0":"post-713104","1":"product","2":"type-product","3":"status-publish","5":"product_cat-hobi","6":"product_cat-spor","7":"pa_cilt-ciltsiz","8":"pa_tur-kitap","9":"pa_yayinevi-profil-kitap","10":"pa_yazar-john-feinstein","12":"first","13":"instock","14":"sale","15":"shipping-taxable","16":"purchasable","17":"product-type-simple"},"_links":{"self":[{"href":"https:\/\/roveyayinevi.com.tr\/index.php\/wp-json\/wp\/v2\/product\/713104","targetHints":{"allow":["GET"]}}],"collection":[{"href":"https:\/\/roveyayinevi.com.tr\/index.php\/wp-json\/wp\/v2\/product"}],"about":[{"href":"https:\/\/roveyayinevi.com.tr\/index.php\/wp-json\/wp\/v2\/types\/product"}],"wp:attachment":[{"href":"https:\/\/roveyayinevi.com.tr\/index.php\/wp-json\/wp\/v2\/media?parent=713104"}],"wp:term":[{"taxonomy":"product_brand","embeddable":true,"href":"https:\/\/roveyayinevi.com.tr\/index.php\/wp-json\/wp\/v2\/product_brand?post=713104"},{"taxonomy":"product_cat","embeddable":true,"href":"https:\/\/roveyayinevi.com.tr\/index.php\/wp-json\/wp\/v2\/product_cat?post=713104"},{"taxonomy":"product_tag","embeddable":true,"href":"https:\/\/roveyayinevi.com.tr\/index.php\/wp-json\/wp\/v2\/product_tag?post=713104"}],"curies":[{"name":"wp","href":"https:\/\/api.w.org\/{rel}","templated":true}]}}