{"id":713103,"date":"2025-08-27T17:04:08","date_gmt":"2025-08-27T14:04:08","guid":{"rendered":"https:\/\/roveyayinevi.com.tr\/index.php\/urun\/sorularla-bir-cihan-imparatoru-fatih-sultan-mehmed-han\/"},"modified":"2026-04-16T02:21:42","modified_gmt":"2026-04-15T23:21:42","slug":"sorularla-bir-cihan-imparatoru-fatih-sultan-mehmed-han","status":"publish","type":"product","link":"https:\/\/roveyayinevi.com.tr\/index.php\/urun\/sorularla-bir-cihan-imparatoru-fatih-sultan-mehmed-han\/","title":{"rendered":"Sorularla Bir Cihan \u0130mparatoru:  Fatih Sultan Mehmed Han"},"content":{"rendered":"<p>&#8220;\u0130stanbul (Konstantiniyye) muhakkak fethedilecektir. Onu fetheden komutan ne g\u00fczel komutand\u0131r. Onu fetheden ordu ne g\u00fczel ordudur. &#8221; Hz. Muhammed (s.a.v.) \u00c7ocuk ya\u015ftan itibaren payitaht ve cihan h\u00e2kimiyeti i\u00e7in kendisini yeti\u015ftiren II. Mehmed, 21 ya\u015f\u0131nda \u0130stanbul\u2019u fethederek Peygamber Efendimiz&#8217;in kutlu hadisine mazhar olan \u00e2l\u00ee bir \u015fahsiyet\u2026 \u0130stanbul surlar\u0131n\u0131 y\u0131kan \u015f\u00e2h\u00ee toplar\u0131 icat eden, gemileri karadan y\u00fcr\u00fcten bir m\u00fchendis, bir deha\u2026 Cesareti ile \u0130stanbul\u2019u fethederek cihad ve gazay\u0131, g\u00fc\u00e7 elde etti\u011finde zalimle\u015fmeyerek ho\u015fg\u00f6r\u00fcs\u00fc ile insan haklar\u0131n\u0131 Bat\u0131 \u00e2lemine tan\u0131tan bir lider\u2026 \u0130stanbul\u2019u d\u00fcnyan\u0131n ilim ve k\u00fclt\u00fcr \u015fehri h\u00e2line getiren, \u00e2limlere k\u0131ymet veren, yedi dil bilen bir entelekt\u00fcel\u2026 Bu k\u0131ymetli insan\u0131n ayr\u0131nt\u0131l\u0131 bir portresinin \u00e7izildi\u011fi elinizdeki kitapta; Ahmet Anapal\u0131, T\u00fcrker Ak\u0131nc\u0131\u2019n\u0131n sorular\u0131n\u0131 cevaplayarak okuyucuyu Fatih Sultan Mehmed Han\u2019\u0131 tan\u0131y\u0131p anlamaya ve onun aziz hat\u0131ras\u0131n\u0131 y\u00e2d etmeye davet ediyor. <\/p>\n","protected":false},"excerpt":{"rendered":"<p>&#8220;\u0130stanbul (Konstantiniyye) muhakkak fethedilecektir. Onu fetheden komutan ne g\u00fczel komutand\u0131r. Onu fetheden ordu ne g\u00fczel ordudur. &#8221; Hz. Muhammed (s.a.v.) \u00c7ocuk ya\u015ftan itibaren payitaht ve cihan<span class=\"excerpt-hellip\"> [\u2026]<\/span><\/p>\n","protected":false},"featured_media":0,"template":"","meta":{"_monsterinsights_skip_tracking":false,"_monsterinsights_sitenote_active":false,"_monsterinsights_sitenote_note":"","_monsterinsights_sitenote_category":0},"product_brand":[],"product_cat":[12364,12826],"product_tag":[],"class_list":{"0":"post-713103","1":"product","2":"type-product","3":"status-publish","5":"product_cat-genel-konular","6":"product_cat-soylesi","7":"pa_cilt-ciltsiz","8":"pa_tur-kitap","9":"pa_yayinevi-profil-kitap","10":"pa_yazar-turker-akinci-ahmet-anapali","12":"first","13":"instock","14":"sale","15":"shipping-taxable","16":"purchasable","17":"product-type-simple"},"_links":{"self":[{"href":"https:\/\/roveyayinevi.com.tr\/index.php\/wp-json\/wp\/v2\/product\/713103","targetHints":{"allow":["GET"]}}],"collection":[{"href":"https:\/\/roveyayinevi.com.tr\/index.php\/wp-json\/wp\/v2\/product"}],"about":[{"href":"https:\/\/roveyayinevi.com.tr\/index.php\/wp-json\/wp\/v2\/types\/product"}],"wp:attachment":[{"href":"https:\/\/roveyayinevi.com.tr\/index.php\/wp-json\/wp\/v2\/media?parent=713103"}],"wp:term":[{"taxonomy":"product_brand","embeddable":true,"href":"https:\/\/roveyayinevi.com.tr\/index.php\/wp-json\/wp\/v2\/product_brand?post=713103"},{"taxonomy":"product_cat","embeddable":true,"href":"https:\/\/roveyayinevi.com.tr\/index.php\/wp-json\/wp\/v2\/product_cat?post=713103"},{"taxonomy":"product_tag","embeddable":true,"href":"https:\/\/roveyayinevi.com.tr\/index.php\/wp-json\/wp\/v2\/product_tag?post=713103"}],"curies":[{"name":"wp","href":"https:\/\/api.w.org\/{rel}","templated":true}]}}