{"id":713101,"date":"2025-08-27T17:04:07","date_gmt":"2025-08-27T14:04:07","guid":{"rendered":"https:\/\/roveyayinevi.com.tr\/index.php\/urun\/felsefi-akil-oyunlari-sorular-savlar-dusunce-oyunlari\/"},"modified":"2025-10-14T04:36:10","modified_gmt":"2025-10-14T01:36:10","slug":"felsefi-akil-oyunlari-sorular-savlar-dusunce-oyunlari","status":"publish","type":"product","link":"https:\/\/roveyayinevi.com.tr\/index.php\/urun\/felsefi-akil-oyunlari-sorular-savlar-dusunce-oyunlari\/","title":{"rendered":"Felsefi Ak\u0131l Oyunlar\u0131 &#8211; Sorular, Savlar, D\u00fc\u015f\u00fcnce Oyunlar\u0131"},"content":{"rendered":"<p>\u201cFelsefe denilen \u015fey nedir ve ne i\u015fe yarar? \u201cFelsefe\u201d; g\u00fcnl\u00fck ya\u015fant\u0131m\u0131zda her durumda olduk\u00e7a s\u0131k kar\u015f\u0131la\u015ft\u0131\u011f\u0131m\u0131z bir s\u00f6zc\u00fck. \u201cFelsefemiz: Mutlu \u00e7iftler bizim ba\u015far\u0131m\u0131zd\u0131r.\u201d Bunlar bir \u00e7\u00f6p\u00e7atanl\u0131k ajans\u0131n\u0131n reklam\u0131nda yer alan s\u00f6zler. Muhtemelen felsefeyle ilgili hi\u00e7bir bilgisi olmayan biri bu s\u00f6zleri sarf etmi\u015f olmal\u0131. Burada ger\u00e7ek felsefe s\u00f6z konusu de\u011fildir; en fazla bir tav\u015fan yeti\u015ftiricisinin mesle\u011finin kendisi i\u00e7in bir bilim oldu\u011funu s\u00f6yledi\u011finde s\u00f6z konusu olan bilim kadar bir felsefeden bahsedilebilir. \u00d6yleyse \u201cdo\u011fru\u201d felsefe ve \u201cdo\u011fru\u201d filozoflar nerededirler? G\u00f6r\u00fcn\u00fc\u015fe bak\u0131l\u0131rsa her ikisi de, kal\u0131n ve anla\u015f\u0131lmas\u0131 olduk\u00e7a zor kitaplarda bulunurlar. Bu nedenle genellikle onlardan uzak durulur. Felsefe her zaman \u00e7ok iyi bir \u015f\u00f6hrete sahip olmam\u0131\u015ft\u0131r. Kimisi i\u00e7in birtak\u0131m entelekt\u00fcellerin kendinde sakl\u0131 tuttu\u011fu kibirli ve soyut bir \u015feylerle ilgilidir. Bir ba\u015fkas\u0131 i\u00e7inse normal ya\u015famda neredeyse hi\u00e7bir i\u015fe yaramayaca\u011f\u0131n\u0131 d\u00fc\u015f\u00fcnd\u00fc\u011f\u00fc son derece kullan\u0131\u015fs\u0131z bir \u015feydir. Eline bir defal\u0131k felsefe kitab\u0131 alm\u0131\u015f olanlardan baz\u0131lar\u0131 ise ya hi\u00e7bir \u015fey anlamam\u0131\u015flard\u0131r ya da \u00e7ok az \u015fey anlam\u0131\u015flard\u0131r.\u201d Robert Zimmer, felsefe alan\u0131ndaki ba\u015fl\u0131ca isimlere de\u011finerek temel kavram ve sorular\u0131, e\u011flenceli d\u00fc\u015f\u00fcnce oyunlar\u0131yla ele ald\u0131\u011f\u0131 bu kitab\u0131nda, felsefeye giri\u015f yapabilmeniz i\u00e7in bu alana a\u00e7\u0131lan kap\u0131y\u0131 sizlere aral\u0131yor. Ne bir akademik eser ne de bir ders kitab\u0131 olan Felsefi Ak\u0131l Oyunlar\u0131, i\u00e7erisindeki her bir b\u00f6l\u00fcm\u00fcn di\u011ferlerinden ba\u011f\u0131ms\u0131z olarak tasarland\u0131\u011f\u0131, dolay\u0131s\u0131yla okuyucusunun okuma s\u0131ras\u0131n\u0131 kendisinin belirleyebilece\u011fi bir ba\u015fvuru kitab\u0131 olmas\u0131 sebebiyle merakl\u0131lar\u0131 i\u00e7in \u00f6zg\u00fcrce kar\u0131\u015ft\u0131r\u0131labilecek bir rehber\u2026 <\/p>\n","protected":false},"excerpt":{"rendered":"<p>\u201cFelsefe denilen \u015fey nedir ve ne i\u015fe yarar? \u201cFelsefe\u201d; g\u00fcnl\u00fck ya\u015fant\u0131m\u0131zda her durumda olduk\u00e7a s\u0131k kar\u015f\u0131la\u015ft\u0131\u011f\u0131m\u0131z bir s\u00f6zc\u00fck. \u201cFelsefemiz: Mutlu \u00e7iftler bizim ba\u015far\u0131m\u0131zd\u0131r.\u201d Bunlar bir \u00e7\u00f6p\u00e7atanl\u0131k<span class=\"excerpt-hellip\"> [\u2026]<\/span><\/p>\n","protected":false},"featured_media":0,"template":"","meta":{"_monsterinsights_skip_tracking":false,"_monsterinsights_sitenote_active":false,"_monsterinsights_sitenote_note":"","_monsterinsights_sitenote_category":0},"product_brand":[],"product_cat":[12388,13555],"product_tag":[],"class_list":{"0":"post-713101","1":"product","2":"type-product","3":"status-publish","5":"product_cat-felsefe","6":"product_cat-genel-felsefe","7":"pa_cilt-ciltsiz","8":"pa_tur-kitap","9":"pa_yayinevi-profil-kitap","10":"pa_yazar-robert-zimmer","12":"first","13":"instock","14":"sale","15":"shipping-taxable","16":"purchasable","17":"product-type-simple"},"_links":{"self":[{"href":"https:\/\/roveyayinevi.com.tr\/index.php\/wp-json\/wp\/v2\/product\/713101","targetHints":{"allow":["GET"]}}],"collection":[{"href":"https:\/\/roveyayinevi.com.tr\/index.php\/wp-json\/wp\/v2\/product"}],"about":[{"href":"https:\/\/roveyayinevi.com.tr\/index.php\/wp-json\/wp\/v2\/types\/product"}],"wp:attachment":[{"href":"https:\/\/roveyayinevi.com.tr\/index.php\/wp-json\/wp\/v2\/media?parent=713101"}],"wp:term":[{"taxonomy":"product_brand","embeddable":true,"href":"https:\/\/roveyayinevi.com.tr\/index.php\/wp-json\/wp\/v2\/product_brand?post=713101"},{"taxonomy":"product_cat","embeddable":true,"href":"https:\/\/roveyayinevi.com.tr\/index.php\/wp-json\/wp\/v2\/product_cat?post=713101"},{"taxonomy":"product_tag","embeddable":true,"href":"https:\/\/roveyayinevi.com.tr\/index.php\/wp-json\/wp\/v2\/product_tag?post=713101"}],"curies":[{"name":"wp","href":"https:\/\/api.w.org\/{rel}","templated":true}]}}