{"id":713097,"date":"2025-08-27T17:04:05","date_gmt":"2025-08-27T14:04:05","guid":{"rendered":"https:\/\/roveyayinevi.com.tr\/index.php\/urun\/olumcul-hayvanlar-national-geographic-kids\/"},"modified":"2026-04-16T02:21:42","modified_gmt":"2026-04-15T23:21:42","slug":"olumcul-hayvanlar-national-geographic-kids","status":"publish","type":"product","link":"https:\/\/roveyayinevi.com.tr\/index.php\/urun\/olumcul-hayvanlar-national-geographic-kids\/","title":{"rendered":"\u00d6l\u00fcmc\u00fcl Hayvanlar &#8211; National Geographic Kids"},"content":{"rendered":"<p>National Geographic\u2019in uzman foto\u011fraf\u00e7\u0131lar\u0131n\u0131n imzas\u0131n\u0131 ta\u015f\u0131yan g\u00f6rsellerle, zengin bir i\u00e7erik olarak bu kitapta bir araya geldi. 7 kitaptan olu\u015fan, 3. seviye okuma kitaplar\u0131ndan biri olan\u00d6l\u00fcmc\u00fcl Hayvanlar,g\u00f6rsel a\u011f\u0131rl\u0131\u011f\u0131 sayesinde \u00e7ocuklar\u0131n konudan kopmamalar\u0131n\u0131 sa\u011flar ve yeni kelimelerin anlamlar\u0131n\u0131 a\u00e7\u0131klayarak onlar\u0131 tek ba\u015flar\u0131na okumaya te\u015fvik eder. Seviye 3; Merakl\u0131 \u00e7ocuklar i\u00e7in kolay okuyabilecekleri kitaplard\u0131r. Seviye 3 Kitaplar\u0131, kendi ba\u015flar\u0131na ak\u0131c\u0131 olarak okuyan ve yeni s\u00f6zc\u00fcklerle uzun c\u00fcmlelere haz\u0131r olan \u00e7ocuklar i\u00e7indir. <\/p>\n","protected":false},"excerpt":{"rendered":"<p>National Geographic\u2019in uzman foto\u011fraf\u00e7\u0131lar\u0131n\u0131n imzas\u0131n\u0131 ta\u015f\u0131yan g\u00f6rsellerle, zengin bir i\u00e7erik olarak bu kitapta bir araya geldi. 7 kitaptan olu\u015fan, 3. seviye okuma kitaplar\u0131ndan biri olan\u00d6l\u00fcmc\u00fcl Hayvanlar,g\u00f6rsel<span class=\"excerpt-hellip\"> [\u2026]<\/span><\/p>\n","protected":false},"featured_media":0,"template":"","meta":{"_monsterinsights_skip_tracking":false,"_monsterinsights_sitenote_active":false,"_monsterinsights_sitenote_note":"","_monsterinsights_sitenote_category":0},"product_brand":[],"product_cat":[22249,13527],"product_tag":[],"class_list":{"0":"post-713097","1":"product","2":"type-product","3":"status-publish","5":"product_cat-bilim","6":"product_cat-sureli-yayinlar","7":"pa_cilt-ciltsiz","8":"pa_tur-kitap","9":"pa_yayinevi-beta-kids","10":"pa_yazar-melissa-stewart","12":"first","13":"instock","14":"sale","15":"shipping-taxable","16":"purchasable","17":"product-type-simple"},"_links":{"self":[{"href":"https:\/\/roveyayinevi.com.tr\/index.php\/wp-json\/wp\/v2\/product\/713097","targetHints":{"allow":["GET"]}}],"collection":[{"href":"https:\/\/roveyayinevi.com.tr\/index.php\/wp-json\/wp\/v2\/product"}],"about":[{"href":"https:\/\/roveyayinevi.com.tr\/index.php\/wp-json\/wp\/v2\/types\/product"}],"wp:attachment":[{"href":"https:\/\/roveyayinevi.com.tr\/index.php\/wp-json\/wp\/v2\/media?parent=713097"}],"wp:term":[{"taxonomy":"product_brand","embeddable":true,"href":"https:\/\/roveyayinevi.com.tr\/index.php\/wp-json\/wp\/v2\/product_brand?post=713097"},{"taxonomy":"product_cat","embeddable":true,"href":"https:\/\/roveyayinevi.com.tr\/index.php\/wp-json\/wp\/v2\/product_cat?post=713097"},{"taxonomy":"product_tag","embeddable":true,"href":"https:\/\/roveyayinevi.com.tr\/index.php\/wp-json\/wp\/v2\/product_tag?post=713097"}],"curies":[{"name":"wp","href":"https:\/\/api.w.org\/{rel}","templated":true}]}}