{"id":713093,"date":"2025-08-27T17:04:02","date_gmt":"2025-08-27T14:04:02","guid":{"rendered":"https:\/\/roveyayinevi.com.tr\/index.php\/urun\/futbolikler-2-herkes-kendi-kalesine\/"},"modified":"2026-01-30T02:36:46","modified_gmt":"2026-01-29T23:36:46","slug":"futbolikler-2-herkes-kendi-kalesine","status":"publish","type":"product","link":"https:\/\/roveyayinevi.com.tr\/index.php\/urun\/futbolikler-2-herkes-kendi-kalesine\/","title":{"rendered":"Futbolikler 2: Herkes Kendi Kalesine!"},"content":{"rendered":"<p>FUTBOL\u0130KLER 15 \u00fclkeye sat\u0131ld\u0131. 1.500.000 satt\u0131. SOTO ALTO TAKIMI \u015eA\u015eKINLIK \u0130\u00c7\u0130NDE. Uluslararas\u0131 bir turnuvada d\u00fcnyan\u0131n en iyi \u00e7ocuk tak\u0131mlar\u0131yla oynamak i\u00e7in davet edildiler. PEK\u0130, bir gol b\u0130le atmadan ma\u00e7 kazanabilirler mi? Ya iki MA\u00c7? Ya t\u00fcm turnuvay\u0131? Burada garip bir \u015fey oluyor. Futbolikler Y\u0130NE NEY\u0130N PE\u015e\u0130NDELER? <\/p>\n","protected":false},"excerpt":{"rendered":"<p>FUTBOL\u0130KLER 15 \u00fclkeye sat\u0131ld\u0131. 1.500.000 satt\u0131. SOTO ALTO TAKIMI \u015eA\u015eKINLIK \u0130\u00c7\u0130NDE. Uluslararas\u0131 bir turnuvada d\u00fcnyan\u0131n en iyi \u00e7ocuk tak\u0131mlar\u0131yla oynamak i\u00e7in davet edildiler. PEK\u0130, bir gol<span class=\"excerpt-hellip\"> [\u2026]<\/span><\/p>\n","protected":false},"featured_media":0,"template":"","meta":{"_monsterinsights_skip_tracking":false,"_monsterinsights_sitenote_active":false,"_monsterinsights_sitenote_note":"","_monsterinsights_sitenote_category":0},"product_brand":[],"product_cat":[12274,12284],"product_tag":[],"class_list":{"0":"post-713093","1":"product","2":"type-product","3":"status-publish","5":"product_cat-cocuk-ve-genclik-kitaplari","6":"product_cat-hikayeler","7":"pa_cilt-ciltli","8":"pa_tur-kitap","9":"pa_yayinevi-epsilon-yayinlari","10":"pa_yazar-roberto-santiago","12":"first","13":"instock","14":"sale","15":"shipping-taxable","16":"purchasable","17":"product-type-simple"},"_links":{"self":[{"href":"https:\/\/roveyayinevi.com.tr\/index.php\/wp-json\/wp\/v2\/product\/713093","targetHints":{"allow":["GET"]}}],"collection":[{"href":"https:\/\/roveyayinevi.com.tr\/index.php\/wp-json\/wp\/v2\/product"}],"about":[{"href":"https:\/\/roveyayinevi.com.tr\/index.php\/wp-json\/wp\/v2\/types\/product"}],"wp:attachment":[{"href":"https:\/\/roveyayinevi.com.tr\/index.php\/wp-json\/wp\/v2\/media?parent=713093"}],"wp:term":[{"taxonomy":"product_brand","embeddable":true,"href":"https:\/\/roveyayinevi.com.tr\/index.php\/wp-json\/wp\/v2\/product_brand?post=713093"},{"taxonomy":"product_cat","embeddable":true,"href":"https:\/\/roveyayinevi.com.tr\/index.php\/wp-json\/wp\/v2\/product_cat?post=713093"},{"taxonomy":"product_tag","embeddable":true,"href":"https:\/\/roveyayinevi.com.tr\/index.php\/wp-json\/wp\/v2\/product_tag?post=713093"}],"curies":[{"name":"wp","href":"https:\/\/api.w.org\/{rel}","templated":true}]}}