{"id":713092,"date":"2025-08-27T17:04:02","date_gmt":"2025-08-27T14:04:02","guid":{"rendered":"https:\/\/roveyayinevi.com.tr\/index.php\/urun\/futbolikler-1-hakem-uyuyor-mu\/"},"modified":"2026-03-18T02:30:43","modified_gmt":"2026-03-17T23:30:43","slug":"futbolikler-1-hakem-uyuyor-mu","status":"publish","type":"product","link":"https:\/\/roveyayinevi.com.tr\/index.php\/urun\/futbolikler-1-hakem-uyuyor-mu\/","title":{"rendered":"Futbolikler 1: Hakem Uyuyor Mu?"},"content":{"rendered":"<p>FUTBOL\u0130KLER 15 \u00fclkeye sat\u0131ld\u0131. 1.500.000 satt\u0131. Soto Alto futbol tak\u0131m\u0131 sadece bir okul tak\u0131m\u0131 de\u011fil. Daha fazlas\u0131. Bir anla\u015fma yapt\u0131k: B\u0130Z\u0130 H\u0130\u00c7B\u0130R \u015fey asla ay\u0131ramayacak. DA\u0130MA birlikte oynayaca\u011f\u0131z. NE OLURSA OLSUN. Tuhaf olaylar kar\u015f\u0131s\u0131nda da harekete ge\u00e7mekten ba\u015fka se\u00e7ene\u011fimiz yok.  AYRICA dedektifli\u011fe haz\u0131rlan\u0131yoruz&#8230; ve maceraya at\u0131l\u0131yoruz. \u00c7\u00fcnk\u00fc biz&#8230; Futbolikleriz! <\/p>\n","protected":false},"excerpt":{"rendered":"<p>FUTBOL\u0130KLER 15 \u00fclkeye sat\u0131ld\u0131. 1.500.000 satt\u0131. Soto Alto futbol tak\u0131m\u0131 sadece bir okul tak\u0131m\u0131 de\u011fil. Daha fazlas\u0131. Bir anla\u015fma yapt\u0131k: B\u0130Z\u0130 H\u0130\u00c7B\u0130R \u015fey asla ay\u0131ramayacak. DA\u0130MA<span class=\"excerpt-hellip\"> [\u2026]<\/span><\/p>\n","protected":false},"featured_media":0,"template":"","meta":{"_monsterinsights_skip_tracking":false,"_monsterinsights_sitenote_active":false,"_monsterinsights_sitenote_note":"","_monsterinsights_sitenote_category":0},"product_brand":[],"product_cat":[12291,12711],"product_tag":[],"class_list":{"0":"post-713092","1":"product","2":"type-product","3":"status-publish","5":"product_cat-edebiyat","6":"product_cat-roman-oyku","7":"pa_cilt-ciltli","8":"pa_tur-kitap","9":"pa_yayinevi-epsilon-yayinlari","10":"pa_yazar-roberto-santiago","12":"first","13":"instock","14":"sale","15":"shipping-taxable","16":"purchasable","17":"product-type-simple"},"_links":{"self":[{"href":"https:\/\/roveyayinevi.com.tr\/index.php\/wp-json\/wp\/v2\/product\/713092","targetHints":{"allow":["GET"]}}],"collection":[{"href":"https:\/\/roveyayinevi.com.tr\/index.php\/wp-json\/wp\/v2\/product"}],"about":[{"href":"https:\/\/roveyayinevi.com.tr\/index.php\/wp-json\/wp\/v2\/types\/product"}],"wp:attachment":[{"href":"https:\/\/roveyayinevi.com.tr\/index.php\/wp-json\/wp\/v2\/media?parent=713092"}],"wp:term":[{"taxonomy":"product_brand","embeddable":true,"href":"https:\/\/roveyayinevi.com.tr\/index.php\/wp-json\/wp\/v2\/product_brand?post=713092"},{"taxonomy":"product_cat","embeddable":true,"href":"https:\/\/roveyayinevi.com.tr\/index.php\/wp-json\/wp\/v2\/product_cat?post=713092"},{"taxonomy":"product_tag","embeddable":true,"href":"https:\/\/roveyayinevi.com.tr\/index.php\/wp-json\/wp\/v2\/product_tag?post=713092"}],"curies":[{"name":"wp","href":"https:\/\/api.w.org\/{rel}","templated":true}]}}