{"id":713090,"date":"2025-08-27T17:04:01","date_gmt":"2025-08-27T14:04:01","guid":{"rendered":"https:\/\/roveyayinevi.com.tr\/index.php\/urun\/papa-ve-mussolini-xi-piusun-gizli-tarihi-ve-avrupada-fasizmin-yukselisi\/"},"modified":"2026-04-16T02:21:42","modified_gmt":"2026-04-15T23:21:42","slug":"papa-ve-mussolini-xi-piusun-gizli-tarihi-ve-avrupada-fasizmin-yukselisi","status":"publish","type":"product","link":"https:\/\/roveyayinevi.com.tr\/index.php\/urun\/papa-ve-mussolini-xi-piusun-gizli-tarihi-ve-avrupada-fasizmin-yukselisi\/","title":{"rendered":"Papa Ve Mussolini XI. Pius&#8217;un Gizli Tarihi ve Avrupa\u2019da Fa\u015fizmin Y\u00fckseli\u015fi"},"content":{"rendered":"<p>Hasta, ya\u015fl\u0131, bir \u00f6nceki y\u0131l\u0131n kan dola\u015f\u0131m sistemi bozuklu\u011funu zorlukla atlatm\u0131\u015f Papa XI. Pius Tanr\u0131\u2019ya kendisine birka\u00e7 g\u00fcn daha ba\u011f\u0131\u015flamas\u0131 i\u00e7in yalvar\u0131yordu. Vatikan\u2019da \u00fc\u00e7\u00fcnc\u00fc kattaki b\u00fcrosunda beyaz elbisesi i\u00e7inde masas\u0131na oturmu\u015ftu; bastonu yak\u0131n\u0131ndaki duvara dayal\u0131yd\u0131. \u0130talya\u2019n\u0131n en y\u00fcksek da\u011flar\u0131n\u0131n zirvelerine t\u0131rmanmalar\u0131 d\u00f6neminden kalma pasl\u0131 barometresi ve pusulas\u0131, uzun zaman \u00f6nceki g\u00fcnlerin bir hat\u0131ras\u0131 olarak bir kenarda durmaktayd\u0131. Eski bir diyapazon da bir \u00e7ekmecede bulunuyordu. (&#8230;) \u015eimdi sonunun yakla\u015ft\u0131\u011f\u0131n\u0131 bilerek k\u00e2\u011f\u0131tlar\u0131n\u0131n d\u00fczen i\u00e7inde oldu\u011fundan emin olmak i\u00e7in b\u00fct\u00fcn \u00e7ekmeceleri yoklad\u0131.G\u00fcnd\u00fczleri Aziz Peter Meydan\u0131\u2019na bakan \u00fc\u00e7 pencereden odas\u0131na \u0131\u015f\u0131k dolmaktayd\u0131. Ama \u015fimdi geceydi ve k\u00fc\u00e7\u00fck masa lambas\u0131ndan, \u00f6n\u00fcnde bulunan yata\u011f\u0131n\u0131n \u00e7ar\u015faflar\u0131 \u00fczerine donuk sar\u0131 bir \u0131\u015f\u0131k vurmaktayd\u0131. Tanr\u0131\u2019n\u0131n bir nedenden dolay\u0131 hayat\u0131n\u0131 s\u00fcrd\u00fcrmesine izin verdi\u011fini d\u00fc\u015f\u00fcnd\u00fc. Yery\u00fcz\u00fcnde Tanr\u0131\u2019n\u0131n vekiliydi. S\u00f6ylemek zorunda oldu\u011fu \u015feyi s\u00f6ylemeden \u00f6lemezdi. Papa nihai mesaj\u0131n\u0131 duymalar\u0131 i\u00e7in \u0130talya\u2019n\u0131n b\u00fct\u00fcn piskoposlar\u0131n\u0131 Roma\u2019ya \u00e7a\u011f\u0131rm\u0131\u015ft\u0131. Toplant\u0131 on g\u00fcn sonra 11 \u015eubat 1939\u2019da Aziz Peter Kilisesi\u2019nde yap\u0131lacakt\u0131. Bu tarih, Lateran Antla\u015fmas\u0131\u2019n\u0131n, yani XI. Pius\u2019un \u0130talya diktat\u00f6r\u00fc Mussolini\u2019yle imzalad\u0131\u011f\u0131 ve \u0130talya\u2019yla Roma Katolik Kilisesi aras\u0131ndaki on y\u0131llar s\u00fcren d\u00fc\u015fmanl\u0131\u011fa son veren tarihi antla\u015fman\u0131n onuncu y\u0131ld\u00f6n\u00fcm\u00fcn\u00fc ifade etmekteydi. Bu antla\u015fmayla altm\u0131\u015f sekiz y\u0131l \u00f6nceki kurulu\u015fundan bu yana \u00e7a\u011fda\u015f \u0130talya\u2019y\u0131 belirlemi\u015f olan Kilise\u2019yle devletin birbirinden ayr\u0131lmas\u0131na son verilmi\u015f ve Kilise\u2019nin Mussolini\u2019nin fa\u015fist h\u00fck\u00fcmetinin istekli bir orta\u011f\u0131 oldu\u011fu yeni bir \u00e7a\u011f a\u00e7\u0131lm\u0131\u015ft\u0131&#8230; *** Papa ve Mussolini, \u0130talya\u2019da fa\u015fist diktat\u00f6rl\u00fck ile din aras\u0131ndaki ili\u015fkinin anatomisini \u00e7\u0131karan muhte\u015fem bir \u00e7al\u0131\u015fma&#8230; <\/p>\n","protected":false},"excerpt":{"rendered":"<p>Hasta, ya\u015fl\u0131, bir \u00f6nceki y\u0131l\u0131n kan dola\u015f\u0131m sistemi bozuklu\u011funu zorlukla atlatm\u0131\u015f Papa XI. Pius Tanr\u0131\u2019ya kendisine birka\u00e7 g\u00fcn daha ba\u011f\u0131\u015flamas\u0131 i\u00e7in yalvar\u0131yordu. Vatikan\u2019da \u00fc\u00e7\u00fcnc\u00fc kattaki b\u00fcrosunda<span class=\"excerpt-hellip\"> [\u2026]<\/span><\/p>\n","protected":false},"featured_media":0,"template":"","meta":{"_monsterinsights_skip_tracking":false,"_monsterinsights_sitenote_active":false,"_monsterinsights_sitenote_note":"","_monsterinsights_sitenote_category":0},"product_brand":[],"product_cat":[13590,12337],"product_tag":[],"class_list":{"0":"post-713090","1":"product","2":"type-product","3":"status-publish","5":"product_cat-arastirma-inceleme-politika-siyaset","6":"product_cat-politika-siyaset","7":"pa_cilt-ciltsiz","8":"pa_tur-kitap","9":"pa_yayinevi-ayrinti-yayinlari","10":"pa_yazar-david-i-kertzer","12":"first","13":"instock","14":"sale","15":"shipping-taxable","16":"purchasable","17":"product-type-simple"},"_links":{"self":[{"href":"https:\/\/roveyayinevi.com.tr\/index.php\/wp-json\/wp\/v2\/product\/713090","targetHints":{"allow":["GET"]}}],"collection":[{"href":"https:\/\/roveyayinevi.com.tr\/index.php\/wp-json\/wp\/v2\/product"}],"about":[{"href":"https:\/\/roveyayinevi.com.tr\/index.php\/wp-json\/wp\/v2\/types\/product"}],"wp:attachment":[{"href":"https:\/\/roveyayinevi.com.tr\/index.php\/wp-json\/wp\/v2\/media?parent=713090"}],"wp:term":[{"taxonomy":"product_brand","embeddable":true,"href":"https:\/\/roveyayinevi.com.tr\/index.php\/wp-json\/wp\/v2\/product_brand?post=713090"},{"taxonomy":"product_cat","embeddable":true,"href":"https:\/\/roveyayinevi.com.tr\/index.php\/wp-json\/wp\/v2\/product_cat?post=713090"},{"taxonomy":"product_tag","embeddable":true,"href":"https:\/\/roveyayinevi.com.tr\/index.php\/wp-json\/wp\/v2\/product_tag?post=713090"}],"curies":[{"name":"wp","href":"https:\/\/api.w.org\/{rel}","templated":true}]}}