{"id":713087,"date":"2025-08-27T17:03:59","date_gmt":"2025-08-27T14:03:59","guid":{"rendered":"https:\/\/roveyayinevi.com.tr\/index.php\/urun\/ayvaliktan-gelen-mektup\/"},"modified":"2026-04-16T02:21:42","modified_gmt":"2026-04-15T23:21:42","slug":"ayvaliktan-gelen-mektup","status":"publish","type":"product","link":"https:\/\/roveyayinevi.com.tr\/index.php\/urun\/ayvaliktan-gelen-mektup\/","title":{"rendered":"Ayval\u0131k&#8217;tan Gelen Mektup"},"content":{"rendered":"<p>Diyar, ailesinden \u00f6nce ve tek ba\u015f\u0131na gelmi\u015fti Amerika\u2019dan. Ayval\u0131k\u2019taki tatile gitmek i\u00e7in ailesini beklerken anneannesi ona Ayval\u0131k\u2019tan g\u00f6nderilmi\u015f bir mektup verdi. Kendi ad\u0131na yaz\u0131lm\u0131\u015f zarfl\u0131, pullu bir mektupla ilk kez kar\u015f\u0131la\u015fan Diyar hem heyecanland\u0131 hem de \u015fa\u015f\u0131rd\u0131. \u00c7\u00fcnk\u00fc mektup Yusuf ad\u0131nda, tan\u0131mad\u0131\u011f\u0131 bir \u00e7ocuktan geliyordu.Kimdi bu Yusuf? Ona ni\u00e7in mektup yazm\u0131\u015ft\u0131? Diyar bu mektubu yan\u0131tlamal\u0131 m\u0131yd\u0131? Yan\u0131tlayacaksa ne yazacakt\u0131?\u015eimdiye dek hi\u00e7 mektup yazmam\u0131\u015ft\u0131 ki o!<\/p>\n","protected":false},"excerpt":{"rendered":"<p>Diyar, ailesinden \u00f6nce ve tek ba\u015f\u0131na gelmi\u015fti Amerika\u2019dan. Ayval\u0131k\u2019taki tatile gitmek i\u00e7in ailesini beklerken anneannesi ona Ayval\u0131k\u2019tan g\u00f6nderilmi\u015f bir mektup verdi. Kendi ad\u0131na yaz\u0131lm\u0131\u015f zarfl\u0131, pullu<span class=\"excerpt-hellip\"> [\u2026]<\/span><\/p>\n","protected":false},"featured_media":0,"template":"","meta":{"_monsterinsights_skip_tracking":false,"_monsterinsights_sitenote_active":false,"_monsterinsights_sitenote_note":"","_monsterinsights_sitenote_category":0},"product_brand":[],"product_cat":[12274,12284],"product_tag":[],"class_list":{"0":"post-713087","1":"product","2":"type-product","3":"status-publish","5":"product_cat-cocuk-ve-genclik-kitaplari","6":"product_cat-hikayeler","7":"pa_cilt-ciltsiz","8":"pa_tur-kitap","9":"pa_yayinevi-kirmizi-kedi-yayinevi","10":"pa_yazar-feyza-hepcilingirler","12":"first","13":"instock","14":"sale","15":"shipping-taxable","16":"purchasable","17":"product-type-simple"},"_links":{"self":[{"href":"https:\/\/roveyayinevi.com.tr\/index.php\/wp-json\/wp\/v2\/product\/713087","targetHints":{"allow":["GET"]}}],"collection":[{"href":"https:\/\/roveyayinevi.com.tr\/index.php\/wp-json\/wp\/v2\/product"}],"about":[{"href":"https:\/\/roveyayinevi.com.tr\/index.php\/wp-json\/wp\/v2\/types\/product"}],"wp:attachment":[{"href":"https:\/\/roveyayinevi.com.tr\/index.php\/wp-json\/wp\/v2\/media?parent=713087"}],"wp:term":[{"taxonomy":"product_brand","embeddable":true,"href":"https:\/\/roveyayinevi.com.tr\/index.php\/wp-json\/wp\/v2\/product_brand?post=713087"},{"taxonomy":"product_cat","embeddable":true,"href":"https:\/\/roveyayinevi.com.tr\/index.php\/wp-json\/wp\/v2\/product_cat?post=713087"},{"taxonomy":"product_tag","embeddable":true,"href":"https:\/\/roveyayinevi.com.tr\/index.php\/wp-json\/wp\/v2\/product_tag?post=713087"}],"curies":[{"name":"wp","href":"https:\/\/api.w.org\/{rel}","templated":true}]}}