{"id":713082,"date":"2025-08-27T17:03:57","date_gmt":"2025-08-27T14:03:57","guid":{"rendered":"https:\/\/roveyayinevi.com.tr\/index.php\/urun\/kucuk-sahabiler-5-agaca-tas-atan-cocuk\/"},"modified":"2026-04-16T02:21:41","modified_gmt":"2026-04-15T23:21:41","slug":"kucuk-sahabiler-5-agaca-tas-atan-cocuk","status":"publish","type":"product","link":"https:\/\/roveyayinevi.com.tr\/index.php\/urun\/kucuk-sahabiler-5-agaca-tas-atan-cocuk\/","title":{"rendered":"K\u00fc\u00e7\u00fck Sahabiler 5: A\u011faca Ta\u015f Atan \u00c7ocuk"},"content":{"rendered":"<p>\u00d6zkan \u00d6ze&#8217;nin k\u00fc\u00e7\u00fckler ama en k\u00fc\u00e7\u00fckler i\u00e7in yazd\u0131\u011f\u0131 K\u00dc\u00c7\u00dcK SAHAB\u0130LER dizisinin ikinci 4 kitapl\u0131k seti&#8230; K\u00fc\u00e7\u00fck Sahabiler 5: A\u011faca Ta\u015f Atan \u00c7ocuk, K\u00fc\u00e7\u00fck Sahabiler 6: Enes\u2019in G\u00f6revi, K\u00fc\u00e7\u00fck Sahabiler 7, On G\u00fcm\u00fc\u015f Para, K\u00fc\u00e7\u00fck Sahabiler 8: D\u00fcnyan\u0131n En \u015eansl\u0131 \u00c7ocu\u011fu. K\u00fc\u00e7\u00fck Sahabiler, Peygamberimizin \u00e7ocuk arkada\u015flar\u0131yd\u0131. Peygamberimiz onlar\u0131 \u00e7ok severdi. Onlar da Peygamberimizi \u00e7ok severdi. \u0130\u015fte k\u00fc\u00e7\u00fck sahabilerden birka\u00e7 tatl\u0131 hat\u0131ra! \ufffcTan\u0131t\u0131m Metni<\/p>\n","protected":false},"excerpt":{"rendered":"<p>\u00d6zkan \u00d6ze&#8217;nin k\u00fc\u00e7\u00fckler ama en k\u00fc\u00e7\u00fckler i\u00e7in yazd\u0131\u011f\u0131 K\u00dc\u00c7\u00dcK SAHAB\u0130LER dizisinin ikinci 4 kitapl\u0131k seti&#8230; K\u00fc\u00e7\u00fck Sahabiler 5: A\u011faca Ta\u015f Atan \u00c7ocuk, K\u00fc\u00e7\u00fck Sahabiler 6: Enes\u2019in<span class=\"excerpt-hellip\"> [\u2026]<\/span><\/p>\n","protected":false},"featured_media":0,"template":"","meta":{"_monsterinsights_skip_tracking":false,"_monsterinsights_sitenote_active":false,"_monsterinsights_sitenote_note":"","_monsterinsights_sitenote_category":0},"product_brand":[],"product_cat":[12718,12719],"product_tag":[],"class_list":{"0":"post-713082","1":"product","2":"type-product","3":"status-publish","5":"product_cat-din","6":"product_cat-islam","7":"pa_cilt-ciltsiz","8":"pa_tur-kitap","9":"pa_yayinevi-ugurbocegi-yayinlari-kampanyali","10":"pa_yazar-ozkan-oze","12":"first","13":"instock","14":"sale","15":"shipping-taxable","16":"purchasable","17":"product-type-simple"},"_links":{"self":[{"href":"https:\/\/roveyayinevi.com.tr\/index.php\/wp-json\/wp\/v2\/product\/713082","targetHints":{"allow":["GET"]}}],"collection":[{"href":"https:\/\/roveyayinevi.com.tr\/index.php\/wp-json\/wp\/v2\/product"}],"about":[{"href":"https:\/\/roveyayinevi.com.tr\/index.php\/wp-json\/wp\/v2\/types\/product"}],"wp:attachment":[{"href":"https:\/\/roveyayinevi.com.tr\/index.php\/wp-json\/wp\/v2\/media?parent=713082"}],"wp:term":[{"taxonomy":"product_brand","embeddable":true,"href":"https:\/\/roveyayinevi.com.tr\/index.php\/wp-json\/wp\/v2\/product_brand?post=713082"},{"taxonomy":"product_cat","embeddable":true,"href":"https:\/\/roveyayinevi.com.tr\/index.php\/wp-json\/wp\/v2\/product_cat?post=713082"},{"taxonomy":"product_tag","embeddable":true,"href":"https:\/\/roveyayinevi.com.tr\/index.php\/wp-json\/wp\/v2\/product_tag?post=713082"}],"curies":[{"name":"wp","href":"https:\/\/api.w.org\/{rel}","templated":true}]}}