{"id":713077,"date":"2025-08-27T17:03:54","date_gmt":"2025-08-27T14:03:54","guid":{"rendered":"https:\/\/roveyayinevi.com.tr\/index.php\/urun\/ali-kopter-3-bende-aksiyon-bitmez\/"},"modified":"2026-04-16T02:21:41","modified_gmt":"2026-04-15T23:21:41","slug":"ali-kopter-3-bende-aksiyon-bitmez","status":"publish","type":"product","link":"https:\/\/roveyayinevi.com.tr\/index.php\/urun\/ali-kopter-3-bende-aksiyon-bitmez\/","title":{"rendered":"Ali Kopter 3 &#8211; Bende Aksiyon Bitmez"},"content":{"rendered":"<p>Okula gitti\u011fimde herkesin sa\u011fa sola ko\u015fturdu\u011funu g\u00f6rd\u00fcm. Acaba benim bilmedi\u011fim bir tatbikat filan m\u0131 oluyordu? Neyi ka\u00e7\u0131rm\u0131\u015f olabilirdim?Ben de bah\u00e7eye do\u011fru ko\u015fmaya ba\u015flad\u0131m. O s\u0131rada nas\u0131l oldu\u011funu bilmedi\u011fim \u015fekilde kendimi yo\u011furt yeme yar\u0131\u015fmas\u0131n\u0131n ortas\u0131nda buldum. Kocaman bir tepsi yo\u011furt \u00f6n\u00fcmde duruyordu.\u201cBa\u015fla!\u201d d\u00fcd\u00fc\u011f\u00fcyle tepsinin i\u00e7ine kafam\u0131 soktum ve h\u0131zla yemeye ba\u015flad\u0131m. Yedim, yedim, yedim&#8230;Neredeyse nefes alamayacak hale gelmi\u015ftim ki yo\u011furt tepsisinden kafam\u0131 \u00e7\u0131kard\u0131m.Etraf\u0131ma \u015f\u00f6yle bir bakt\u0131m, iki tepsi yo\u011furda hi\u00e7 dokunulmam\u0131\u015ft\u0131 ve herkes bana bak\u0131p g\u00fcl\u00fcyordu.\u2013 Mant\u0131lar\u0131n yo\u011furdunu niye yedin, dedi \u00f6\u011fretmenim.\u2013 Ne mant\u0131s\u0131, dedim.Allah\u0131m! rezil olmu\u015ftum. Bu yar\u0131\u015fma meselesini nas\u0131l uydurmu\u015ftum? <\/p>\n","protected":false},"excerpt":{"rendered":"<p>Okula gitti\u011fimde herkesin sa\u011fa sola ko\u015fturdu\u011funu g\u00f6rd\u00fcm. Acaba benim bilmedi\u011fim bir tatbikat filan m\u0131 oluyordu? Neyi ka\u00e7\u0131rm\u0131\u015f olabilirdim?Ben de bah\u00e7eye do\u011fru ko\u015fmaya ba\u015flad\u0131m. O s\u0131rada nas\u0131l<span class=\"excerpt-hellip\"> [\u2026]<\/span><\/p>\n","protected":false},"featured_media":0,"template":"","meta":{"_monsterinsights_skip_tracking":false,"_monsterinsights_sitenote_active":false,"_monsterinsights_sitenote_note":"","_monsterinsights_sitenote_category":0},"product_brand":[],"product_cat":[12274,12284],"product_tag":[],"class_list":{"0":"post-713077","1":"product","2":"type-product","3":"status-publish","5":"product_cat-cocuk-ve-genclik-kitaplari","6":"product_cat-hikayeler","7":"pa_cilt-ciltsiz","8":"pa_tur-kitap","9":"pa_yayinevi-ugurbocegi-yayinlari","10":"pa_yazar-sebnem-guler-karacan","12":"first","13":"instock","14":"sale","15":"shipping-taxable","16":"purchasable","17":"product-type-simple"},"_links":{"self":[{"href":"https:\/\/roveyayinevi.com.tr\/index.php\/wp-json\/wp\/v2\/product\/713077","targetHints":{"allow":["GET"]}}],"collection":[{"href":"https:\/\/roveyayinevi.com.tr\/index.php\/wp-json\/wp\/v2\/product"}],"about":[{"href":"https:\/\/roveyayinevi.com.tr\/index.php\/wp-json\/wp\/v2\/types\/product"}],"wp:attachment":[{"href":"https:\/\/roveyayinevi.com.tr\/index.php\/wp-json\/wp\/v2\/media?parent=713077"}],"wp:term":[{"taxonomy":"product_brand","embeddable":true,"href":"https:\/\/roveyayinevi.com.tr\/index.php\/wp-json\/wp\/v2\/product_brand?post=713077"},{"taxonomy":"product_cat","embeddable":true,"href":"https:\/\/roveyayinevi.com.tr\/index.php\/wp-json\/wp\/v2\/product_cat?post=713077"},{"taxonomy":"product_tag","embeddable":true,"href":"https:\/\/roveyayinevi.com.tr\/index.php\/wp-json\/wp\/v2\/product_tag?post=713077"}],"curies":[{"name":"wp","href":"https:\/\/api.w.org\/{rel}","templated":true}]}}