{"id":713076,"date":"2025-08-27T17:03:53","date_gmt":"2025-08-27T14:03:53","guid":{"rendered":"https:\/\/roveyayinevi.com.tr\/index.php\/urun\/dagilan-misketler-duygularimi-fark-ediyorum-2\/"},"modified":"2026-04-16T02:21:41","modified_gmt":"2026-04-15T23:21:41","slug":"dagilan-misketler-duygularimi-fark-ediyorum-2","status":"publish","type":"product","link":"https:\/\/roveyayinevi.com.tr\/index.php\/urun\/dagilan-misketler-duygularimi-fark-ediyorum-2\/","title":{"rendered":"Da\u011f\u0131lan Misketler &#8211; Duygular\u0131m\u0131 Fark Ediyorum 2"},"content":{"rendered":"<p>Arka kapak yaz\u0131s\u0131ndan: Arkada\u015f\u0131n gelip de oyununu bozarsa neler hissedersin? Ona kar\u015f\u0131 kendini nas\u0131l ifade edersin? Ne yapmal\u0131 ki; hem bizi anlas\u0131n hem de aram\u0131z bozulmas\u0131n? Hadi beraber g\u00f6relim&#8230; <\/p>\n","protected":false},"excerpt":{"rendered":"<p>Arka kapak yaz\u0131s\u0131ndan: Arkada\u015f\u0131n gelip de oyununu bozarsa neler hissedersin? Ona kar\u015f\u0131 kendini nas\u0131l ifade edersin? Ne yapmal\u0131 ki; hem bizi anlas\u0131n hem de aram\u0131z bozulmas\u0131n?<span class=\"excerpt-hellip\"> [\u2026]<\/span><\/p>\n","protected":false},"featured_media":0,"template":"","meta":{"_monsterinsights_skip_tracking":false,"_monsterinsights_sitenote_active":false,"_monsterinsights_sitenote_note":"","_monsterinsights_sitenote_category":0},"product_brand":[],"product_cat":[12913,12274],"product_tag":[],"class_list":{"0":"post-713076","1":"product","2":"type-product","3":"status-publish","5":"product_cat-3-6-yas-kitaplari","6":"product_cat-cocuk-ve-genclik-kitaplari","7":"pa_cilt-ciltsiz","8":"pa_tur-kitap","9":"pa_yayinevi-cezve-cocuk","10":"pa_yazar-tugba-akbey-inan-rabia-gulcan-kardas","12":"first","13":"instock","14":"sale","15":"shipping-taxable","16":"purchasable","17":"product-type-simple"},"_links":{"self":[{"href":"https:\/\/roveyayinevi.com.tr\/index.php\/wp-json\/wp\/v2\/product\/713076","targetHints":{"allow":["GET"]}}],"collection":[{"href":"https:\/\/roveyayinevi.com.tr\/index.php\/wp-json\/wp\/v2\/product"}],"about":[{"href":"https:\/\/roveyayinevi.com.tr\/index.php\/wp-json\/wp\/v2\/types\/product"}],"wp:attachment":[{"href":"https:\/\/roveyayinevi.com.tr\/index.php\/wp-json\/wp\/v2\/media?parent=713076"}],"wp:term":[{"taxonomy":"product_brand","embeddable":true,"href":"https:\/\/roveyayinevi.com.tr\/index.php\/wp-json\/wp\/v2\/product_brand?post=713076"},{"taxonomy":"product_cat","embeddable":true,"href":"https:\/\/roveyayinevi.com.tr\/index.php\/wp-json\/wp\/v2\/product_cat?post=713076"},{"taxonomy":"product_tag","embeddable":true,"href":"https:\/\/roveyayinevi.com.tr\/index.php\/wp-json\/wp\/v2\/product_tag?post=713076"}],"curies":[{"name":"wp","href":"https:\/\/api.w.org\/{rel}","templated":true}]}}