{"id":713072,"date":"2025-08-27T17:03:50","date_gmt":"2025-08-27T14:03:50","guid":{"rendered":"https:\/\/roveyayinevi.com.tr\/index.php\/urun\/su-acayip-kulaklar\/"},"modified":"2026-04-16T02:21:41","modified_gmt":"2026-04-15T23:21:41","slug":"su-acayip-kulaklar","status":"publish","type":"product","link":"https:\/\/roveyayinevi.com.tr\/index.php\/urun\/su-acayip-kulaklar\/","title":{"rendered":"\u015eu Acayip Kulaklar"},"content":{"rendered":"<p>\u015eair Hayali, aslen Selanik taraflar\u0131ndand\u0131. \u00c7ok hareketli ge\u00e7en gen\u00e7lik y\u0131llar\u0131n\u0131n sonlar\u0131na do\u011fru, elinde demir asa, aya\u011f\u0131nda demir \u00e7ar\u0131k ile yolu Vardar Yenicesi\u2019ne d\u00fc\u015fen bir Kalender\u00ee dervi\u015finin pe\u015fine tak\u0131l\u0131p, \u0130stanbul\u2019a kadar geldi.\u0130stanbul\u2019da iyi bir e\u011fitim ald\u0131 ve bir s\u00fcre sonra yazd\u0131\u011f\u0131 birbirinden g\u00fczel gazellerle devrin padi\u015fah\u0131 Kanun\u00ee Sultan S\u00fcleyman\u2019\u0131n bile dikkatini \u00e7ekmeyi ba\u015fard\u0131&#8230;G\u00f6steri\u015ften, tantanadan, l\u00fcks hayattan ho\u015flanmazd\u0131. Pek bir sade ya\u015fard\u0131. Ger\u00e7ek bir dervi\u015f ve inan\u00e7l\u0131 bir adamd\u0131. \u015eairli\u011fi gibi bu sade hayat\u0131 ile de tan\u0131n\u0131p takdir edildi&#8230;Ben, Hayal\u00ee\u2019nin \u015fiirlerini severim. Hele de \u201cBilmezler\u201d gazelini&#8230;O gazeli duymad\u0131ysan\u0131z bile gazelin \u015fu m\u0131sras\u0131n\u0131 illa duymu\u015fsunuzdur.\u201cO m\u00e2hiler ki dery\u00e2 i\u00e7redir, dery\u00e2y\u0131 bilmezler.\u201d\u201cO bal\u0131klar!\u201d diyor. \u201cDenizin i\u00e7indedirler. Suda y\u00fczerler ama ne sudan, ne de suyun k\u0131ymetinden haberleri yoktur! Ancak bir oltan\u0131n ucuna tak\u0131l\u0131p sudan \u00e7\u0131kt\u0131klar\u0131nda anlarlar suyun k\u0131ymetini. Derya neymi\u015f, deniz neymi\u015f, su nas\u0131l bir nimetmi\u015f o zaman fark\u0131na var\u0131rlar!\u201d diyor&#8230;\u0130nsan da sa\u011fl\u0131\u011f\u0131n k\u0131ymetini hasta olunca, gen\u00e7li\u011fin k\u0131ymetini ya\u015flan\u0131nca, bir dilim ekme\u011fin k\u0131ymetini a\u00e7l\u0131ktan midesinden yukar\u0131lara ac\u0131 ac\u0131 sular \u00e7\u0131kmaya ba\u015flay\u0131nca anlam\u0131yor mu?Peki ya seslerin k\u0131ymetini?Bir sesler denizinde ya\u015fad\u0131\u011f\u0131m\u0131z halde ka\u00e7 kere durduk ve d\u00fc\u015f\u00fcnd\u00fck seslerin ve sesleri i\u015fitebilmenin k\u0131ymetini?Pek \u00e7o\u011fumuzun akl\u0131na bile gelmedi de\u011fil mi?O zaman, o m\u00e2hilerden ne fark\u0131m\u0131z kald\u0131?Derya i\u00e7reyiz, deryay\u0131 bilmeyiz&#8230;\u201cHadi buna bir son verelim art\u0131k!\u201d diyenler!Buyrun Acayip \u015eeyler Dizisi\u2019nin 20. kitab\u0131 \u015eu Acayip Kulaklar\u2019a kulak verin!\u2013Tar\u0131k Uslu (\u00d6zkan \u00d6ze) <\/p>\n","protected":false},"excerpt":{"rendered":"<p>\u015eair Hayali, aslen Selanik taraflar\u0131ndand\u0131. \u00c7ok hareketli ge\u00e7en gen\u00e7lik y\u0131llar\u0131n\u0131n sonlar\u0131na do\u011fru, elinde demir asa, aya\u011f\u0131nda demir \u00e7ar\u0131k ile yolu Vardar Yenicesi\u2019ne d\u00fc\u015fen bir Kalender\u00ee dervi\u015finin<span class=\"excerpt-hellip\"> [\u2026]<\/span><\/p>\n","protected":false},"featured_media":0,"template":"","meta":{"_monsterinsights_skip_tracking":false,"_monsterinsights_sitenote_active":false,"_monsterinsights_sitenote_note":"","_monsterinsights_sitenote_category":0},"product_brand":[],"product_cat":[13829,12274],"product_tag":[],"class_list":{"0":"post-713072","1":"product","2":"type-product","3":"status-publish","5":"product_cat-bilimsel-kitaplar","6":"product_cat-cocuk-ve-genclik-kitaplari","7":"pa_cilt-ciltsiz","8":"pa_tur-kitap","9":"pa_yayinevi-ugurbocegi-yayinlari","10":"pa_yazar-tarik-uslu","12":"first","13":"instock","14":"sale","15":"shipping-taxable","16":"purchasable","17":"product-type-simple"},"_links":{"self":[{"href":"https:\/\/roveyayinevi.com.tr\/index.php\/wp-json\/wp\/v2\/product\/713072","targetHints":{"allow":["GET"]}}],"collection":[{"href":"https:\/\/roveyayinevi.com.tr\/index.php\/wp-json\/wp\/v2\/product"}],"about":[{"href":"https:\/\/roveyayinevi.com.tr\/index.php\/wp-json\/wp\/v2\/types\/product"}],"wp:attachment":[{"href":"https:\/\/roveyayinevi.com.tr\/index.php\/wp-json\/wp\/v2\/media?parent=713072"}],"wp:term":[{"taxonomy":"product_brand","embeddable":true,"href":"https:\/\/roveyayinevi.com.tr\/index.php\/wp-json\/wp\/v2\/product_brand?post=713072"},{"taxonomy":"product_cat","embeddable":true,"href":"https:\/\/roveyayinevi.com.tr\/index.php\/wp-json\/wp\/v2\/product_cat?post=713072"},{"taxonomy":"product_tag","embeddable":true,"href":"https:\/\/roveyayinevi.com.tr\/index.php\/wp-json\/wp\/v2\/product_tag?post=713072"}],"curies":[{"name":"wp","href":"https:\/\/api.w.org\/{rel}","templated":true}]}}